{"id":3394,"date":"2024-04-02T17:14:36","date_gmt":"2024-04-02T15:14:36","guid":{"rendered":"https:\/\/edi-service.partners\/as2\/"},"modified":"2026-03-05T14:03:29","modified_gmt":"2026-03-05T12:03:29","slug":"as2","status":"publish","type":"page","link":"https:\/\/edi-service.partners\/en\/as2\/","title":{"rendered":"AS2"},"content":{"rendered":"\n<h3 class=\"wp-block-heading has-small-plus-font-size\">Overview<\/h3>\n\n<p>AS2 represents a <strong>peer-to-peer transmission protocol for the secure exchange of business information<\/strong>, which is based on the MIME (Multipurpose Internet Mail Extensions) standards and uses the HTTP (Hypertext Transfer Protocol). The specifications of AS2 are described in detail in RFC 4130. <\/p>\n\n<h3 class=\"wp-block-heading has-small-plus-font-size\">The core features of AS2 include:<\/h3>\n\n<ul class=\"wp-block-list\">\n<li>Secure transfer of structured business data in various formats (e.g. XML, UN\/EDIFACT, ANSI X.12, CSV) via HTTP.<\/li>\n\n\n\n<li>Mutual exchange of messages\n<ul class=\"wp-block-list\">\n<li>Exchange of data by uploading to each other&#8217;s servers.<\/li>\n\n\n\n<li>Direct message processing without delays due to query times, immediately after receiving the file.<\/li>\n\n\n\n<li>Participants are always ready to receive data from a partner, which sets AS2 apart from conventional e-mail systems.<\/li>\n<\/ul>\n<\/li>\n\n\n\n<li>Use of the MIME standard for structuring the exchanged data.<\/li>\n\n\n\n<li>Ensuring the authenticity and encryption of data using S\/MIME, using private or public certificates.<\/li>\n\n\n\n<li>Generation of authenticated acknowledgements of receipt, known as &#8220;MDN&#8221; (Message Disposition Notification), in response to the original HTTP messages, whereby the sender receives confirmation of successful delivery. MDNs are only generated at the request of the sender. <\/li>\n<\/ul>\n\n<h3 class=\"wp-block-heading has-small-plus-font-size\">AS2 \/ EDIINT Parametersheet<\/h3>\n\n<figure class=\"wp-block-table\"><table><tbody><tr><td>Service<\/td><td>Customer Service Center: Austria <strong>\/<\/strong> Germany<br\/>Phone: +43 192101 -100 <strong>\/<\/strong> +49 800 283 68 61<br\/>E-Mail: <strong><a href=\"mailto:support@avenum.com\">support@avenum.com<\/a><\/strong> <strong>\/<\/strong> <strong><a href=\"mailto:hotline@avedium.com\">hotline@avedium.com<\/a><\/strong><\/td><\/tr><tr><td>Sender\/Reciever<br\/>IP<\/td><td>131.189.255.254<\/td><\/tr><tr><td>URL Test<\/td><td><strong>HTTPS\/SSL:<\/strong> https:\/\/as2.test.service.avenum.com\/v1<br\/>Port: 443<\/td><\/tr><tr><td>URL Production<\/td><td><strong>HTTPS\/SSL:<\/strong> https:\/\/as2.prod.service.avenum.com\/v1<br\/>Port: 443<\/td><\/tr><tr><td>Subject<\/td><td>any<\/td><\/tr><tr><td>AS2 ID<\/td><td>avenum.as2<\/td><\/tr><tr><td>MDN<\/td><td>synchronous<\/td><\/tr><tr><td>URL<\/td><td>See above<\/td><\/tr><tr><td>Timeout<\/td><td>600<\/td><\/tr><\/tbody><\/table><\/figure>\n\n<h3 class=\"wp-block-heading has-small-plus-font-size\">Certificates and public key<\/h3>\n\n<p class=\"has-small-font-size\">\u200bStandard AS2-Zertifikat: <a href=\"https:\/\/edi-service.partners\/wp-content\/uploads\/AS2.zip\">AS2<\/a><\/p>\n\n<div class=\"wp-block-lemmony-companion-accordion is-open\"><div class=\"lemmony-accordion-container\"><h2 class=\"lemmony-accordion-title\">Haupt-Datei Textform<\/h2><div class=\"lemmony-accordion-content\">\n<div style=\"font-family: Verdana, sans-serif; font-size: 20px; position: relative;\">\n\n  <!-- Button oben rechts -->\n  <button onclick=\"copyCertificate()\" style=\"position: absolute; top: 0; right: 0; font-family: Verdana, sans-serif; font-size: 16px; padding: 6px 12px; cursor: pointer;\">\n \ud83d\udccb Copy\n  <\/button>\n\n  <!-- Zertifikatstext -->\n  <pre id=\"certificate\" style=\"font-family: Verdana, sans-serif; font-size: 20px; white-space: pre-wrap; word-break: break-word; margin-top: 40px;\">\n-----BEGIN CERTIFICATE-----<br\/>MIIG5jCCBJqgAwIBAgIUFHw26QNKQ84NVfUiH06hUQKnlDwwQQYJKoZIhvcNAQEK<br\/>MDSgDzANBglghkgBZQMEAgEFAKEcMBoGCSqGSIb3DQEBCDANBglghkgBZQMEAgEF<br\/>AKIDAgEgMGoxNjA0BgNVBAMMLXByb2NpbG9uIEdST1VQIEN1c3RvbWVyIENBIC0g<br\/>QVMyIFNIQTI1NiAtIFBTUzEPMA0GA1UECwwGU3ViIENBMRIwEAYDVQQKDAlTUEkt<br\/>Q0xPVUQxCzAJBgNVBAYTAkRFMB4XDTI1MDMwNjExNTU0NFoXDTI4MDMwNTExNTU0<br\/>M1owXjEeMBwGA1UEAwwVYXMyLmF2ZW51bXNlcnZpY2UuY29tMSAwHgYDVQQKDBdB<br\/>dmVudW0gVGVjaG5vbG9naWUgR21iSDENMAsGA1UEBwwEV2llbjELMAkGA1UEBhMC<br\/>QVQwggIiMA0GCSqGSIb3DQEBAQUAA4ICDwAwggIKAoICAQDKPcT7fb19orxTTR2l<br\/>1oAhE80K2PNi0zC8PcA0v17SStz47\/9QwrrUY+7ITqqWsfZNKYGBlsluHXm\/8+qe<br\/>Ytqpzdl86iNoGS4UnEDztM4BpDa75awd5ku59uc5CIxN3dklPITTvUoFWoK3s5Hy<br\/>EHktY9cuVOqWH8v1oIlyt9OR35HSj7crEUMYvdHIiXUqxulwGM9QiZIS\/miM84LC<br\/>0KgKE+mcJaO6jZK6bFE+zqTUKEhtFmk6TfP3Msl7nQu75NXpx4pjKvjxGsD5bNiu<br\/>8hmyB2D7JpY56df7rqESPm9mc4IPlTXTqnr5Lr86mdmdP52bmHjdD3rS11ZImCBk<br\/>hyEu9Npk3y73mwdgFP\/2XJpRrW7wth4RUC91UBiE1El0STCW8EZZK0cK0HHIdP+4<br\/>bXpBxcVFc7FVmoC7geKBvzOBNK1FljSJM1C9+KVI2U6ZxEEJcxb5l2UNc6TMaNj6<br\/>zUZVhnZJtaIudURgjTUriKBu0wvQGGnWiGQsth+3ZPoN7a1JDYWaesxytgWFwqCG<br\/>5tNym0BuoVhLJYYelAngWADd9\/bcKRZJxo\/6vVYr8RoYh9T47ar8azTFgQOO1J8Y<br\/>k8V74b4nDyYVS0+B8d7Onhv3XxvpUDAFTF44otQ2Xe74twTQT2GIQz2kyhNiDxcY<br\/>DNb0D0fCxjj37HGh3G4Kd6KjuwIDAQABo4IBJjCCASIwDAYDVR0TAQH\/BAIwADAf<br\/>BgNVHSMEGDAWgBRqmaPo3pLTqj\/JJrQGFFxgiFn3qTBpBggrBgEFBQcBAQRdMFsw<br\/>KgYIKwYBBQUHMAKGHmh0dHBzOi8vcGtpLnByb3RlY3RyLmRlL2lzc3VlcjAtBggr<br\/>BgEFBQcwAYYhaHR0cDovL29jc3Auc3BpLWNsb3VkLmNvbS9zdGF0dXMvMFcGA1Ud<br\/>HwRQME4wTKBKoEiGRmh0dHA6Ly9wa2kuc3BpLWNsb3VkLmNvbS9jcmwvcHJvY2ls<br\/>b25fR1JPVVBfQ3VzdG9tZXJfQ0FfQVMyX1NIQTI1Nl9QU1MwHQYDVR0OBBYEFNCu<br\/>Nkg3+hCF7s9JhgDQQ8xf3Jx4MA4GA1UdDwEB\/wQEAwIEsDBBBgkqhkiG9w0BAQow<br\/>NKAPMA0GCWCGSAFlAwQCAQUAoRwwGgYJKoZIhvcNAQEIMA0GCWCGSAFlAwQCAQUA<br\/>ogMCASADggIBAKcIonB5ONPTvzA8P92LFdS51p3r7MMOg7pwdjZfMzSlsoQ2GgIf<br\/>PKIcoMkkhZFMqHFR71gBXZZ5UM6JnO8ljvBG34SrI3l8THWqJjTmj\/CGD8GKyvsj<br\/>G5\/DAz1WTGPgYefaV3y0KofZvpatKb\/OgcuezLDADFoiirgG837f80QY7fUavFM\/<br\/>9\/yN314F0GYTz\/wGP6P8OuUDUYXDkyYe+vbTyWRmb5KCkJhdhVuRWwPoYUNEi7fB<br\/>nUts6PT0kMwiUQKL5XehtifAy9LCsVxG+eMhnMGNtKiQHq41vLBZ6UDv6Ka2tTPy<br\/>ZtuDzn\/gZhhHXJNvId7Br7CLM4ZO3kwdm1FUuwBqlXbN7f+SRe0TCYCkx28rO8Ma<br\/>Srzkxnvy4nYq14bUmgtx25mpERJV+Dna7FBmd1Y543IRV5PnCLmnoNPu35XB9dl0<br\/>Y2IOW0oiYNaYySRJZKMt4d3tAWAfV2ebMZ251PKW9h2e2iwUcCSLWY2QMXtOXrCa<br\/>srlRZwnhzas4FdX7XLbM0gzu4tDCDhmoib3+Hmxva+IUKSbx2FF9Zt8XPHyRq0cS<br\/>JKj4IhDXhFn6569XQW9fZ9hkH0szNUHPvAg8OKy2IJO8V2KXy\/lnRAUvSzBY3vhQ<br\/>i463b6CQaIvu0JqksYtlI9GrFemcEdXFBhed1k4du3emWzMIJh07mv\/Y<br\/>-----END CERTIFICATE-----\n  <\/pre>\n<\/div>\n\n<script>\nfunction copyCertificate() {\n    const certText = document.getElementById(\"certificate\").innerText;\n    navigator.clipboard.writeText(certText).then(() => {\n        alert(\"Zertifikat wurde kopiert!\");\n    }).catch(err => {\n        alert(\"Fehler beim Kopieren: \" + err);\n    });\n}\n<\/script>\n<\/div><\/div><div class=\"lemmony-accordion-icon\"><\/div><\/div>\n","protected":false},"excerpt":{"rendered":"<p>Overview AS2 represents a peer-to-peer transmission protocol for the secure exchange of business information, which is based on the MIME (Multipurpose Internet Mail Extensions) standards and uses the HTTP (Hypertext Transfer Protocol). The specifications of AS2 are described in detail in RFC 4130. The core features of AS2 include: AS2 \/ EDIINT Parametersheet Service Customer [&hellip;]<\/p>\n","protected":false},"author":3,"featured_media":0,"parent":0,"menu_order":0,"comment_status":"closed","ping_status":"closed","template":"","meta":{"inline_featured_image":false,"slim_seo":{"title":"AS2","description":"AS2 repr\u00e4sentiert ein Peer-to-Peer-\u00dcbertragungsprotokoll f\u00fcr den sicheren Austausch von Gesch\u00e4ftsinformationen - Zertifikate und Public Key."},"footnotes":""},"folder":[9],"class_list":["post-3394","page","type-page","status-publish","hentry"],"yoast_head":"<!-- This site is optimized with the Yoast SEO plugin v27.4 - https:\/\/yoast.com\/product\/yoast-seo-wordpress\/ -->\n<title>AS2 - EDI Service Partners<\/title>\n<meta name=\"description\" content=\"AS2 represents a peer-to-peer transmission protocol for the secure exchange of business information - certificates and public keys.\" \/>\n<meta name=\"robots\" content=\"index, follow, max-snippet:-1, max-image-preview:large, max-video-preview:-1\" \/>\n<link rel=\"canonical\" href=\"https:\/\/edi-service.partners\/en\/as2\/\" \/>\n<meta property=\"og:locale\" content=\"en_US\" \/>\n<meta property=\"og:type\" content=\"article\" \/>\n<meta property=\"og:title\" content=\"AS2 - EDI Service Partners\" \/>\n<meta property=\"og:description\" content=\"AS2 represents a peer-to-peer transmission protocol for the secure exchange of business information - certificates and public keys.\" \/>\n<meta property=\"og:url\" content=\"https:\/\/edi-service.partners\/en\/as2\/\" \/>\n<meta property=\"og:site_name\" content=\"EDI Service Partners\" \/>\n<meta property=\"article:publisher\" content=\"https:\/\/www.facebook.com\/ediservicepartners\" \/>\n<meta property=\"article:modified_time\" content=\"2026-03-05T12:03:29+00:00\" \/>\n<meta name=\"twitter:card\" content=\"summary_large_image\" \/>\n<meta name=\"twitter:label1\" content=\"Est. reading time\" \/>\n\t<meta name=\"twitter:data1\" content=\"3 minutes\" \/>\n<script type=\"application\/ld+json\" class=\"yoast-schema-graph\">{\"@context\":\"https:\\\/\\\/schema.org\",\"@graph\":[{\"@type\":\"WebPage\",\"@id\":\"https:\\\/\\\/edi-service.partners\\\/en\\\/as2\\\/\",\"url\":\"https:\\\/\\\/edi-service.partners\\\/en\\\/as2\\\/\",\"name\":\"AS2 - EDI Service Partners\",\"isPartOf\":{\"@id\":\"https:\\\/\\\/edi-service.partners\\\/en\\\/#website\"},\"datePublished\":\"2024-04-02T15:14:36+00:00\",\"dateModified\":\"2026-03-05T12:03:29+00:00\",\"description\":\"AS2 represents a peer-to-peer transmission protocol for the secure exchange of business information - certificates and public keys.\",\"breadcrumb\":{\"@id\":\"https:\\\/\\\/edi-service.partners\\\/en\\\/as2\\\/#breadcrumb\"},\"inLanguage\":\"en-US\",\"potentialAction\":[{\"@type\":\"ReadAction\",\"target\":[\"https:\\\/\\\/edi-service.partners\\\/en\\\/as2\\\/\"]}]},{\"@type\":\"BreadcrumbList\",\"@id\":\"https:\\\/\\\/edi-service.partners\\\/en\\\/as2\\\/#breadcrumb\",\"itemListElement\":[{\"@type\":\"ListItem\",\"position\":1,\"name\":\"Home\",\"item\":\"https:\\\/\\\/edi-service.partners\\\/en\\\/\"},{\"@type\":\"ListItem\",\"position\":2,\"name\":\"AS2\"}]},{\"@type\":\"WebSite\",\"@id\":\"https:\\\/\\\/edi-service.partners\\\/en\\\/#website\",\"url\":\"https:\\\/\\\/edi-service.partners\\\/en\\\/\",\"name\":\"EDI Service Partners\",\"description\":\"Your partners for EDI solutions\",\"publisher\":{\"@id\":\"https:\\\/\\\/edi-service.partners\\\/en\\\/#organization\"},\"potentialAction\":[{\"@type\":\"SearchAction\",\"target\":{\"@type\":\"EntryPoint\",\"urlTemplate\":\"https:\\\/\\\/edi-service.partners\\\/en\\\/?s={search_term_string}\"},\"query-input\":{\"@type\":\"PropertyValueSpecification\",\"valueRequired\":true,\"valueName\":\"search_term_string\"}}],\"inLanguage\":\"en-US\"},{\"@type\":\"Organization\",\"@id\":\"https:\\\/\\\/edi-service.partners\\\/en\\\/#organization\",\"name\":\"Avenum Technologie GmbH and Avedium Technologie GmbH\",\"url\":\"https:\\\/\\\/edi-service.partners\\\/en\\\/\",\"logo\":{\"@type\":\"ImageObject\",\"inLanguage\":\"en-US\",\"@id\":\"https:\\\/\\\/edi-service.partners\\\/en\\\/#\\\/schema\\\/logo\\\/image\\\/\",\"url\":\"https:\\\/\\\/edi-service.partners\\\/wp-content\\\/uploads\\\/2023\\\/05\\\/edi-service.png\",\"contentUrl\":\"https:\\\/\\\/edi-service.partners\\\/wp-content\\\/uploads\\\/2023\\\/05\\\/edi-service.png\",\"width\":1580,\"height\":250,\"caption\":\"Avenum Technologie GmbH and Avedium Technologie GmbH\"},\"image\":{\"@id\":\"https:\\\/\\\/edi-service.partners\\\/en\\\/#\\\/schema\\\/logo\\\/image\\\/\"},\"sameAs\":[\"https:\\\/\\\/www.facebook.com\\\/ediservicepartners\",\"https:\\\/\\\/www.linkedin.com\\\/company\\\/ediservice\"]}]}<\/script>\n<!-- \/ Yoast SEO plugin. -->","yoast_head_json":{"title":"AS2 - EDI Service Partners","description":"AS2 represents a peer-to-peer transmission protocol for the secure exchange of business information - certificates and public keys.","robots":{"index":"index","follow":"follow","max-snippet":"max-snippet:-1","max-image-preview":"max-image-preview:large","max-video-preview":"max-video-preview:-1"},"canonical":"https:\/\/edi-service.partners\/en\/as2\/","og_locale":"en_US","og_type":"article","og_title":"AS2 - EDI Service Partners","og_description":"AS2 represents a peer-to-peer transmission protocol for the secure exchange of business information - certificates and public keys.","og_url":"https:\/\/edi-service.partners\/en\/as2\/","og_site_name":"EDI Service Partners","article_publisher":"https:\/\/www.facebook.com\/ediservicepartners","article_modified_time":"2026-03-05T12:03:29+00:00","twitter_card":"summary_large_image","twitter_misc":{"Est. reading time":"3 minutes"},"schema":{"@context":"https:\/\/schema.org","@graph":[{"@type":"WebPage","@id":"https:\/\/edi-service.partners\/en\/as2\/","url":"https:\/\/edi-service.partners\/en\/as2\/","name":"AS2 - EDI Service Partners","isPartOf":{"@id":"https:\/\/edi-service.partners\/en\/#website"},"datePublished":"2024-04-02T15:14:36+00:00","dateModified":"2026-03-05T12:03:29+00:00","description":"AS2 represents a peer-to-peer transmission protocol for the secure exchange of business information - certificates and public keys.","breadcrumb":{"@id":"https:\/\/edi-service.partners\/en\/as2\/#breadcrumb"},"inLanguage":"en-US","potentialAction":[{"@type":"ReadAction","target":["https:\/\/edi-service.partners\/en\/as2\/"]}]},{"@type":"BreadcrumbList","@id":"https:\/\/edi-service.partners\/en\/as2\/#breadcrumb","itemListElement":[{"@type":"ListItem","position":1,"name":"Home","item":"https:\/\/edi-service.partners\/en\/"},{"@type":"ListItem","position":2,"name":"AS2"}]},{"@type":"WebSite","@id":"https:\/\/edi-service.partners\/en\/#website","url":"https:\/\/edi-service.partners\/en\/","name":"EDI Service Partners","description":"Your partners for EDI solutions","publisher":{"@id":"https:\/\/edi-service.partners\/en\/#organization"},"potentialAction":[{"@type":"SearchAction","target":{"@type":"EntryPoint","urlTemplate":"https:\/\/edi-service.partners\/en\/?s={search_term_string}"},"query-input":{"@type":"PropertyValueSpecification","valueRequired":true,"valueName":"search_term_string"}}],"inLanguage":"en-US"},{"@type":"Organization","@id":"https:\/\/edi-service.partners\/en\/#organization","name":"Avenum Technologie GmbH and Avedium Technologie GmbH","url":"https:\/\/edi-service.partners\/en\/","logo":{"@type":"ImageObject","inLanguage":"en-US","@id":"https:\/\/edi-service.partners\/en\/#\/schema\/logo\/image\/","url":"https:\/\/edi-service.partners\/wp-content\/uploads\/2023\/05\/edi-service.png","contentUrl":"https:\/\/edi-service.partners\/wp-content\/uploads\/2023\/05\/edi-service.png","width":1580,"height":250,"caption":"Avenum Technologie GmbH and Avedium Technologie GmbH"},"image":{"@id":"https:\/\/edi-service.partners\/en\/#\/schema\/logo\/image\/"},"sameAs":["https:\/\/www.facebook.com\/ediservicepartners","https:\/\/www.linkedin.com\/company\/ediservice"]}]}},"_links":{"self":[{"href":"https:\/\/edi-service.partners\/en\/wp-json\/wp\/v2\/pages\/3394","targetHints":{"allow":["GET"]}}],"collection":[{"href":"https:\/\/edi-service.partners\/en\/wp-json\/wp\/v2\/pages"}],"about":[{"href":"https:\/\/edi-service.partners\/en\/wp-json\/wp\/v2\/types\/page"}],"author":[{"embeddable":true,"href":"https:\/\/edi-service.partners\/en\/wp-json\/wp\/v2\/users\/3"}],"replies":[{"embeddable":true,"href":"https:\/\/edi-service.partners\/en\/wp-json\/wp\/v2\/comments?post=3394"}],"version-history":[{"count":11,"href":"https:\/\/edi-service.partners\/en\/wp-json\/wp\/v2\/pages\/3394\/revisions"}],"predecessor-version":[{"id":6746,"href":"https:\/\/edi-service.partners\/en\/wp-json\/wp\/v2\/pages\/3394\/revisions\/6746"}],"wp:attachment":[{"href":"https:\/\/edi-service.partners\/en\/wp-json\/wp\/v2\/media?parent=3394"}],"wp:term":[{"taxonomy":"folder","embeddable":true,"href":"https:\/\/edi-service.partners\/en\/wp-json\/wp\/v2\/folder?post=3394"}],"curies":[{"name":"wp","href":"https:\/\/api.w.org\/{rel}","templated":true}]}}