{"id":4476,"date":"2023-06-05T13:00:14","date_gmt":"2023-06-05T11:00:14","guid":{"rendered":"https:\/\/edi-service.partners\/fatturazione-elettronica\/"},"modified":"2025-10-03T16:29:46","modified_gmt":"2025-10-03T14:29:46","slug":"fatturazione-elettronica","status":"publish","type":"page","link":"https:\/\/edi-service.partners\/it\/fatturazione-elettronica\/","title":{"rendered":"Fatturazione elettronica"},"content":{"rendered":"\n<div class=\"wp-block-group is-layout-flow wp-block-group-is-layout-flow\">\n<p><strong><strong>Otteniamo di pi\u00f9 dalle Sue fatture, proprio come serve a Lei e ai Suoi partner commerciali.<\/strong><\/strong><\/p>\n\n\n\n<h3 class=\"wp-block-heading has-primary-color has-text-color\">EDIFACT INVOIC<\/h3>\n\n\n\n<p>Le grandi catene di vendita al dettaglio del settore alimentare e non alimentare le utilizzano da decenni e hanno cos\u00ec compiuto un passo importante verso la digitalizzazione: la fattura elettronica. Questo comporta \u2013 e garantisce \u2013 enormi risparmi di tempo e di costi. Noi di Avedium ci siamo mossi per tempo e abbiamo implementato con successo EDIFACT INVOIC nell\u2019area EANCOM, insieme ad altri standard EDIFACT, per i nostri clienti fin dall\u2019inizio degli anni Novanta.<\/p>\n\n\n\n<p>Lo scambio elettronico di dati commerciali \u00e8 da tempo utilizzato nel settore automobilistico, dove la procedura della nota di credito e della fattura \u00e8 stata integrata negli standard VDA o EDIFACT.<\/p>\n\n\n\n<p>Se in origine l\u2019automazione dei processi aziendali e la digitalizzazione erano rivolte esclusivamente al settore B2B, oggi stanno assumendo un ruolo sempre pi\u00f9 centrale anche nel settore B2G (Business to Government), come parte dell\u2019evoluzione dei processi aziendali e dell\u2019integrazione di partnership strategiche.<\/p>\n<\/div>\n\n\n\n<hr class=\"wp-block-separator has-alpha-channel-opacity is-style-wide\"\/>\n\n\n\n<div class=\"wp-block-group is-layout-flow wp-block-group-is-layout-flow\">\n<h3 class=\"wp-block-heading has-primary-color has-text-color\">XRechnung \/ XInvoice<\/h3>\n\n\n\n<p>Da novembre 2018, tutte le autorit\u00e0 federali tedesche devono accettare ed elaborare le XRechnungen, ossia fatture uniformi e tecnicamente standardizzate. Nel novembre 2019, tutte le altre amministrazioni pubbliche hanno seguito l\u2019esempio. Per Lei, in qualit\u00e0 di appaltatore della pubblica amministrazione, le cose si sono fatte serie a partire dal 27 novembre 2020, poich\u00e9 da quel momento in poi le fatture cartacee non sono pi\u00f9 consentite.<\/p>\n\n\n\n<p>Le fatture XRechnung possono essere inviate agli enti pubblici tramite e-mail, demail o EGVP, ma questo comporta un maggior lavoro per il destinatario, per cui \u00e8 consigliato solo se invia fatture XRechnung di rado.<\/p>\n\n\n\n<p>Se lo fa regolarmente, deve lavorare con protocolli di trasmissione speciali, solitamente PEPPOL in Europa.<\/p>\n\n\n\n<p>Siamo lieti di offrirLe soluzioni a questo proposito.<\/p>\n<\/div>\n\n\n\n<hr class=\"wp-block-separator has-alpha-channel-opacity is-style-wide\"\/>\n\n\n\n<div class=\"wp-block-group is-layout-flow wp-block-group-is-layout-flow\">\n<h3 class=\"wp-block-heading has-primary-color has-text-color\">ZUGFeRD<\/h3>\n\n\n\n<p>Vuole essere in grado di ricevere e inviare le Sue fatture elettroniche con la stessa facilit\u00e0 di quelle cartacee? Vuole che le Sue fatture possano essere scambiate elettronicamente senza che Lei e i Suoi partner dobbiate concordare in anticipo i formati?<\/p>\n\n\n\n<p>Se ha risposto affermativamente a queste domande, allora ZUGFeRD, il formato dati standardizzato per le fatture elettroniche, fa al caso Suo. Infatti, ZUGFeRD consente ai Suoi file PDF di contenere un flusso di dati strutturato per la gestione della merce, ma il suo utilizzo \u00e8 facoltativo; se non \u00e8 necessario, pu\u00f2 semplicemente avere la Sua fattura in formato PDF.<\/p>\n\n\n\n<p>Siamo lieti di offrirLe questa soluzione come parte del nostro servizio, consentendoLe di risparmiare notevolmente sui Suoi processi di fatturazione. Possiamo anche supportarLa con la versione 2.0 di ZUGFeRD.<\/p>\n\n\n\n<p>Con oltre 1000 clienti, siamo il Suo partner competente. \u00c8 curioso di saperne di pi\u00f9?<\/p>\n<\/div>\n\n\n\n<hr class=\"wp-block-separator has-alpha-channel-opacity is-style-wide\"\/>\n\n\n\n<div class=\"wp-block-group is-layout-flow wp-block-group-is-layout-flow\">\n<h3 class=\"wp-block-heading has-primary-color has-text-color\">Soluzioni per la fatturazione elettronica<\/h3>\n\n\n\n<div class=\"wp-block-columns is-layout-flex wp-container-core-columns-is-layout-28f84493 wp-block-columns-is-layout-flex\">\n<div class=\"wp-block-column is-layout-flow wp-block-column-is-layout-flow\">\n<p><strong>ZUGFeRD<\/strong><br>Germania<\/p>\n<\/div>\n\n\n\n<div class=\"wp-block-column is-layout-flow wp-block-column-is-layout-flow\">\n<p><strong>EHF<\/strong><br>Norvegia<\/p>\n<\/div>\n\n\n\n<div class=\"wp-block-column is-layout-flow wp-block-column-is-layout-flow\">\n<p><strong>FatturaPA<\/strong><br>Italia<\/p>\n<\/div>\n<\/div>\n\n\n\n<div class=\"wp-block-columns is-layout-flex wp-container-core-columns-is-layout-28f84493 wp-block-columns-is-layout-flex\">\n<div class=\"wp-block-column is-layout-flow wp-block-column-is-layout-flow\">\n<p><strong>Svefaktura<\/strong><br>Svezia<\/p>\n<\/div>\n\n\n\n<div class=\"wp-block-column is-layout-flow wp-block-column-is-layout-flow\">\n<p><strong>OIOUBL<\/strong><br>Danimarca<\/p>\n<\/div>\n\n\n\n<div class=\"wp-block-column is-layout-flow wp-block-column-is-layout-flow\">\n<p><strong>PEPPOL<\/strong><br>Europa<\/p>\n<\/div>\n<\/div>\n\n\n\n<div class=\"wp-block-columns is-layout-flex wp-container-core-columns-is-layout-28f84493 wp-block-columns-is-layout-flex\">\n<div class=\"wp-block-column is-layout-flow wp-block-column-is-layout-flow\">\n<p><strong>BIS<\/strong><br>Europa<\/p>\n<\/div>\n\n\n\n<div class=\"wp-block-column is-layout-flow wp-block-column-is-layout-flow\">\n<p><strong>OIOXML<\/strong><br>Danimarca<\/p>\n<\/div>\n\n\n\n<div class=\"wp-block-column is-layout-flow wp-block-column-is-layout-flow\">\n<p><strong>NF-e<\/strong><br>Brasile<\/p>\n<\/div>\n<\/div>\n\n\n\n<div class=\"wp-block-columns is-layout-flex wp-container-core-columns-is-layout-28f84493 wp-block-columns-is-layout-flex\">\n<div class=\"wp-block-column is-layout-flow wp-block-column-is-layout-flow\">\n<p><strong>One Voice<\/strong><br>Finlandia<\/p>\n<\/div>\n\n\n\n<div class=\"wp-block-column is-layout-flow wp-block-column-is-layout-flow\">\n<p><strong>Facturae 3.2.1<\/strong><br>Spagna<\/p>\n<\/div>\n\n\n\n<div class=\"wp-block-column is-layout-flow wp-block-column-is-layout-flow\">\n<p><strong>SAF-T<\/strong><br>International<\/p>\n<\/div>\n<\/div>\n\n\n\n<div class=\"wp-block-columns is-layout-flex wp-container-core-columns-is-layout-28f84493 wp-block-columns-is-layout-flex\">\n<div class=\"wp-block-column is-layout-flow wp-block-column-is-layout-flow\">\n<p><strong>XInvoice<\/strong><br>Germania<\/p>\n<\/div>\n\n\n\n<div class=\"wp-block-column is-layout-flow wp-block-column-is-layout-flow\">\n<p><\/p>\n<\/div>\n\n\n\n<div class=\"wp-block-column is-layout-flow wp-block-column-is-layout-flow\">\n<p><\/p>\n<\/div>\n<\/div>\n<\/div>\n\n\n\n<hr class=\"wp-block-separator has-alpha-channel-opacity is-style-wide\"\/>\n\n\n\n<div class=\"wp-block-group is-layout-flow wp-block-group-is-layout-flow\">\n<h3 class=\"wp-block-heading has-primary-color has-text-color\"><strong>Il Suo potenziale di risparmio<\/strong><\/h3>\n\n\n\n<ul class=\"wp-block-list\">\n<li>Bassi costi di archiviazione<\/li>\n\n\n\n<li>Ricezione pi\u00f9 rapida del pagamento <\/li>\n\n\n\n<li>Riduzione dei costi di sollecito <\/li>\n\n\n\n<li>Nessun costo di stampa e spedizione <\/li>\n\n\n\n<li>Migliore gestione della liquidit\u00e0 <\/li>\n\n\n\n<li>Ingresso veloce <\/li>\n\n\n\n<li>Nessuna registrazione e assegnazione automatica del conto <\/li>\n\n\n\n<li>Sincronizzazione dei dati di riferimento da parte del sistema <\/li>\n\n\n\n<li>Dichiarazione di eccezioni <\/li>\n\n\n\n<li>Massimizzare lo sconto in contanti<\/li>\n<\/ul>\n\n\n\n<p>Vuole approfittare di questi vantaggi?<\/p>\n<\/div>\n","protected":false},"excerpt":{"rendered":"<p>Otteniamo di pi\u00f9 dalle Sue fatture, proprio come serve a Lei e ai Suoi partner commerciali. EDIFACT INVOIC Le grandi catene di vendita al dettaglio del settore alimentare e non alimentare le utilizzano da decenni e hanno cos\u00ec compiuto un passo importante verso la digitalizzazione: la fattura elettronica. Questo comporta \u2013 e garantisce \u2013 enormi [&hellip;]<\/p>\n","protected":false},"author":1,"featured_media":4477,"parent":0,"menu_order":0,"comment_status":"closed","ping_status":"closed","template":"ziel","meta":{"inline_featured_image":false,"slim_seo":{"title":"Fatturazione elettronica","description":"Implementare in modo efficiente gli obblighi di fatturazione elettronica in diversi paesi e beneficiare del potenziale di risparmio dei EDI Service."},"footnotes":""},"folder":[8],"class_list":["post-4476","page","type-page","status-publish","has-post-thumbnail","hentry"],"yoast_head":"<!-- This site is optimized with the Yoast SEO plugin v27.3 - https:\/\/yoast.com\/product\/yoast-seo-wordpress\/ -->\n<title>Fatturazione elettronica - EDI Service Partners<\/title>\n<meta name=\"description\" content=\"Implementare in modo efficiente gli obblighi di fatturazione elettronica in diversi paesi e beneficiare del potenziale di risparmio dei EDI Service.\" \/>\n<meta name=\"robots\" content=\"index, follow, max-snippet:-1, max-image-preview:large, max-video-preview:-1\" \/>\n<link rel=\"canonical\" href=\"https:\/\/edi-service.partners\/it\/fatturazione-elettronica\/\" \/>\n<meta property=\"og:locale\" content=\"it_IT\" \/>\n<meta property=\"og:type\" content=\"article\" \/>\n<meta property=\"og:title\" content=\"Fatturazione elettronica - EDI Service Partners\" \/>\n<meta property=\"og:description\" content=\"Implementare in modo efficiente gli obblighi di fatturazione elettronica in diversi paesi e beneficiare del potenziale di risparmio dei EDI Service.\" \/>\n<meta property=\"og:url\" content=\"https:\/\/edi-service.partners\/it\/fatturazione-elettronica\/\" \/>\n<meta property=\"og:site_name\" content=\"EDI Service Partners\" \/>\n<meta property=\"article:publisher\" content=\"https:\/\/www.facebook.com\/ediservicepartners\" \/>\n<meta property=\"article:modified_time\" content=\"2025-10-03T14:29:46+00:00\" \/>\n<meta property=\"og:image\" content=\"https:\/\/edi-service.partners\/wp-content\/uploads\/2023\/06\/image1-scaled.jpeg\" \/>\n\t<meta property=\"og:image:width\" content=\"2560\" \/>\n\t<meta property=\"og:image:height\" content=\"1709\" \/>\n\t<meta property=\"og:image:type\" content=\"image\/jpeg\" \/>\n<meta name=\"twitter:card\" content=\"summary_large_image\" \/>\n<meta name=\"twitter:label1\" content=\"Tempo di lettura stimato\" \/>\n\t<meta name=\"twitter:data1\" content=\"4 minuti\" \/>\n<script type=\"application\/ld+json\" class=\"yoast-schema-graph\">{\"@context\":\"https:\\\/\\\/schema.org\",\"@graph\":[{\"@type\":\"WebPage\",\"@id\":\"https:\\\/\\\/edi-service.partners\\\/it\\\/fatturazione-elettronica\\\/\",\"url\":\"https:\\\/\\\/edi-service.partners\\\/it\\\/fatturazione-elettronica\\\/\",\"name\":\"Fatturazione elettronica - EDI Service Partners\",\"isPartOf\":{\"@id\":\"https:\\\/\\\/edi-service.partners\\\/it\\\/#website\"},\"primaryImageOfPage\":{\"@id\":\"https:\\\/\\\/edi-service.partners\\\/it\\\/fatturazione-elettronica\\\/#primaryimage\"},\"image\":{\"@id\":\"https:\\\/\\\/edi-service.partners\\\/it\\\/fatturazione-elettronica\\\/#primaryimage\"},\"thumbnailUrl\":\"https:\\\/\\\/edi-service.partners\\\/wp-content\\\/uploads\\\/2023\\\/06\\\/image1-scaled.jpeg\",\"datePublished\":\"2023-06-05T11:00:14+00:00\",\"dateModified\":\"2025-10-03T14:29:46+00:00\",\"description\":\"Implementare in modo efficiente gli obblighi di fatturazione elettronica in diversi paesi e beneficiare del potenziale di risparmio dei EDI Service.\",\"breadcrumb\":{\"@id\":\"https:\\\/\\\/edi-service.partners\\\/it\\\/fatturazione-elettronica\\\/#breadcrumb\"},\"inLanguage\":\"it-IT\",\"potentialAction\":[{\"@type\":\"ReadAction\",\"target\":[\"https:\\\/\\\/edi-service.partners\\\/it\\\/fatturazione-elettronica\\\/\"]}]},{\"@type\":\"ImageObject\",\"inLanguage\":\"it-IT\",\"@id\":\"https:\\\/\\\/edi-service.partners\\\/it\\\/fatturazione-elettronica\\\/#primaryimage\",\"url\":\"https:\\\/\\\/edi-service.partners\\\/wp-content\\\/uploads\\\/2023\\\/06\\\/image1-scaled.jpeg\",\"contentUrl\":\"https:\\\/\\\/edi-service.partners\\\/wp-content\\\/uploads\\\/2023\\\/06\\\/image1-scaled.jpeg\",\"width\":2560,\"height\":1709},{\"@type\":\"BreadcrumbList\",\"@id\":\"https:\\\/\\\/edi-service.partners\\\/it\\\/fatturazione-elettronica\\\/#breadcrumb\",\"itemListElement\":[{\"@type\":\"ListItem\",\"position\":1,\"name\":\"Startseite\",\"item\":\"https:\\\/\\\/edi-service.partners\\\/it\\\/\"},{\"@type\":\"ListItem\",\"position\":2,\"name\":\"Fatturazione elettronica\"}]},{\"@type\":\"WebSite\",\"@id\":\"https:\\\/\\\/edi-service.partners\\\/it\\\/#website\",\"url\":\"https:\\\/\\\/edi-service.partners\\\/it\\\/\",\"name\":\"EDI Service Partners\",\"description\":\"Ihre Partner f\u00fcr EDI-L\u00f6sungen\",\"publisher\":{\"@id\":\"https:\\\/\\\/edi-service.partners\\\/it\\\/#organization\"},\"potentialAction\":[{\"@type\":\"SearchAction\",\"target\":{\"@type\":\"EntryPoint\",\"urlTemplate\":\"https:\\\/\\\/edi-service.partners\\\/it\\\/?s={search_term_string}\"},\"query-input\":{\"@type\":\"PropertyValueSpecification\",\"valueRequired\":true,\"valueName\":\"search_term_string\"}}],\"inLanguage\":\"it-IT\"},{\"@type\":\"Organization\",\"@id\":\"https:\\\/\\\/edi-service.partners\\\/it\\\/#organization\",\"name\":\"Avenum Technologie GmbH und Avedium Technologie GmbH\",\"url\":\"https:\\\/\\\/edi-service.partners\\\/it\\\/\",\"logo\":{\"@type\":\"ImageObject\",\"inLanguage\":\"it-IT\",\"@id\":\"https:\\\/\\\/edi-service.partners\\\/it\\\/#\\\/schema\\\/logo\\\/image\\\/\",\"url\":\"https:\\\/\\\/edi-service.partners\\\/wp-content\\\/uploads\\\/2023\\\/05\\\/edi-service.png\",\"contentUrl\":\"https:\\\/\\\/edi-service.partners\\\/wp-content\\\/uploads\\\/2023\\\/05\\\/edi-service.png\",\"width\":1580,\"height\":250,\"caption\":\"Avenum Technologie GmbH und Avedium Technologie GmbH\"},\"image\":{\"@id\":\"https:\\\/\\\/edi-service.partners\\\/it\\\/#\\\/schema\\\/logo\\\/image\\\/\"},\"sameAs\":[\"https:\\\/\\\/www.facebook.com\\\/ediservicepartners\",\"https:\\\/\\\/www.linkedin.com\\\/company\\\/ediservice\"]}]}<\/script>\n<!-- \/ Yoast SEO plugin. -->","yoast_head_json":{"title":"Fatturazione elettronica - EDI Service Partners","description":"Implementare in modo efficiente gli obblighi di fatturazione elettronica in diversi paesi e beneficiare del potenziale di risparmio dei EDI Service.","robots":{"index":"index","follow":"follow","max-snippet":"max-snippet:-1","max-image-preview":"max-image-preview:large","max-video-preview":"max-video-preview:-1"},"canonical":"https:\/\/edi-service.partners\/it\/fatturazione-elettronica\/","og_locale":"it_IT","og_type":"article","og_title":"Fatturazione elettronica - EDI Service Partners","og_description":"Implementare in modo efficiente gli obblighi di fatturazione elettronica in diversi paesi e beneficiare del potenziale di risparmio dei EDI Service.","og_url":"https:\/\/edi-service.partners\/it\/fatturazione-elettronica\/","og_site_name":"EDI Service Partners","article_publisher":"https:\/\/www.facebook.com\/ediservicepartners","article_modified_time":"2025-10-03T14:29:46+00:00","og_image":[{"width":2560,"height":1709,"url":"https:\/\/edi-service.partners\/wp-content\/uploads\/2023\/06\/image1-scaled.jpeg","type":"image\/jpeg"}],"twitter_card":"summary_large_image","twitter_misc":{"Tempo di lettura stimato":"4 minuti"},"schema":{"@context":"https:\/\/schema.org","@graph":[{"@type":"WebPage","@id":"https:\/\/edi-service.partners\/it\/fatturazione-elettronica\/","url":"https:\/\/edi-service.partners\/it\/fatturazione-elettronica\/","name":"Fatturazione elettronica - EDI Service Partners","isPartOf":{"@id":"https:\/\/edi-service.partners\/it\/#website"},"primaryImageOfPage":{"@id":"https:\/\/edi-service.partners\/it\/fatturazione-elettronica\/#primaryimage"},"image":{"@id":"https:\/\/edi-service.partners\/it\/fatturazione-elettronica\/#primaryimage"},"thumbnailUrl":"https:\/\/edi-service.partners\/wp-content\/uploads\/2023\/06\/image1-scaled.jpeg","datePublished":"2023-06-05T11:00:14+00:00","dateModified":"2025-10-03T14:29:46+00:00","description":"Implementare in modo efficiente gli obblighi di fatturazione elettronica in diversi paesi e beneficiare del potenziale di risparmio dei EDI Service.","breadcrumb":{"@id":"https:\/\/edi-service.partners\/it\/fatturazione-elettronica\/#breadcrumb"},"inLanguage":"it-IT","potentialAction":[{"@type":"ReadAction","target":["https:\/\/edi-service.partners\/it\/fatturazione-elettronica\/"]}]},{"@type":"ImageObject","inLanguage":"it-IT","@id":"https:\/\/edi-service.partners\/it\/fatturazione-elettronica\/#primaryimage","url":"https:\/\/edi-service.partners\/wp-content\/uploads\/2023\/06\/image1-scaled.jpeg","contentUrl":"https:\/\/edi-service.partners\/wp-content\/uploads\/2023\/06\/image1-scaled.jpeg","width":2560,"height":1709},{"@type":"BreadcrumbList","@id":"https:\/\/edi-service.partners\/it\/fatturazione-elettronica\/#breadcrumb","itemListElement":[{"@type":"ListItem","position":1,"name":"Startseite","item":"https:\/\/edi-service.partners\/it\/"},{"@type":"ListItem","position":2,"name":"Fatturazione elettronica"}]},{"@type":"WebSite","@id":"https:\/\/edi-service.partners\/it\/#website","url":"https:\/\/edi-service.partners\/it\/","name":"EDI Service Partners","description":"Ihre Partner f\u00fcr EDI-L\u00f6sungen","publisher":{"@id":"https:\/\/edi-service.partners\/it\/#organization"},"potentialAction":[{"@type":"SearchAction","target":{"@type":"EntryPoint","urlTemplate":"https:\/\/edi-service.partners\/it\/?s={search_term_string}"},"query-input":{"@type":"PropertyValueSpecification","valueRequired":true,"valueName":"search_term_string"}}],"inLanguage":"it-IT"},{"@type":"Organization","@id":"https:\/\/edi-service.partners\/it\/#organization","name":"Avenum Technologie GmbH und Avedium Technologie GmbH","url":"https:\/\/edi-service.partners\/it\/","logo":{"@type":"ImageObject","inLanguage":"it-IT","@id":"https:\/\/edi-service.partners\/it\/#\/schema\/logo\/image\/","url":"https:\/\/edi-service.partners\/wp-content\/uploads\/2023\/05\/edi-service.png","contentUrl":"https:\/\/edi-service.partners\/wp-content\/uploads\/2023\/05\/edi-service.png","width":1580,"height":250,"caption":"Avenum Technologie GmbH und Avedium Technologie GmbH"},"image":{"@id":"https:\/\/edi-service.partners\/it\/#\/schema\/logo\/image\/"},"sameAs":["https:\/\/www.facebook.com\/ediservicepartners","https:\/\/www.linkedin.com\/company\/ediservice"]}]}},"_links":{"self":[{"href":"https:\/\/edi-service.partners\/it\/wp-json\/wp\/v2\/pages\/4476","targetHints":{"allow":["GET"]}}],"collection":[{"href":"https:\/\/edi-service.partners\/it\/wp-json\/wp\/v2\/pages"}],"about":[{"href":"https:\/\/edi-service.partners\/it\/wp-json\/wp\/v2\/types\/page"}],"author":[{"embeddable":true,"href":"https:\/\/edi-service.partners\/it\/wp-json\/wp\/v2\/users\/1"}],"replies":[{"embeddable":true,"href":"https:\/\/edi-service.partners\/it\/wp-json\/wp\/v2\/comments?post=4476"}],"version-history":[{"count":2,"href":"https:\/\/edi-service.partners\/it\/wp-json\/wp\/v2\/pages\/4476\/revisions"}],"predecessor-version":[{"id":6212,"href":"https:\/\/edi-service.partners\/it\/wp-json\/wp\/v2\/pages\/4476\/revisions\/6212"}],"wp:featuredmedia":[{"embeddable":true,"href":"https:\/\/edi-service.partners\/it\/wp-json\/wp\/v2\/media\/4477"}],"wp:attachment":[{"href":"https:\/\/edi-service.partners\/it\/wp-json\/wp\/v2\/media?parent=4476"}],"wp:term":[{"taxonomy":"folder","embeddable":true,"href":"https:\/\/edi-service.partners\/it\/wp-json\/wp\/v2\/folder?post=4476"}],"curies":[{"name":"wp","href":"https:\/\/api.w.org\/{rel}","templated":true}]}}