{"id":4479,"date":"2023-09-20T11:16:19","date_gmt":"2023-09-20T09:16:19","guid":{"rendered":"https:\/\/edi-service.partners\/calcolatore-di-sostenibilita-edi\/"},"modified":"2025-10-03T16:32:25","modified_gmt":"2025-10-03T14:32:25","slug":"calcolatore-di-sostenibilita-edi","status":"publish","type":"page","link":"https:\/\/edi-service.partners\/it\/calcolatore-di-sostenibilita-edi\/","title":{"rendered":"Calcolatore di sostenibilit\u00e0 EDI"},"content":{"rendered":"\n<p>Quando inizier\u00e0 a fruttare il Suo investimento nel nostro EDI Service?<br>Abbiamo creato un calcolatore per Lei, in modo che possa rendersi conto personalmente di quanto il nostro EDI Service possa fare per Lei. Un calcolatore con un valore aggiunto, perch\u00e9 per noi \u00e8 importante mostrarLe non solo quanto sta risparmiando alla Sua azienda, ma anche quanto sta risparmiando all\u2019ambiente. Cos\u00ec potr\u00e0 lavorare con la coscienza pulita. Il nostro EDI Service Le fa risparmiare tempo, denaro e carta. In questo modo permette agli alberi di vivere e d\u00e0 aria alle persone. Guardi Lei stesso:<\/p>\n\n\n\n<h2 class=\"wp-block-heading\"><mark style=\"background-color:rgba(0, 0, 0, 0)\" class=\"has-inline-color has-primary-color\">Requisiti<\/mark><\/h2>\n\n\n\n<p>Inserisca lo stipendio lordo del Suo dipendente e il numero e la durata dei casi aziendali da trattare.<\/p>\n\n\n\n<form id=\"calculateform\" name=\"calculateform\" class=\"calculateform\">\n<div class=\"nachhaltigkeitsrechner\">\n     <div class=\"nachhaltig-left\">\n          <div class=\"form-group\">\n              <label for=\"brutto\">Stipendio lordo, tasse escluse (per 38,5 ore) <\/label>\n              <input required=\"\" value=\"1500\" class=\"form-control\" id=\"brutto\" step=\"1\" name=\"brutto\" placeholder=\"Ad esempio 1500\"\/>\n          <\/div>\n          <div class=\"form-group\">\n              <label for=\"partners\">Numero di partner commerciali da collegare<\/label>\n              <input required=\"\" value=\"2\" class=\"form-control\" id=\"partners\" step=\"1\" name=\"partners\" placeholder=\"Ad esempio, 2\"\/>\n          <\/div>\n     <\/div>\n     <div class=\"nachhaltig-right\">\n          <div class=\"nachhaltig-row\">\n               <div class=\"nachhaltig-col\">\n                    <div class=\"form-group\">\n                         <label for=\"orders\">Ordini a settimana<\/label>\n                         <input required=\"\" value=\"40\" class=\"form-control\" id=\"orders\" step=\"1\" name=\"orders\" placeholder=\"Ad esempio 40\"\/>\n                    <\/div>\n               <\/div>\n               <div class=\"nachhaltig-col\">\n                    <div class=\"form-group\">\n                         <label for=\"orders_duration\">Durata in minuti<\/label>\n                         <input required=\"\" value=\"20\" class=\"form-control\" id=\"orders_duration\" step=\"1\" name=\"orders_duration\" placeholder=\"Ad esempio, 20\"\/>\n                    <\/div>\n               <\/div>\n          <\/div>\n          <div class=\"nachhaltig-row\">\n               <div class=\"nachhaltig-col\">\n                    <div class=\"form-group\">\n                         <label for=\"delivery_notes\">Bolle di consegna a settimana<\/label>\n                         <input required=\"\" value=\"10\" class=\"form-control\" id=\"delivery_notes\" step=\"1\" name=\"delivery_notes\" placeholder=\"Ad esempio, 10\"\/>\n                    <\/div>\n               <\/div>\n               <div class=\"nachhaltig-col\">\n                    <div class=\"form-group\">\n                         <label for=\"delivery_notes_duration\">Durata in minuti<\/label>\n                         <input required=\"\" value=\"10\" class=\"form-control\" id=\"delivery_notes_duration\" step=\"1\" name=\"delivery_notes_duration\" placeholder=\"Ad esempio, 10\"\/>\n                    <\/div>\n               <\/div>\n          <\/div>\n          <div class=\"nachhaltig-row\">\n               <div class=\"nachhaltig-col\">\n                    <div class=\"form-group\">\n                         <label for=\"invoices\">Fatture a settimana<\/label>\n                         <input required=\"\" value=\"10\" class=\"form-control\" id=\"invoices\" step=\"1\" name=\"invoices\" placeholder=\"Ad esempio, 10\"\/>\n                    <\/div>\n               <\/div>\n               <div class=\"nachhaltig-col\">\n                    <div class=\"form-group\">\n                         <label for=\"invoices_duration\">Durata in minuti<\/label>\n                         <input required=\"\" value=\"10\" class=\"form-control\" id=\"invoices_duration\" step=\"1\" name=\"invoices_duration\" placeholder=\"Ad esempio, 20\"\/>\n                    <\/div>\n               <\/div>\n          <\/div>\n     <\/div>\n<\/div>\n<p style=\"text-align: right;\">\n     <button name=\"submit\" id=\"formBtn\" class=\"formBtn\">Calcola<\/button>\n<\/p>\n<\/form>\n\n\n\n<div id=\"ergebnis\" class=\"ergebnis\">\n     <h2>Valutazione<\/h2>\n     <p>Periodo di ammortamento e risparmi nell&#8217;anno successivo<\/p>\n     <div class=\"auswertung-row\">\n          <div class=\"auswertung-box\">\n               <div id=\"repayment\" class=\"auswertung-year\">0<\/div>\n               <p>anni<\/p>\n          <\/div>\n          <div class=\"auswertung-box\">\n               <div id=\"repayment-months\" class=\"auswertung-year\">0<\/div>\n               <p>Mesi<\/p>\n          <\/div>\n          <div class=\"auswertung-box\">\n               <div id=\"repayment-days\" class=\"auswertung-year\">0<\/div>\n               <p>Giorni<\/p>\n          <\/div>\n          <div class=\"auswertung-box\">\n               <div id=\"overall-savings\" class=\"auswertung-year\">0<\/div>\n               <p>Risparmio in \u20ac<\/p>\n          <\/div>\n     <\/div>\n     <p>Il Suo contributo alla sostenibilit\u00e0<\/p>\n     <div class=\"auswertung-row\">\n          <div class=\"auswertung-bigbox\">\n               <span>Bilancio CO\u2082<\/span>\n               <div id=\"co2\" class=\"auswertung-co2\">0<\/div>\n               <p>kg risparmiati<\/p>\n          <\/div>\n          <div class=\"auswertung-bigbox\">\n               <span>Respirare aria per<\/span>\n               <div id=\"breathable-air\" class=\"auswertung-co2\">0<\/div>\n               <p>Persone per un anno<\/p>\n          <\/div>\n     <\/div>\n<\/div>\n\n\n\n<div style=\"height:190px\" aria-hidden=\"true\" class=\"wp-block-spacer\"><\/div>\n","protected":false},"excerpt":{"rendered":"<p>Quando inizier\u00e0 a fruttare il Suo investimento nel nostro EDI Service?Abbiamo creato un calcolatore per Lei, in modo che possa rendersi conto personalmente di quanto il nostro EDI Service possa fare per Lei. Un calcolatore con un valore aggiunto, perch\u00e9 per noi \u00e8 importante mostrarLe non solo quanto sta risparmiando alla Sua azienda, ma anche [&hellip;]<\/p>\n","protected":false},"author":1,"featured_media":4480,"parent":0,"menu_order":0,"comment_status":"closed","ping_status":"closed","template":"ziel","meta":{"inline_featured_image":false,"slim_seo":{"title":"Calcolatore di sostenibilit\u00e0 EDI","description":"Calcolatore di sostenibilit\u00e0 EDI. Vuoi vedere nero su bianco se il passaggio al EDI Service \u00e8 conveniente per te e per l'ambiente?"},"footnotes":""},"folder":[8],"class_list":["post-4479","page","type-page","status-publish","has-post-thumbnail","hentry"],"yoast_head":"<!-- This site is optimized with the Yoast SEO plugin v27.3 - https:\/\/yoast.com\/product\/yoast-seo-wordpress\/ -->\n<title>Calcolatore di sostenibilit\u00e0 EDI - EDI Service Partners<\/title>\n<meta name=\"description\" content=\"Calcolatore di sostenibilit\u00e0 EDI. Vuoi vedere nero su bianco se il passaggio al EDI Service \u00e8 conveniente per te e per l&#039;ambiente?\" \/>\n<meta name=\"robots\" content=\"index, follow, max-snippet:-1, max-image-preview:large, max-video-preview:-1\" \/>\n<link rel=\"canonical\" href=\"https:\/\/edi-service.partners\/it\/calcolatore-di-sostenibilita-edi\/\" \/>\n<meta property=\"og:locale\" content=\"it_IT\" \/>\n<meta property=\"og:type\" content=\"article\" \/>\n<meta property=\"og:title\" content=\"Calcolatore di sostenibilit\u00e0 EDI - EDI Service Partners\" \/>\n<meta property=\"og:description\" content=\"Calcolatore di sostenibilit\u00e0 EDI. Vuoi vedere nero su bianco se il passaggio al EDI Service \u00e8 conveniente per te e per l&#039;ambiente?\" \/>\n<meta property=\"og:url\" content=\"https:\/\/edi-service.partners\/it\/calcolatore-di-sostenibilita-edi\/\" \/>\n<meta property=\"og:site_name\" content=\"EDI Service Partners\" \/>\n<meta property=\"article:publisher\" content=\"https:\/\/www.facebook.com\/ediservicepartners\" \/>\n<meta property=\"article:modified_time\" content=\"2025-10-03T14:32:25+00:00\" \/>\n<meta property=\"og:image\" content=\"https:\/\/edi-service.partners\/wp-content\/uploads\/2023\/09\/7abe40f6-1710-44e3-9efd-70005f298be1.jpeg\" \/>\n\t<meta property=\"og:image:width\" content=\"1500\" \/>\n\t<meta property=\"og:image:height\" content=\"496\" \/>\n\t<meta property=\"og:image:type\" content=\"image\/jpeg\" \/>\n<meta name=\"twitter:card\" content=\"summary_large_image\" \/>\n<meta name=\"twitter:label1\" content=\"Tempo di lettura stimato\" \/>\n\t<meta name=\"twitter:data1\" content=\"2 minuti\" \/>\n<script type=\"application\/ld+json\" class=\"yoast-schema-graph\">{\"@context\":\"https:\\\/\\\/schema.org\",\"@graph\":[{\"@type\":\"WebPage\",\"@id\":\"https:\\\/\\\/edi-service.partners\\\/it\\\/calcolatore-di-sostenibilita-edi\\\/\",\"url\":\"https:\\\/\\\/edi-service.partners\\\/it\\\/calcolatore-di-sostenibilita-edi\\\/\",\"name\":\"Calcolatore di sostenibilit\u00e0 EDI - EDI Service Partners\",\"isPartOf\":{\"@id\":\"https:\\\/\\\/edi-service.partners\\\/it\\\/#website\"},\"primaryImageOfPage\":{\"@id\":\"https:\\\/\\\/edi-service.partners\\\/it\\\/calcolatore-di-sostenibilita-edi\\\/#primaryimage\"},\"image\":{\"@id\":\"https:\\\/\\\/edi-service.partners\\\/it\\\/calcolatore-di-sostenibilita-edi\\\/#primaryimage\"},\"thumbnailUrl\":\"https:\\\/\\\/edi-service.partners\\\/wp-content\\\/uploads\\\/2023\\\/09\\\/7abe40f6-1710-44e3-9efd-70005f298be1.jpeg\",\"datePublished\":\"2023-09-20T09:16:19+00:00\",\"dateModified\":\"2025-10-03T14:32:25+00:00\",\"description\":\"Calcolatore di sostenibilit\u00e0 EDI. Vuoi vedere nero su bianco se il passaggio al EDI Service \u00e8 conveniente per te e per l'ambiente?\",\"breadcrumb\":{\"@id\":\"https:\\\/\\\/edi-service.partners\\\/it\\\/calcolatore-di-sostenibilita-edi\\\/#breadcrumb\"},\"inLanguage\":\"it-IT\",\"potentialAction\":[{\"@type\":\"ReadAction\",\"target\":[\"https:\\\/\\\/edi-service.partners\\\/it\\\/calcolatore-di-sostenibilita-edi\\\/\"]}]},{\"@type\":\"ImageObject\",\"inLanguage\":\"it-IT\",\"@id\":\"https:\\\/\\\/edi-service.partners\\\/it\\\/calcolatore-di-sostenibilita-edi\\\/#primaryimage\",\"url\":\"https:\\\/\\\/edi-service.partners\\\/wp-content\\\/uploads\\\/2023\\\/09\\\/7abe40f6-1710-44e3-9efd-70005f298be1.jpeg\",\"contentUrl\":\"https:\\\/\\\/edi-service.partners\\\/wp-content\\\/uploads\\\/2023\\\/09\\\/7abe40f6-1710-44e3-9efd-70005f298be1.jpeg\",\"width\":1500,\"height\":496},{\"@type\":\"BreadcrumbList\",\"@id\":\"https:\\\/\\\/edi-service.partners\\\/it\\\/calcolatore-di-sostenibilita-edi\\\/#breadcrumb\",\"itemListElement\":[{\"@type\":\"ListItem\",\"position\":1,\"name\":\"Startseite\",\"item\":\"https:\\\/\\\/edi-service.partners\\\/it\\\/\"},{\"@type\":\"ListItem\",\"position\":2,\"name\":\"Calcolatore di sostenibilit\u00e0 EDI\"}]},{\"@type\":\"WebSite\",\"@id\":\"https:\\\/\\\/edi-service.partners\\\/it\\\/#website\",\"url\":\"https:\\\/\\\/edi-service.partners\\\/it\\\/\",\"name\":\"EDI Service Partners\",\"description\":\"Ihre Partner f\u00fcr EDI-L\u00f6sungen\",\"publisher\":{\"@id\":\"https:\\\/\\\/edi-service.partners\\\/it\\\/#organization\"},\"potentialAction\":[{\"@type\":\"SearchAction\",\"target\":{\"@type\":\"EntryPoint\",\"urlTemplate\":\"https:\\\/\\\/edi-service.partners\\\/it\\\/?s={search_term_string}\"},\"query-input\":{\"@type\":\"PropertyValueSpecification\",\"valueRequired\":true,\"valueName\":\"search_term_string\"}}],\"inLanguage\":\"it-IT\"},{\"@type\":\"Organization\",\"@id\":\"https:\\\/\\\/edi-service.partners\\\/it\\\/#organization\",\"name\":\"Avenum Technologie GmbH und Avedium Technologie GmbH\",\"url\":\"https:\\\/\\\/edi-service.partners\\\/it\\\/\",\"logo\":{\"@type\":\"ImageObject\",\"inLanguage\":\"it-IT\",\"@id\":\"https:\\\/\\\/edi-service.partners\\\/it\\\/#\\\/schema\\\/logo\\\/image\\\/\",\"url\":\"https:\\\/\\\/edi-service.partners\\\/wp-content\\\/uploads\\\/2023\\\/05\\\/edi-service.png\",\"contentUrl\":\"https:\\\/\\\/edi-service.partners\\\/wp-content\\\/uploads\\\/2023\\\/05\\\/edi-service.png\",\"width\":1580,\"height\":250,\"caption\":\"Avenum Technologie GmbH und Avedium Technologie GmbH\"},\"image\":{\"@id\":\"https:\\\/\\\/edi-service.partners\\\/it\\\/#\\\/schema\\\/logo\\\/image\\\/\"},\"sameAs\":[\"https:\\\/\\\/www.facebook.com\\\/ediservicepartners\",\"https:\\\/\\\/www.linkedin.com\\\/company\\\/ediservice\"]}]}<\/script>\n<!-- \/ Yoast SEO plugin. -->","yoast_head_json":{"title":"Calcolatore di sostenibilit\u00e0 EDI - EDI Service Partners","description":"Calcolatore di sostenibilit\u00e0 EDI. Vuoi vedere nero su bianco se il passaggio al EDI Service \u00e8 conveniente per te e per l'ambiente?","robots":{"index":"index","follow":"follow","max-snippet":"max-snippet:-1","max-image-preview":"max-image-preview:large","max-video-preview":"max-video-preview:-1"},"canonical":"https:\/\/edi-service.partners\/it\/calcolatore-di-sostenibilita-edi\/","og_locale":"it_IT","og_type":"article","og_title":"Calcolatore di sostenibilit\u00e0 EDI - EDI Service Partners","og_description":"Calcolatore di sostenibilit\u00e0 EDI. Vuoi vedere nero su bianco se il passaggio al EDI Service \u00e8 conveniente per te e per l'ambiente?","og_url":"https:\/\/edi-service.partners\/it\/calcolatore-di-sostenibilita-edi\/","og_site_name":"EDI Service Partners","article_publisher":"https:\/\/www.facebook.com\/ediservicepartners","article_modified_time":"2025-10-03T14:32:25+00:00","og_image":[{"width":1500,"height":496,"url":"https:\/\/edi-service.partners\/wp-content\/uploads\/2023\/09\/7abe40f6-1710-44e3-9efd-70005f298be1.jpeg","type":"image\/jpeg"}],"twitter_card":"summary_large_image","twitter_misc":{"Tempo di lettura stimato":"2 minuti"},"schema":{"@context":"https:\/\/schema.org","@graph":[{"@type":"WebPage","@id":"https:\/\/edi-service.partners\/it\/calcolatore-di-sostenibilita-edi\/","url":"https:\/\/edi-service.partners\/it\/calcolatore-di-sostenibilita-edi\/","name":"Calcolatore di sostenibilit\u00e0 EDI - EDI Service Partners","isPartOf":{"@id":"https:\/\/edi-service.partners\/it\/#website"},"primaryImageOfPage":{"@id":"https:\/\/edi-service.partners\/it\/calcolatore-di-sostenibilita-edi\/#primaryimage"},"image":{"@id":"https:\/\/edi-service.partners\/it\/calcolatore-di-sostenibilita-edi\/#primaryimage"},"thumbnailUrl":"https:\/\/edi-service.partners\/wp-content\/uploads\/2023\/09\/7abe40f6-1710-44e3-9efd-70005f298be1.jpeg","datePublished":"2023-09-20T09:16:19+00:00","dateModified":"2025-10-03T14:32:25+00:00","description":"Calcolatore di sostenibilit\u00e0 EDI. Vuoi vedere nero su bianco se il passaggio al EDI Service \u00e8 conveniente per te e per l'ambiente?","breadcrumb":{"@id":"https:\/\/edi-service.partners\/it\/calcolatore-di-sostenibilita-edi\/#breadcrumb"},"inLanguage":"it-IT","potentialAction":[{"@type":"ReadAction","target":["https:\/\/edi-service.partners\/it\/calcolatore-di-sostenibilita-edi\/"]}]},{"@type":"ImageObject","inLanguage":"it-IT","@id":"https:\/\/edi-service.partners\/it\/calcolatore-di-sostenibilita-edi\/#primaryimage","url":"https:\/\/edi-service.partners\/wp-content\/uploads\/2023\/09\/7abe40f6-1710-44e3-9efd-70005f298be1.jpeg","contentUrl":"https:\/\/edi-service.partners\/wp-content\/uploads\/2023\/09\/7abe40f6-1710-44e3-9efd-70005f298be1.jpeg","width":1500,"height":496},{"@type":"BreadcrumbList","@id":"https:\/\/edi-service.partners\/it\/calcolatore-di-sostenibilita-edi\/#breadcrumb","itemListElement":[{"@type":"ListItem","position":1,"name":"Startseite","item":"https:\/\/edi-service.partners\/it\/"},{"@type":"ListItem","position":2,"name":"Calcolatore di sostenibilit\u00e0 EDI"}]},{"@type":"WebSite","@id":"https:\/\/edi-service.partners\/it\/#website","url":"https:\/\/edi-service.partners\/it\/","name":"EDI Service Partners","description":"Ihre Partner f\u00fcr EDI-L\u00f6sungen","publisher":{"@id":"https:\/\/edi-service.partners\/it\/#organization"},"potentialAction":[{"@type":"SearchAction","target":{"@type":"EntryPoint","urlTemplate":"https:\/\/edi-service.partners\/it\/?s={search_term_string}"},"query-input":{"@type":"PropertyValueSpecification","valueRequired":true,"valueName":"search_term_string"}}],"inLanguage":"it-IT"},{"@type":"Organization","@id":"https:\/\/edi-service.partners\/it\/#organization","name":"Avenum Technologie GmbH und Avedium Technologie GmbH","url":"https:\/\/edi-service.partners\/it\/","logo":{"@type":"ImageObject","inLanguage":"it-IT","@id":"https:\/\/edi-service.partners\/it\/#\/schema\/logo\/image\/","url":"https:\/\/edi-service.partners\/wp-content\/uploads\/2023\/05\/edi-service.png","contentUrl":"https:\/\/edi-service.partners\/wp-content\/uploads\/2023\/05\/edi-service.png","width":1580,"height":250,"caption":"Avenum Technologie GmbH und Avedium Technologie GmbH"},"image":{"@id":"https:\/\/edi-service.partners\/it\/#\/schema\/logo\/image\/"},"sameAs":["https:\/\/www.facebook.com\/ediservicepartners","https:\/\/www.linkedin.com\/company\/ediservice"]}]}},"_links":{"self":[{"href":"https:\/\/edi-service.partners\/it\/wp-json\/wp\/v2\/pages\/4479","targetHints":{"allow":["GET"]}}],"collection":[{"href":"https:\/\/edi-service.partners\/it\/wp-json\/wp\/v2\/pages"}],"about":[{"href":"https:\/\/edi-service.partners\/it\/wp-json\/wp\/v2\/types\/page"}],"author":[{"embeddable":true,"href":"https:\/\/edi-service.partners\/it\/wp-json\/wp\/v2\/users\/1"}],"replies":[{"embeddable":true,"href":"https:\/\/edi-service.partners\/it\/wp-json\/wp\/v2\/comments?post=4479"}],"version-history":[{"count":3,"href":"https:\/\/edi-service.partners\/it\/wp-json\/wp\/v2\/pages\/4479\/revisions"}],"predecessor-version":[{"id":6215,"href":"https:\/\/edi-service.partners\/it\/wp-json\/wp\/v2\/pages\/4479\/revisions\/6215"}],"wp:featuredmedia":[{"embeddable":true,"href":"https:\/\/edi-service.partners\/it\/wp-json\/wp\/v2\/media\/4480"}],"wp:attachment":[{"href":"https:\/\/edi-service.partners\/it\/wp-json\/wp\/v2\/media?parent=4479"}],"wp:term":[{"taxonomy":"folder","embeddable":true,"href":"https:\/\/edi-service.partners\/it\/wp-json\/wp\/v2\/folder?post=4479"}],"curies":[{"name":"wp","href":"https:\/\/api.w.org\/{rel}","templated":true}]}}