{"id":4779,"date":"2023-05-09T16:16:14","date_gmt":"2023-05-09T14:16:14","guid":{"rendered":"https:\/\/edi-service.partners\/impronta\/"},"modified":"2025-08-14T18:06:52","modified_gmt":"2025-08-14T16:06:52","slug":"impronta","status":"publish","type":"page","link":"https:\/\/edi-service.partners\/it\/impronta\/","title":{"rendered":"Impronta"},"content":{"rendered":"\n<div class=\"wp-block-columns is-layout-flex wp-container-core-columns-is-layout-28f84493 wp-block-columns-is-layout-flex\">\n<div class=\"wp-block-column is-layout-flow wp-block-column-is-layout-flow\">\n<h3 class=\"wp-block-heading\">AVENUM Technologie GmbH<\/h3>\n\n\n\n<p>Leonard-Bernstein-Stra\u00dfe 10<br>1220 Vienna<br>+43 1 92101-0 \/ +39 392 84 99 460<br><a href=\"mailto:office@avenum.com\">office@avenum.com<\/a><\/p>\n\n\n\n<h5 class=\"wp-block-heading\">Gestione<\/h5>\n\n\n\n<p>Danimir Stevanovic<\/p>\n\n\n\n<h5 class=\"wp-block-heading\">Numero di identificazione dell&#8217;imposta sulle vendite<\/h5>\n\n\n\n<p>UID: ATU16109208<\/p>\n\n\n\n<h5 class=\"wp-block-heading\">Iscrizione al registro delle imprese<\/h5>\n\n\n\n<p>FN 59280b<br>Tribunale commerciale di Vienna<br>DVR: 0581330<\/p>\n\n\n\n<h5 class=\"wp-block-heading\">Affiliazione alla camera<\/h5>\n\n\n\n<p><a href=\"https:\/\/firmen.wko.at\/Web\/DetailsKontakt.aspx?FirmaID=85cebf94-5d78-47b4-9467-d460e50ed7a7&amp;StandortID=0&amp;Suchbegriff=Avenum&amp;Page=1\" rel=\"noreferrer noopener\" target=\"_blank\">WK Austria<\/a><\/p>\n\n\n\n<h5 class=\"wp-block-heading\">Autorit\u00e0 di vigilanza<\/h5>\n\n\n\n<p>Ufficio distrettuale del XXII Distretto <\/p>\n\n\n\n<h5 class=\"wp-block-heading\">Regolamenti commerciali<\/h5>\n\n\n\n<p>Servizio IT<\/p>\n\n\n\n<p>Regolamenti commerciali o professionali applicabili: Trade Regulation Act 1994, disponibile all&#8217;indirizzo <a href=\"http:\/\/www.ris.bka.gv.at\/\" rel=\"noreferrer noopener\" target=\"_blank\">http:\/\/www.ris.bka.gv.at<\/a>.<\/p>\n\n\n\n<h5 class=\"wp-block-heading\">Coordinate bancarie<\/h5>\n\n\n\n<p>Bank Austria Creditanstalt AG<br>Numero di conto: 00628 474 041<br>Codice postale: 12000<br>IBAN: AT86 1200 0006 2847 4041<br>BIC: BKAUATWW<\/p>\n\n\n\n<div style=\"height:25px\" aria-hidden=\"true\" class=\"wp-block-spacer\"><\/div>\n<\/div>\n\n\n\n<div class=\"wp-block-column is-layout-flow wp-block-column-is-layout-flow\">\n<h3 class=\"wp-block-heading\">AVEDIUM Technologie GmbH<\/h3>\n\n\n\n<p>Rudi-W\u00fcnzer-Str. 9<br>69483 Wald-Michelbach<br>+49 6207 4284 010<br><a href=\"mailto:office@avedium.com\">office@avedium.com<\/a><\/p>\n\n\n\n<h5 class=\"wp-block-heading\">Gestione<\/h5>\n\n\n\n<p>Sven Hecker<\/p>\n\n\n\n<h5 class=\"wp-block-heading\">Numero di identificazione dell&#8217;imposta sulle vendite<\/h5>\n\n\n\n<p>UID: DE280199872<\/p>\n\n\n\n<h5 class=\"wp-block-heading\">Iscrizione al registro<\/h5>\n\n\n\n<p>Iscrizione nel registro delle imprese.<br>Tribunale del registro: Darmstadt<br>Numero di registro: HRB 90548<\/p>\n\n\n\n<p>Fonte: <a href=\"https:\/\/www.e-recht24.de\/\" rel=\"noreferrer noopener\" target=\"_blank\">eRecht24<\/a><\/p>\n<\/div>\n<\/div>\n\n\n\n<div class=\"wp-block-lemmony-companion-accordion is-closed\"><div class=\"lemmony-accordion-container\"><h2 class=\"lemmony-accordion-title\"><strong>Contenuto dell&#8217;offerta online<\/strong><\/h2><div class=\"lemmony-accordion-content\">\n<p>L&#8217;autore non si assume alcuna responsabilit\u00e0 per l&#8217;attualit\u00e0, la correttezza e la completezza delle informazioni fornite in queste pagine. Le richieste di responsabilit\u00e0 nei confronti dell&#8217;autore di queste pagine relative a danni materiali o immateriali causati dall&#8217;uso o dal mancato uso delle informazioni fornite o da informazioni errate o incomplete sono fondamentalmente escluse, a meno che non vi siano prove di dolo o grave negligenza da parte dell&#8217;autore.<br>Tutte le offerte sono gratuite e non vincolanti. L&#8217;autore si riserva espressamente il diritto di modificare, integrare o rimuovere parti delle pagine o l&#8217;intera offerta senza preavviso o di interrompere temporaneamente o completamente la pubblicazione.  <\/p>\n<\/div><\/div><div class=\"lemmony-accordion-icon\"><\/div><\/div>\n\n\n\n<div class=\"wp-block-lemmony-companion-accordion is-closed\"><div class=\"lemmony-accordion-container\"><h2 class=\"lemmony-accordion-title\">Riferimenti e collegamenti ipertestuali<\/h2><div class=\"lemmony-accordion-content\">\n<p>La nostra offerta informativa contiene link a siti web esterni. L&#8217;autore non ha alcuna influenza sul contenuto di questi siti esterni. Pertanto, non possiamo accettare alcuna responsabilit\u00e0 per questi contenuti esterni. Il rispettivo fornitore o gestore delle pagine \u00e8 sempre responsabile del contenuto delle pagine collegate. L&#8217;autore dichiara espressamente che al momento della creazione dei link non erano riconoscibili contenuti illegali nelle pagine collegate. L&#8217;autore non ha alcuna influenza sul design attuale o futuro, sui contenuti presentati o sulla paternit\u00e0 delle pagine collegate. Per questo motivo, l&#8217;autore prende le distanze da qualsiasi contenuto delle pagine collegate che sia stato modificato dopo la creazione del link. Se dovessimo venire a conoscenza di eventuali violazioni legali, rimuoveremo immediatamente tali link.       <\/p>\n<\/div><\/div><div class=\"lemmony-accordion-icon\"><\/div><\/div>\n\n\n\n<div class=\"wp-block-lemmony-companion-accordion is-closed\"><div class=\"lemmony-accordion-container\"><h2 class=\"lemmony-accordion-title\">Diritto d&#8217;autore<\/h2><div class=\"lemmony-accordion-content\">\n<p>Gli operatori di questo sito web si impegnano a rispettare sempre i diritti d&#8217;autore degli altri o a fare uso di opere create in proprio e prive di licenza. I contenuti e le opere presenti su questo sito web creati dall&#8217;operatore del sito sono soggetti a copyright. I contributi di terzi sono contrassegnati come tali. Il copyright dei contenuti pubblicati e auto-creati rimane esclusivamente dell&#8217;autore del sito. La duplicazione, l&#8217;elaborazione, la distribuzione e qualsiasi tipo di utilizzo al di fuori dei limiti della legge sul copyright richiedono il consenso esplicito dell&#8217;autore.    <\/p>\n<\/div><\/div><div class=\"lemmony-accordion-icon\"><\/div><\/div>\n\n\n\n<div class=\"wp-block-lemmony-companion-accordion is-closed\"><div class=\"lemmony-accordion-container\"><h2 class=\"lemmony-accordion-title\">Validit\u00e0 legale della presente esclusione di responsabilit\u00e0<\/h2><div class=\"lemmony-accordion-content\">\n<p>La presente clausola di esclusione della responsabilit\u00e0 \u00e8 da considerarsi parte integrante dell&#8217;offerta online da cui \u00e8 stato fatto riferimento a queste pagine. Se singole sezioni o formulazioni di questo testo non corrispondono pi\u00f9 alla situazione legale attuale o sono incomplete, tutte le altre parti del documento rimangono inalterate per quanto riguarda il loro contenuto e la loro validit\u00e0. <\/p>\n<\/div><\/div><div class=\"lemmony-accordion-icon\"><\/div><\/div>\n","protected":false},"excerpt":{"rendered":"<p>AVENUM Technologie GmbH Leonard-Bernstein-Stra\u00dfe 101220 Vienna+43 1 92101-0 \/ +39 392 84 99 460office@avenum.com Gestione Danimir Stevanovic Numero di identificazione dell&#8217;imposta sulle vendite UID: ATU16109208 Iscrizione al registro delle imprese FN 59280bTribunale commerciale di ViennaDVR: 0581330 Affiliazione alla camera WK Austria Autorit\u00e0 di vigilanza Ufficio distrettuale del XXII Distretto Regolamenti commerciali Servizio IT Regolamenti commerciali [&hellip;]<\/p>\n","protected":false},"author":1,"featured_media":0,"parent":0,"menu_order":0,"comment_status":"closed","ping_status":"closed","template":"","meta":{"inline_featured_image":false,"slim_seo":{"title":"Impronta","description":"Imprint - Avenum Technologie GmbH - Avedium Technologie GmbH - EDI Service Partners da Austria e Germania"},"footnotes":""},"folder":[9],"class_list":["post-4779","page","type-page","status-publish","hentry"],"yoast_head":"<!-- This site is optimized with the Yoast SEO plugin v27.3 - https:\/\/yoast.com\/product\/yoast-seo-wordpress\/ -->\n<title>Impronta - EDI Service Partners<\/title>\n<meta name=\"description\" content=\"Imprint - Avenum Technologie GmbH - Avedium Technologie GmbH - EDI Service Partners da Austria e Germania\" \/>\n<meta name=\"robots\" content=\"index, follow, max-snippet:-1, max-image-preview:large, max-video-preview:-1\" \/>\n<link rel=\"canonical\" href=\"https:\/\/edi-service.partners\/it\/impronta\/\" \/>\n<meta property=\"og:locale\" content=\"it_IT\" \/>\n<meta property=\"og:type\" content=\"article\" \/>\n<meta property=\"og:title\" content=\"Impronta - EDI Service Partners\" \/>\n<meta property=\"og:description\" content=\"Imprint - Avenum Technologie GmbH - Avedium Technologie GmbH - EDI Service Partners da Austria e Germania\" \/>\n<meta property=\"og:url\" content=\"https:\/\/edi-service.partners\/it\/impronta\/\" \/>\n<meta property=\"og:site_name\" content=\"EDI Service Partners\" \/>\n<meta property=\"article:publisher\" content=\"https:\/\/www.facebook.com\/ediservicepartners\" \/>\n<meta property=\"article:modified_time\" content=\"2025-08-14T16:06:52+00:00\" \/>\n<meta name=\"twitter:card\" content=\"summary_large_image\" \/>\n<meta name=\"twitter:label1\" content=\"Tempo di lettura stimato\" \/>\n\t<meta name=\"twitter:data1\" content=\"3 minuti\" \/>\n<script type=\"application\/ld+json\" class=\"yoast-schema-graph\">{\"@context\":\"https:\\\/\\\/schema.org\",\"@graph\":[{\"@type\":\"WebPage\",\"@id\":\"https:\\\/\\\/edi-service.partners\\\/it\\\/impronta\\\/\",\"url\":\"https:\\\/\\\/edi-service.partners\\\/it\\\/impronta\\\/\",\"name\":\"Impronta - EDI Service Partners\",\"isPartOf\":{\"@id\":\"https:\\\/\\\/edi-service.partners\\\/it\\\/#website\"},\"datePublished\":\"2023-05-09T14:16:14+00:00\",\"dateModified\":\"2025-08-14T16:06:52+00:00\",\"description\":\"Imprint - Avenum Technologie GmbH - Avedium Technologie GmbH - EDI Service Partners da Austria e Germania\",\"breadcrumb\":{\"@id\":\"https:\\\/\\\/edi-service.partners\\\/it\\\/impronta\\\/#breadcrumb\"},\"inLanguage\":\"it-IT\",\"potentialAction\":[{\"@type\":\"ReadAction\",\"target\":[\"https:\\\/\\\/edi-service.partners\\\/it\\\/impronta\\\/\"]}]},{\"@type\":\"BreadcrumbList\",\"@id\":\"https:\\\/\\\/edi-service.partners\\\/it\\\/impronta\\\/#breadcrumb\",\"itemListElement\":[{\"@type\":\"ListItem\",\"position\":1,\"name\":\"Startseite\",\"item\":\"https:\\\/\\\/edi-service.partners\\\/it\\\/\"},{\"@type\":\"ListItem\",\"position\":2,\"name\":\"Impronta\"}]},{\"@type\":\"WebSite\",\"@id\":\"https:\\\/\\\/edi-service.partners\\\/it\\\/#website\",\"url\":\"https:\\\/\\\/edi-service.partners\\\/it\\\/\",\"name\":\"EDI Service Partners\",\"description\":\"Ihre Partner f\u00fcr EDI-L\u00f6sungen\",\"publisher\":{\"@id\":\"https:\\\/\\\/edi-service.partners\\\/it\\\/#organization\"},\"potentialAction\":[{\"@type\":\"SearchAction\",\"target\":{\"@type\":\"EntryPoint\",\"urlTemplate\":\"https:\\\/\\\/edi-service.partners\\\/it\\\/?s={search_term_string}\"},\"query-input\":{\"@type\":\"PropertyValueSpecification\",\"valueRequired\":true,\"valueName\":\"search_term_string\"}}],\"inLanguage\":\"it-IT\"},{\"@type\":\"Organization\",\"@id\":\"https:\\\/\\\/edi-service.partners\\\/it\\\/#organization\",\"name\":\"Avenum Technologie GmbH und Avedium Technologie GmbH\",\"url\":\"https:\\\/\\\/edi-service.partners\\\/it\\\/\",\"logo\":{\"@type\":\"ImageObject\",\"inLanguage\":\"it-IT\",\"@id\":\"https:\\\/\\\/edi-service.partners\\\/it\\\/#\\\/schema\\\/logo\\\/image\\\/\",\"url\":\"https:\\\/\\\/edi-service.partners\\\/wp-content\\\/uploads\\\/2023\\\/05\\\/edi-service.png\",\"contentUrl\":\"https:\\\/\\\/edi-service.partners\\\/wp-content\\\/uploads\\\/2023\\\/05\\\/edi-service.png\",\"width\":1580,\"height\":250,\"caption\":\"Avenum Technologie GmbH und Avedium Technologie GmbH\"},\"image\":{\"@id\":\"https:\\\/\\\/edi-service.partners\\\/it\\\/#\\\/schema\\\/logo\\\/image\\\/\"},\"sameAs\":[\"https:\\\/\\\/www.facebook.com\\\/ediservicepartners\",\"https:\\\/\\\/www.linkedin.com\\\/company\\\/ediservice\"]}]}<\/script>\n<!-- \/ Yoast SEO plugin. -->","yoast_head_json":{"title":"Impronta - EDI Service Partners","description":"Imprint - Avenum Technologie GmbH - Avedium Technologie GmbH - EDI Service Partners da Austria e Germania","robots":{"index":"index","follow":"follow","max-snippet":"max-snippet:-1","max-image-preview":"max-image-preview:large","max-video-preview":"max-video-preview:-1"},"canonical":"https:\/\/edi-service.partners\/it\/impronta\/","og_locale":"it_IT","og_type":"article","og_title":"Impronta - EDI Service Partners","og_description":"Imprint - Avenum Technologie GmbH - Avedium Technologie GmbH - EDI Service Partners da Austria e Germania","og_url":"https:\/\/edi-service.partners\/it\/impronta\/","og_site_name":"EDI Service Partners","article_publisher":"https:\/\/www.facebook.com\/ediservicepartners","article_modified_time":"2025-08-14T16:06:52+00:00","twitter_card":"summary_large_image","twitter_misc":{"Tempo di lettura stimato":"3 minuti"},"schema":{"@context":"https:\/\/schema.org","@graph":[{"@type":"WebPage","@id":"https:\/\/edi-service.partners\/it\/impronta\/","url":"https:\/\/edi-service.partners\/it\/impronta\/","name":"Impronta - EDI Service Partners","isPartOf":{"@id":"https:\/\/edi-service.partners\/it\/#website"},"datePublished":"2023-05-09T14:16:14+00:00","dateModified":"2025-08-14T16:06:52+00:00","description":"Imprint - Avenum Technologie GmbH - Avedium Technologie GmbH - EDI Service Partners da Austria e Germania","breadcrumb":{"@id":"https:\/\/edi-service.partners\/it\/impronta\/#breadcrumb"},"inLanguage":"it-IT","potentialAction":[{"@type":"ReadAction","target":["https:\/\/edi-service.partners\/it\/impronta\/"]}]},{"@type":"BreadcrumbList","@id":"https:\/\/edi-service.partners\/it\/impronta\/#breadcrumb","itemListElement":[{"@type":"ListItem","position":1,"name":"Startseite","item":"https:\/\/edi-service.partners\/it\/"},{"@type":"ListItem","position":2,"name":"Impronta"}]},{"@type":"WebSite","@id":"https:\/\/edi-service.partners\/it\/#website","url":"https:\/\/edi-service.partners\/it\/","name":"EDI Service Partners","description":"Ihre Partner f\u00fcr EDI-L\u00f6sungen","publisher":{"@id":"https:\/\/edi-service.partners\/it\/#organization"},"potentialAction":[{"@type":"SearchAction","target":{"@type":"EntryPoint","urlTemplate":"https:\/\/edi-service.partners\/it\/?s={search_term_string}"},"query-input":{"@type":"PropertyValueSpecification","valueRequired":true,"valueName":"search_term_string"}}],"inLanguage":"it-IT"},{"@type":"Organization","@id":"https:\/\/edi-service.partners\/it\/#organization","name":"Avenum Technologie GmbH und Avedium Technologie GmbH","url":"https:\/\/edi-service.partners\/it\/","logo":{"@type":"ImageObject","inLanguage":"it-IT","@id":"https:\/\/edi-service.partners\/it\/#\/schema\/logo\/image\/","url":"https:\/\/edi-service.partners\/wp-content\/uploads\/2023\/05\/edi-service.png","contentUrl":"https:\/\/edi-service.partners\/wp-content\/uploads\/2023\/05\/edi-service.png","width":1580,"height":250,"caption":"Avenum Technologie GmbH und Avedium Technologie GmbH"},"image":{"@id":"https:\/\/edi-service.partners\/it\/#\/schema\/logo\/image\/"},"sameAs":["https:\/\/www.facebook.com\/ediservicepartners","https:\/\/www.linkedin.com\/company\/ediservice"]}]}},"_links":{"self":[{"href":"https:\/\/edi-service.partners\/it\/wp-json\/wp\/v2\/pages\/4779","targetHints":{"allow":["GET"]}}],"collection":[{"href":"https:\/\/edi-service.partners\/it\/wp-json\/wp\/v2\/pages"}],"about":[{"href":"https:\/\/edi-service.partners\/it\/wp-json\/wp\/v2\/types\/page"}],"author":[{"embeddable":true,"href":"https:\/\/edi-service.partners\/it\/wp-json\/wp\/v2\/users\/1"}],"replies":[{"embeddable":true,"href":"https:\/\/edi-service.partners\/it\/wp-json\/wp\/v2\/comments?post=4779"}],"version-history":[{"count":5,"href":"https:\/\/edi-service.partners\/it\/wp-json\/wp\/v2\/pages\/4779\/revisions"}],"predecessor-version":[{"id":5937,"href":"https:\/\/edi-service.partners\/it\/wp-json\/wp\/v2\/pages\/4779\/revisions\/5937"}],"wp:attachment":[{"href":"https:\/\/edi-service.partners\/it\/wp-json\/wp\/v2\/media?parent=4779"}],"wp:term":[{"taxonomy":"folder","embeddable":true,"href":"https:\/\/edi-service.partners\/it\/wp-json\/wp\/v2\/folder?post=4779"}],"curies":[{"name":"wp","href":"https:\/\/api.w.org\/{rel}","templated":true}]}}