{"id":4805,"date":"2023-06-02T12:09:46","date_gmt":"2023-06-02T10:09:46","guid":{"rendered":"https:\/\/edi-service.partners\/un-edi-service-efficiente-per-il-tuo-settore\/"},"modified":"2025-12-30T18:29:04","modified_gmt":"2025-12-30T16:29:04","slug":"un-edi-service-efficiente-per-il-tuo-settore","status":"publish","type":"page","link":"https:\/\/edi-service.partners\/it\/un-edi-service-efficiente-per-il-tuo-settore\/","title":{"rendered":"Un EDI Service efficiente per il suo settore"},"content":{"rendered":"\n<div class=\"wp-block-group is-layout-flow wp-block-group-is-layout-flow\">\n<p>Fa parte di uno di questi settori? Conosciamo le esigenze del suo settore di attivit\u00e0 per esperienza e possiamo quindi offrirLe soluzioni specifiche per il suo settore.<\/p>\n\n\n\n<div style=\"height:20px\" aria-hidden=\"true\" class=\"wp-block-spacer\"><\/div>\n\n\n\n<div class=\"wp-block-columns are-vertically-aligned-bottom is-layout-flex wp-container-core-columns-is-layout-28f84493 wp-block-columns-is-layout-flex\" style=\"line-height:1.5\">\n<div class=\"wp-block-column is-vertically-aligned-bottom is-layout-flow wp-block-column-is-layout-flow\">\n<div class=\"wp-block-group has-global-padding is-layout-constrained wp-block-group-is-layout-constrained\">\n<figure class=\"wp-block-image size-full is-resized\"><img loading=\"lazy\" decoding=\"async\" width=\"512\" height=\"512\" src=\"https:\/\/edi-service.partners\/wp-content\/uploads\/Automotive-media-1.png\" alt=\"Automotive media\" class=\"wp-image-5490\" style=\"width:120px;height:120px\" srcset=\"https:\/\/edi-service.partners\/wp-content\/uploads\/Automotive-media-1.png 512w, https:\/\/edi-service.partners\/wp-content\/uploads\/Automotive-media-1-300x300.png 300w, https:\/\/edi-service.partners\/wp-content\/uploads\/Automotive-media-1-150x150.png 150w\" sizes=\"auto, (max-width: 512px) 100vw, 512px\" \/><\/figure>\n\n\n\n<h5 class=\"wp-block-heading has-primary-color has-text-color\">Automotive<\/h5>\n\n\n\n<p>La globalizzazione \u00e8 onnipresente, soprattutto nell&#8217;industria automobilistica.<\/p>\n\n\n\n<div class=\"wp-block-buttons is-layout-flex wp-block-buttons-is-layout-flex\">\n<div class=\"wp-block-button\"><a class=\"wp-block-button__link wp-element-button\" href=\"https:\/\/edi-service.partners\/it\/edi-service-nellindustria-automobilistica\/\">Per saperne di pi\u00f9<\/a><\/div>\n<\/div>\n<\/div>\n<\/div>\n\n\n\n<div class=\"wp-block-column is-vertically-aligned-bottom is-layout-flow wp-block-column-is-layout-flow\">\n<div class=\"wp-block-group has-global-padding is-layout-constrained wp-block-group-is-layout-constrained\">\n<figure class=\"wp-block-image size-full\"><img loading=\"lazy\" decoding=\"async\" width=\"96\" height=\"78\" src=\"https:\/\/edi-service.partners\/wp-content\/uploads\/Bauwirtschaft-media-1.png\" alt=\"Bauwirtschaft media\" class=\"wp-image-5493\"\/><\/figure>\n\n\n\n<h5 class=\"wp-block-heading has-primary-color has-text-color\">Industria edile<\/h5>\n\n\n\n<p>L&#8217;industria delle costruzioni di solito coinvolge progetti complessi, diversi partner che devono essere collegati in rete e una grande quantit\u00e0 di denaro.<\/p>\n\n\n\n<div class=\"wp-block-buttons is-layout-flex wp-block-buttons-is-layout-flex\">\n<div class=\"wp-block-button\"><a class=\"wp-block-button__link wp-element-button\" href=\"https:\/\/edi-service.partners\/it\/edi-service-nel-settore-edile\/\">Per saperne di pi\u00f9<\/a><\/div>\n<\/div>\n<\/div>\n<\/div>\n<\/div>\n\n\n\n<div style=\"height:50px\" aria-hidden=\"true\" class=\"wp-block-spacer\"><\/div>\n\n\n\n<div class=\"wp-block-columns are-vertically-aligned-bottom is-layout-flex wp-container-core-columns-is-layout-28f84493 wp-block-columns-is-layout-flex\">\n<div class=\"wp-block-column is-vertically-aligned-bottom is-layout-flow wp-block-column-is-layout-flow\">\n<div class=\"wp-block-group has-global-padding is-layout-constrained wp-block-group-is-layout-constrained\">\n<figure class=\"wp-block-image size-full\"><img loading=\"lazy\" decoding=\"async\" width=\"96\" height=\"72\" src=\"https:\/\/edi-service.partners\/wp-content\/uploads\/Fachgroshandel-media-1.png\" alt=\"Fachgro\u00dfhandel media\" class=\"wp-image-5496\"\/><\/figure>\n\n\n\n<h5 class=\"wp-block-heading has-primary-color has-text-color\">Commercio all&#8217;ingrosso specializzato<\/h5>\n\n\n\n<p>L&#8217;innovazione \u00e8 necessaria per ottenere un vantaggio competitivo decisivo.<\/p>\n\n\n\n<div class=\"wp-block-buttons is-layout-flex wp-block-buttons-is-layout-flex\">\n<div class=\"wp-block-button\"><a class=\"wp-block-button__link wp-element-button\" href=\"https:\/\/edi-service.partners\/it\/edi-service-nel-commercio-allingrosso-specializzato\/\">Per saperne di pi\u00f9<\/a><\/div>\n<\/div>\n<\/div>\n<\/div>\n\n\n\n<div class=\"wp-block-column is-vertically-aligned-bottom is-layout-flow wp-block-column-is-layout-flow\">\n<div class=\"wp-block-group has-global-padding is-layout-constrained wp-block-group-is-layout-constrained\">\n<figure class=\"wp-block-image size-full\"><img loading=\"lazy\" decoding=\"async\" width=\"96\" height=\"96\" src=\"https:\/\/edi-service.partners\/wp-content\/uploads\/Getrankehandel-media-1.png\" alt=\"Getr\u00e4nkehandel media\" class=\"wp-image-5499\"\/><\/figure>\n\n\n\n<h5 class=\"wp-block-heading has-primary-color has-text-color\">Commercio di bevande<\/h5>\n\n\n\n<p>Il commercio delle bevande non si limita a rifornire il commercio alimentare, ma anche il settore della ristorazione deve affrontare sfide particolari.<\/p>\n\n\n\n<div class=\"wp-block-buttons is-layout-flex wp-block-buttons-is-layout-flex\">\n<div class=\"wp-block-button\"><a class=\"wp-block-button__link wp-element-button\" href=\"https:\/\/edi-service.partners\/it\/edi-service-nel-settore-delle-bevande\/\">Per saperne di pi\u00f9<\/a><\/div>\n<\/div>\n<\/div>\n<\/div>\n<\/div>\n\n\n\n<div style=\"height:50px\" aria-hidden=\"true\" class=\"wp-block-spacer\"><\/div>\n\n\n\n<div class=\"wp-block-columns are-vertically-aligned-bottom is-layout-flex wp-container-core-columns-is-layout-28f84493 wp-block-columns-is-layout-flex\">\n<div class=\"wp-block-column is-vertically-aligned-bottom is-layout-flow wp-block-column-is-layout-flow\">\n<div class=\"wp-block-group has-global-padding is-layout-constrained wp-block-group-is-layout-constrained\">\n<figure class=\"wp-block-image size-full\"><img loading=\"lazy\" decoding=\"async\" width=\"96\" height=\"90\" src=\"https:\/\/edi-service.partners\/wp-content\/uploads\/Industrie-media-1.png\" alt=\"Industrie media\" class=\"wp-image-5502\"\/><\/figure>\n\n\n\n<h5 class=\"wp-block-heading has-primary-color has-text-color\">Industria<\/h5>\n\n\n\n<p>Per soddisfare i requisiti dell&#8217;Industria 4.0, le principali aziende industriali stanno digitalizzando e mettendo in rete la loro catena del valore.<\/p>\n\n\n\n<div class=\"wp-block-buttons is-layout-flex wp-block-buttons-is-layout-flex\">\n<div class=\"wp-block-button\"><a class=\"wp-block-button__link wp-element-button\" href=\"https:\/\/edi-service.partners\/it\/edi-service-nel-settore\/\">Per saperne di pi\u00f9<\/a><\/div>\n<\/div>\n<\/div>\n<\/div>\n\n\n\n<div class=\"wp-block-column is-vertically-aligned-bottom is-layout-flow wp-block-column-is-layout-flow\">\n<div class=\"wp-block-group has-global-padding is-layout-constrained wp-block-group-is-layout-constrained\">\n<figure class=\"wp-block-image size-full\"><img loading=\"lazy\" decoding=\"async\" width=\"93\" height=\"96\" src=\"https:\/\/edi-service.partners\/wp-content\/uploads\/Konsumguter-media-1.png\" alt=\"Konsumg\u00fcter media\" class=\"wp-image-5505\"\/><\/figure>\n\n\n\n<h5 class=\"wp-block-heading has-primary-color has-text-color\">Beni di consumo<\/h5>\n\n\n\n<p>Tanti, veloci e diretti: queste sono le parole d&#8217;ordine dell&#8217;industria dei beni di consumo.  <\/p>\n\n\n\n<div class=\"wp-block-buttons is-layout-flex wp-block-buttons-is-layout-flex\">\n<div class=\"wp-block-button\"><a class=\"wp-block-button__link wp-element-button\" href=\"https:\/\/edi-service.partners\/it\/edi-service-nel-settore-dei-beni-di-consumo\/\">Per saperne di pi\u00f9<\/a><\/div>\n<\/div>\n<\/div>\n<\/div>\n<\/div>\n\n\n\n<div style=\"height:50px\" aria-hidden=\"true\" class=\"wp-block-spacer\"><\/div>\n\n\n\n<div class=\"wp-block-columns are-vertically-aligned-bottom is-layout-flex wp-container-core-columns-is-layout-28f84493 wp-block-columns-is-layout-flex\">\n<div class=\"wp-block-column is-vertically-aligned-bottom is-layout-flow wp-block-column-is-layout-flow\">\n<div class=\"wp-block-group has-global-padding is-layout-constrained wp-block-group-is-layout-constrained\">\n<figure class=\"wp-block-image size-full is-resized\"><img loading=\"lazy\" decoding=\"async\" width=\"512\" height=\"512\" src=\"https:\/\/edi-service.partners\/wp-content\/uploads\/Logistik-media-1.png\" alt=\"Logistik media\" class=\"wp-image-5508\" style=\"width:93px;height:93px\" srcset=\"https:\/\/edi-service.partners\/wp-content\/uploads\/Logistik-media-1.png 512w, https:\/\/edi-service.partners\/wp-content\/uploads\/Logistik-media-1-300x300.png 300w, https:\/\/edi-service.partners\/wp-content\/uploads\/Logistik-media-1-150x150.png 150w\" sizes=\"auto, (max-width: 512px) 100vw, 512px\" \/><\/figure>\n\n\n\n<h5 class=\"wp-block-heading has-primary-color has-text-color\">Logistica<\/h5>\n\n\n\n<p>Le esigenze del settore logistico sono enormi. Sempre pi\u00f9 velocit\u00e0, distanze maggiori e spazi sempre pi\u00f9 ridotti.<\/p>\n\n\n\n<div class=\"wp-block-buttons is-layout-flex wp-block-buttons-is-layout-flex\">\n<div class=\"wp-block-button\"><a class=\"wp-block-button__link wp-element-button\" href=\"https:\/\/edi-service.partners\/it\/edi-service-nella-logistica\/\">Per saperne di pi\u00f9<\/a><\/div>\n<\/div>\n<\/div>\n<\/div>\n\n\n\n<div class=\"wp-block-column is-vertically-aligned-bottom is-layout-flow wp-block-column-is-layout-flow\">\n<div class=\"wp-block-group has-global-padding is-layout-constrained wp-block-group-is-layout-constrained\">\n<figure class=\"wp-block-image size-full\"><img loading=\"lazy\" decoding=\"async\" width=\"96\" height=\"62\" src=\"https:\/\/edi-service.partners\/wp-content\/uploads\/Mobelindustrie-media-1.png\" alt=\"M\u00f6belindustrie media\" class=\"wp-image-5511\"\/><\/figure>\n\n\n\n<h5 class=\"wp-block-heading has-primary-color has-text-color\">Industria del mobile<\/h5>\n\n\n\n<p>Per essere pronta ad affrontare la crescente intensit\u00e0 della concorrenza nei prossimi anni, l&#8217;industria del mobile richiede anche una stretta collaborazione tra tutti gli operatori.<\/p>\n\n\n\n<div class=\"wp-block-buttons is-layout-flex wp-block-buttons-is-layout-flex\">\n<div class=\"wp-block-button\"><a class=\"wp-block-button__link wp-element-button\" href=\"https:\/\/edi-service.partners\/it\/edi-service-nellindustria-del-mobile\/\">Per saperne di pi\u00f9<\/a><\/div>\n<\/div>\n<\/div>\n<\/div>\n<\/div>\n\n\n\n<div style=\"height:50px\" aria-hidden=\"true\" class=\"wp-block-spacer\"><\/div>\n\n\n\n<div class=\"wp-block-columns are-vertically-aligned-bottom is-layout-flex wp-container-core-columns-is-layout-28f84493 wp-block-columns-is-layout-flex\">\n<div class=\"wp-block-column is-vertically-aligned-bottom is-layout-flow wp-block-column-is-layout-flow\">\n<div class=\"wp-block-group has-global-padding is-layout-constrained wp-block-group-is-layout-constrained\">\n<figure class=\"wp-block-image size-full\"><img loading=\"lazy\" decoding=\"async\" width=\"96\" height=\"84\" src=\"https:\/\/edi-service.partners\/wp-content\/uploads\/Pharmahandel-media-1.png\" alt=\"Pharmahandel media\" class=\"wp-image-5514\"\/><\/figure>\n\n\n\n<h5 class=\"wp-block-heading has-primary-color has-text-color\">Commercio farmaceutico<\/h5>\n\n\n\n<p>Sta cambiando il suo sistema ERP e desidera una connessione EDI ottimizzata?<\/p>\n\n\n\n<div class=\"wp-block-buttons is-layout-flex wp-block-buttons-is-layout-flex\">\n<div class=\"wp-block-button\"><a class=\"wp-block-button__link wp-element-button\" href=\"https:\/\/edi-service.partners\/it\/edi-service-nel-settore-farmaceutico\/\">Per saperne di pi\u00f9<\/a><\/div>\n<\/div>\n<\/div>\n<\/div>\n\n\n\n<div class=\"wp-block-column is-vertically-aligned-bottom is-layout-flow wp-block-column-is-layout-flow\">\n<div class=\"wp-block-group has-global-padding is-layout-constrained wp-block-group-is-layout-constrained\">\n<figure class=\"wp-block-image size-full\"><img loading=\"lazy\" decoding=\"async\" width=\"96\" height=\"96\" src=\"https:\/\/edi-service.partners\/wp-content\/uploads\/Textilindustrie-media-1.png\" alt=\"Textilindustrie media\" class=\"wp-image-5517\"\/><\/figure>\n\n\n\n<h5 class=\"wp-block-heading has-primary-color has-text-color\">Industria tessile<\/h5>\n\n\n\n<p>Accelera le merci in arrivo, riduca i tempi di consegna e di lavorazione e ottimizzi le scorte.<\/p>\n\n\n\n<div class=\"wp-block-buttons is-layout-flex wp-block-buttons-is-layout-flex\">\n<div class=\"wp-block-button\"><a class=\"wp-block-button__link wp-element-button\" href=\"https:\/\/edi-service.partners\/it\/edi-service-nellindustria-tessile\/\">Per saperne di pi\u00f9<\/a><\/div>\n<\/div>\n<\/div>\n<\/div>\n<\/div>\n<\/div>\n","protected":false},"excerpt":{"rendered":"<p>Fa parte di uno di questi settori? Conosciamo le esigenze del suo settore di attivit\u00e0 per esperienza e possiamo quindi offrirLe soluzioni specifiche per il suo settore. Automotive La globalizzazione \u00e8 onnipresente, soprattutto nell&#8217;industria automobilistica. Industria edile L&#8217;industria delle costruzioni di solito coinvolge progetti complessi, diversi partner che devono essere collegati in rete e una [&hellip;]<\/p>\n","protected":false},"author":1,"featured_media":0,"parent":0,"menu_order":0,"comment_status":"closed","ping_status":"closed","template":"","meta":{"inline_featured_image":false,"slim_seo":{"title":"Un EDI Service efficiente per il tuo settore","description":"Avenum e Avedium offrono soluzioni EDI per tutti i settori. Fai parte di uno di questi settori?"},"footnotes":""},"folder":[10],"class_list":["post-4805","page","type-page","status-publish","hentry"],"yoast_head":"<!-- This site is optimized with the Yoast SEO plugin v27.3 - https:\/\/yoast.com\/product\/yoast-seo-wordpress\/ -->\n<title>Un EDI Service efficiente per il suo settore - EDI Service Partners<\/title>\n<meta name=\"description\" content=\"Avenum e Avedium offrono soluzioni EDI per tutti i settori. Fai parte di uno di questi settori?\" \/>\n<meta name=\"robots\" content=\"index, follow, max-snippet:-1, max-image-preview:large, max-video-preview:-1\" \/>\n<link rel=\"canonical\" href=\"https:\/\/edi-service.partners\/it\/un-edi-service-efficiente-per-il-tuo-settore\/\" \/>\n<meta property=\"og:locale\" content=\"it_IT\" \/>\n<meta property=\"og:type\" content=\"article\" \/>\n<meta property=\"og:title\" content=\"Un EDI Service efficiente per il suo settore - EDI Service Partners\" \/>\n<meta property=\"og:description\" content=\"Avenum e Avedium offrono soluzioni EDI per tutti i settori. Fai parte di uno di questi settori?\" \/>\n<meta property=\"og:url\" content=\"https:\/\/edi-service.partners\/it\/un-edi-service-efficiente-per-il-tuo-settore\/\" \/>\n<meta property=\"og:site_name\" content=\"EDI Service Partners\" \/>\n<meta property=\"article:publisher\" content=\"https:\/\/www.facebook.com\/ediservicepartners\" \/>\n<meta property=\"article:modified_time\" content=\"2025-12-30T16:29:04+00:00\" \/>\n<meta property=\"og:image\" content=\"https:\/\/edi-service.partners\/wp-content\/uploads\/Automotive-media-1.png\" \/>\n\t<meta property=\"og:image:width\" content=\"512\" \/>\n\t<meta property=\"og:image:height\" content=\"512\" \/>\n\t<meta property=\"og:image:type\" content=\"image\/png\" \/>\n<meta name=\"twitter:card\" content=\"summary_large_image\" \/>\n<meta name=\"twitter:label1\" content=\"Tempo di lettura stimato\" \/>\n\t<meta name=\"twitter:data1\" content=\"4 minuti\" \/>\n<script type=\"application\/ld+json\" class=\"yoast-schema-graph\">{\"@context\":\"https:\\\/\\\/schema.org\",\"@graph\":[{\"@type\":\"WebPage\",\"@id\":\"https:\\\/\\\/edi-service.partners\\\/it\\\/un-edi-service-efficiente-per-il-tuo-settore\\\/\",\"url\":\"https:\\\/\\\/edi-service.partners\\\/it\\\/un-edi-service-efficiente-per-il-tuo-settore\\\/\",\"name\":\"Un EDI Service efficiente per il suo settore - EDI Service Partners\",\"isPartOf\":{\"@id\":\"https:\\\/\\\/edi-service.partners\\\/it\\\/#website\"},\"primaryImageOfPage\":{\"@id\":\"https:\\\/\\\/edi-service.partners\\\/it\\\/un-edi-service-efficiente-per-il-tuo-settore\\\/#primaryimage\"},\"image\":{\"@id\":\"https:\\\/\\\/edi-service.partners\\\/it\\\/un-edi-service-efficiente-per-il-tuo-settore\\\/#primaryimage\"},\"thumbnailUrl\":\"https:\\\/\\\/edi-service.partners\\\/wp-content\\\/uploads\\\/Automotive-media-1.png\",\"datePublished\":\"2023-06-02T10:09:46+00:00\",\"dateModified\":\"2025-12-30T16:29:04+00:00\",\"description\":\"Avenum e Avedium offrono soluzioni EDI per tutti i settori. Fai parte di uno di questi settori?\",\"breadcrumb\":{\"@id\":\"https:\\\/\\\/edi-service.partners\\\/it\\\/un-edi-service-efficiente-per-il-tuo-settore\\\/#breadcrumb\"},\"inLanguage\":\"it-IT\",\"potentialAction\":[{\"@type\":\"ReadAction\",\"target\":[\"https:\\\/\\\/edi-service.partners\\\/it\\\/un-edi-service-efficiente-per-il-tuo-settore\\\/\"]}]},{\"@type\":\"ImageObject\",\"inLanguage\":\"it-IT\",\"@id\":\"https:\\\/\\\/edi-service.partners\\\/it\\\/un-edi-service-efficiente-per-il-tuo-settore\\\/#primaryimage\",\"url\":\"https:\\\/\\\/edi-service.partners\\\/wp-content\\\/uploads\\\/Automotive-media-1.png\",\"contentUrl\":\"https:\\\/\\\/edi-service.partners\\\/wp-content\\\/uploads\\\/Automotive-media-1.png\"},{\"@type\":\"BreadcrumbList\",\"@id\":\"https:\\\/\\\/edi-service.partners\\\/it\\\/un-edi-service-efficiente-per-il-tuo-settore\\\/#breadcrumb\",\"itemListElement\":[{\"@type\":\"ListItem\",\"position\":1,\"name\":\"Startseite\",\"item\":\"https:\\\/\\\/edi-service.partners\\\/it\\\/\"},{\"@type\":\"ListItem\",\"position\":2,\"name\":\"Un EDI Service efficiente per il suo settore\"}]},{\"@type\":\"WebSite\",\"@id\":\"https:\\\/\\\/edi-service.partners\\\/it\\\/#website\",\"url\":\"https:\\\/\\\/edi-service.partners\\\/it\\\/\",\"name\":\"EDI Service Partners\",\"description\":\"Ihre Partner f\u00fcr EDI-L\u00f6sungen\",\"publisher\":{\"@id\":\"https:\\\/\\\/edi-service.partners\\\/it\\\/#organization\"},\"potentialAction\":[{\"@type\":\"SearchAction\",\"target\":{\"@type\":\"EntryPoint\",\"urlTemplate\":\"https:\\\/\\\/edi-service.partners\\\/it\\\/?s={search_term_string}\"},\"query-input\":{\"@type\":\"PropertyValueSpecification\",\"valueRequired\":true,\"valueName\":\"search_term_string\"}}],\"inLanguage\":\"it-IT\"},{\"@type\":\"Organization\",\"@id\":\"https:\\\/\\\/edi-service.partners\\\/it\\\/#organization\",\"name\":\"Avenum Technologie GmbH und Avedium Technologie GmbH\",\"url\":\"https:\\\/\\\/edi-service.partners\\\/it\\\/\",\"logo\":{\"@type\":\"ImageObject\",\"inLanguage\":\"it-IT\",\"@id\":\"https:\\\/\\\/edi-service.partners\\\/it\\\/#\\\/schema\\\/logo\\\/image\\\/\",\"url\":\"https:\\\/\\\/edi-service.partners\\\/wp-content\\\/uploads\\\/2023\\\/05\\\/edi-service.png\",\"contentUrl\":\"https:\\\/\\\/edi-service.partners\\\/wp-content\\\/uploads\\\/2023\\\/05\\\/edi-service.png\",\"width\":1580,\"height\":250,\"caption\":\"Avenum Technologie GmbH und Avedium Technologie GmbH\"},\"image\":{\"@id\":\"https:\\\/\\\/edi-service.partners\\\/it\\\/#\\\/schema\\\/logo\\\/image\\\/\"},\"sameAs\":[\"https:\\\/\\\/www.facebook.com\\\/ediservicepartners\",\"https:\\\/\\\/www.linkedin.com\\\/company\\\/ediservice\"]}]}<\/script>\n<!-- \/ Yoast SEO plugin. -->","yoast_head_json":{"title":"Un EDI Service efficiente per il suo settore - EDI Service Partners","description":"Avenum e Avedium offrono soluzioni EDI per tutti i settori. Fai parte di uno di questi settori?","robots":{"index":"index","follow":"follow","max-snippet":"max-snippet:-1","max-image-preview":"max-image-preview:large","max-video-preview":"max-video-preview:-1"},"canonical":"https:\/\/edi-service.partners\/it\/un-edi-service-efficiente-per-il-tuo-settore\/","og_locale":"it_IT","og_type":"article","og_title":"Un EDI Service efficiente per il suo settore - EDI Service Partners","og_description":"Avenum e Avedium offrono soluzioni EDI per tutti i settori. Fai parte di uno di questi settori?","og_url":"https:\/\/edi-service.partners\/it\/un-edi-service-efficiente-per-il-tuo-settore\/","og_site_name":"EDI Service Partners","article_publisher":"https:\/\/www.facebook.com\/ediservicepartners","article_modified_time":"2025-12-30T16:29:04+00:00","og_image":[{"width":512,"height":512,"url":"https:\/\/edi-service.partners\/wp-content\/uploads\/Automotive-media-1.png","type":"image\/png"}],"twitter_card":"summary_large_image","twitter_misc":{"Tempo di lettura stimato":"4 minuti"},"schema":{"@context":"https:\/\/schema.org","@graph":[{"@type":"WebPage","@id":"https:\/\/edi-service.partners\/it\/un-edi-service-efficiente-per-il-tuo-settore\/","url":"https:\/\/edi-service.partners\/it\/un-edi-service-efficiente-per-il-tuo-settore\/","name":"Un EDI Service efficiente per il suo settore - EDI Service Partners","isPartOf":{"@id":"https:\/\/edi-service.partners\/it\/#website"},"primaryImageOfPage":{"@id":"https:\/\/edi-service.partners\/it\/un-edi-service-efficiente-per-il-tuo-settore\/#primaryimage"},"image":{"@id":"https:\/\/edi-service.partners\/it\/un-edi-service-efficiente-per-il-tuo-settore\/#primaryimage"},"thumbnailUrl":"https:\/\/edi-service.partners\/wp-content\/uploads\/Automotive-media-1.png","datePublished":"2023-06-02T10:09:46+00:00","dateModified":"2025-12-30T16:29:04+00:00","description":"Avenum e Avedium offrono soluzioni EDI per tutti i settori. Fai parte di uno di questi settori?","breadcrumb":{"@id":"https:\/\/edi-service.partners\/it\/un-edi-service-efficiente-per-il-tuo-settore\/#breadcrumb"},"inLanguage":"it-IT","potentialAction":[{"@type":"ReadAction","target":["https:\/\/edi-service.partners\/it\/un-edi-service-efficiente-per-il-tuo-settore\/"]}]},{"@type":"ImageObject","inLanguage":"it-IT","@id":"https:\/\/edi-service.partners\/it\/un-edi-service-efficiente-per-il-tuo-settore\/#primaryimage","url":"https:\/\/edi-service.partners\/wp-content\/uploads\/Automotive-media-1.png","contentUrl":"https:\/\/edi-service.partners\/wp-content\/uploads\/Automotive-media-1.png"},{"@type":"BreadcrumbList","@id":"https:\/\/edi-service.partners\/it\/un-edi-service-efficiente-per-il-tuo-settore\/#breadcrumb","itemListElement":[{"@type":"ListItem","position":1,"name":"Startseite","item":"https:\/\/edi-service.partners\/it\/"},{"@type":"ListItem","position":2,"name":"Un EDI Service efficiente per il suo settore"}]},{"@type":"WebSite","@id":"https:\/\/edi-service.partners\/it\/#website","url":"https:\/\/edi-service.partners\/it\/","name":"EDI Service Partners","description":"Ihre Partner f\u00fcr EDI-L\u00f6sungen","publisher":{"@id":"https:\/\/edi-service.partners\/it\/#organization"},"potentialAction":[{"@type":"SearchAction","target":{"@type":"EntryPoint","urlTemplate":"https:\/\/edi-service.partners\/it\/?s={search_term_string}"},"query-input":{"@type":"PropertyValueSpecification","valueRequired":true,"valueName":"search_term_string"}}],"inLanguage":"it-IT"},{"@type":"Organization","@id":"https:\/\/edi-service.partners\/it\/#organization","name":"Avenum Technologie GmbH und Avedium Technologie GmbH","url":"https:\/\/edi-service.partners\/it\/","logo":{"@type":"ImageObject","inLanguage":"it-IT","@id":"https:\/\/edi-service.partners\/it\/#\/schema\/logo\/image\/","url":"https:\/\/edi-service.partners\/wp-content\/uploads\/2023\/05\/edi-service.png","contentUrl":"https:\/\/edi-service.partners\/wp-content\/uploads\/2023\/05\/edi-service.png","width":1580,"height":250,"caption":"Avenum Technologie GmbH und Avedium Technologie GmbH"},"image":{"@id":"https:\/\/edi-service.partners\/it\/#\/schema\/logo\/image\/"},"sameAs":["https:\/\/www.facebook.com\/ediservicepartners","https:\/\/www.linkedin.com\/company\/ediservice"]}]}},"_links":{"self":[{"href":"https:\/\/edi-service.partners\/it\/wp-json\/wp\/v2\/pages\/4805","targetHints":{"allow":["GET"]}}],"collection":[{"href":"https:\/\/edi-service.partners\/it\/wp-json\/wp\/v2\/pages"}],"about":[{"href":"https:\/\/edi-service.partners\/it\/wp-json\/wp\/v2\/types\/page"}],"author":[{"embeddable":true,"href":"https:\/\/edi-service.partners\/it\/wp-json\/wp\/v2\/users\/1"}],"replies":[{"embeddable":true,"href":"https:\/\/edi-service.partners\/it\/wp-json\/wp\/v2\/comments?post=4805"}],"version-history":[{"count":11,"href":"https:\/\/edi-service.partners\/it\/wp-json\/wp\/v2\/pages\/4805\/revisions"}],"predecessor-version":[{"id":6586,"href":"https:\/\/edi-service.partners\/it\/wp-json\/wp\/v2\/pages\/4805\/revisions\/6586"}],"wp:attachment":[{"href":"https:\/\/edi-service.partners\/it\/wp-json\/wp\/v2\/media?parent=4805"}],"wp:term":[{"taxonomy":"folder","embeddable":true,"href":"https:\/\/edi-service.partners\/it\/wp-json\/wp\/v2\/folder?post=4805"}],"curies":[{"name":"wp","href":"https:\/\/api.w.org\/{rel}","templated":true}]}}