{"id":4807,"date":"2023-06-13T10:37:21","date_gmt":"2023-06-13T08:37:21","guid":{"rendered":"https:\/\/edi-service.partners\/edi-service-nel-settore-delle-bevande\/"},"modified":"2025-10-24T13:58:50","modified_gmt":"2025-10-24T11:58:50","slug":"edi-service-nel-settore-delle-bevande","status":"publish","type":"page","link":"https:\/\/edi-service.partners\/it\/edi-service-nel-settore-delle-bevande\/","title":{"rendered":"EDI Service nel settore delle bevande"},"content":{"rendered":"\n<p><strong>I principali vantaggi dell\u2019EDI Service nel settore delle bevande in sintesi:<\/strong><\/p>\n\n\n\n<ul class=\"wp-block-list\">\n<li>Ottimizzazione della catena di approvvigionamento &#8211; gestione ottimale delle fluttuazioni stagionali.<\/li>\n\n\n\n<li>Riduzione dei costi grazie all&#8217;automazione dei processi di ordinazione e fatturazione.<\/li>\n\n\n\n<li>Gestione efficiente dell&#8217;inventario.<\/li>\n\n\n\n<li>Si assicuri che tutte le transazioni siano conformi ai requisiti legali.<\/li>\n\n\n\n<li>Benefici della vasta rete di partner commerciali del settore, facilitando l&#8217;integrazione di nuovi partner commerciali.<\/li>\n\n\n\n<li>Esternalizzando le operazioni EDI, Lei pu\u00f2 concentrarsi su attivit\u00e0 fondamentali come la qualit\u00e0 dei prodotti, le vendite e l\u2019assistenza ai clienti.<\/li>\n<\/ul>\n\n\n\n<blockquote class=\"wp-block-quote is-layout-flow wp-block-quote-is-layout-flow\">\n<p class=\"has-medium-font-size\">Tutti i nostri scambi di dati elettronici vengono gestiti in modo sicuro e online, senza l&#8217;utilizzo di carta, grazie all\u2019EDI Service. Questo <strong>ci permette di risparmiare<\/strong> risorse, spazio e <strong>di contribuire alla tutela dell\u2019ambiente<\/strong>.<\/p>\n<cite><a href=\"https:\/\/www.stiegl.at\/\">Stiegl <\/a>GmbH<\/cite><\/blockquote>\n\n\n\n<h5 class=\"wp-block-heading has-primary-color has-text-color\">Comunicazione fluida<\/h5>\n\n\n\n<p>Il commercio delle bevande non si limita a rifornire il commercio alimentare, ma anche il settore della ristorazione deve affrontare sfide particolari. Il ciclo delle merci deve funzionare in modo ottimale, le bevande devono essere sempre disponibili per gli ospiti. Il nostro EDI Service automatizza i processi di ordinazione, riduce l&#8217;utilizzo delle merci ed elabora automaticamente le restituzioni dei depositi, risparmiando tempo e ottimizzando i processi quotidiani. <\/p>\n\n\n\n<p>l\u2019EDI Service consente una gestione efficace dell&#8217;inventario per far fronte alle fluttuazioni stagionali della domanda ed evitare eccedenze o carenze di scorte. Inoltre, facilita le consegne just-in-time, riducendo i costi di stoccaggio e minimizzando l&#8217;impegno di capitale. Nel contesto della globalizzazione, l\u2019EDI Service aiuta a superare le differenze culturali, le normative doganali e le barriere commerciali nei mercati internazionali. Anche la gestione delle reti di clienti e fornitori viene semplificata.<\/p>\n\n\n\n<p>Tutto questo, e molto altro ancora, fa s\u00ec che i Suoi processi aziendali internazionali funzionino ad alta velocit\u00e0 e vadano sempre a segno!<\/p>\n\n\n\n<div style=\"margin-top:0;margin-bottom:0;height:63px\" aria-hidden=\"true\" class=\"wp-block-spacer\"><\/div>\n\n\n\n<h5 class=\"wp-block-heading has-primary-color has-text-color\">Commercio di bevande &#8211; Riferimenti dei partner di EDI Service<\/h5>\n\n\n\n<figure class=\"wp-block-gallery has-nested-images columns-4 wp-block-gallery-1 is-layout-flex wp-block-gallery-is-layout-flex\">\n<figure class=\"wp-block-image size-medium has-custom-border\"><img loading=\"lazy\" decoding=\"async\" width=\"300\" height=\"300\" data-id=\"633\" src=\"https:\/\/edi-service.partners\/wp-content\/uploads\/2023\/06\/almdudler-300x300.png\" alt=\"\" class=\"wp-image-633\" style=\"border-width:1px;border-radius:20px\" srcset=\"https:\/\/edi-service.partners\/wp-content\/uploads\/2023\/06\/almdudler-300x300.png 300w, https:\/\/edi-service.partners\/wp-content\/uploads\/2023\/06\/almdudler-150x150.png 150w, https:\/\/edi-service.partners\/wp-content\/uploads\/2023\/06\/almdudler.png 400w\" sizes=\"auto, (max-width: 300px) 100vw, 300px\" \/><\/figure>\n\n\n\n<figure class=\"wp-block-image size-medium has-custom-border\"><img loading=\"lazy\" decoding=\"async\" width=\"300\" height=\"300\" data-id=\"867\" src=\"https:\/\/edi-service.partners\/wp-content\/uploads\/2023\/06\/kulmbacher-1-300x300.png\" alt=\"kulmbacher\" class=\"wp-image-867\" style=\"border-width:1px;border-radius:20px\"\/><\/figure>\n\n\n\n<figure class=\"wp-block-image size-medium has-custom-border\"><img loading=\"lazy\" decoding=\"async\" width=\"300\" height=\"300\" data-id=\"635\" src=\"https:\/\/edi-service.partners\/wp-content\/uploads\/2023\/06\/stiegl-300x300.png\" alt=\"\" class=\"wp-image-635\" style=\"border-width:1px;border-radius:21px\" srcset=\"https:\/\/edi-service.partners\/wp-content\/uploads\/2023\/06\/stiegl-300x300.png 300w, https:\/\/edi-service.partners\/wp-content\/uploads\/2023\/06\/stiegl-150x150.png 150w, https:\/\/edi-service.partners\/wp-content\/uploads\/2023\/06\/stiegl.png 400w\" sizes=\"auto, (max-width: 300px) 100vw, 300px\" \/><\/figure>\n\n\n\n<figure class=\"wp-block-image size-medium has-custom-border\"><img loading=\"lazy\" decoding=\"async\" width=\"300\" height=\"300\" data-id=\"864\" src=\"https:\/\/edi-service.partners\/wp-content\/uploads\/2023\/06\/kattus-300x300.png\" alt=\"Logo Kattus, riferimento EDI Service Partners\" class=\"wp-image-864\" style=\"border-width:1px;border-radius:21px\"\/><\/figure>\n<\/figure>\n","protected":false},"excerpt":{"rendered":"<p>Connessione EDI per il commercio di bevande<\/p>\n","protected":false},"author":3,"featured_media":4810,"parent":0,"menu_order":0,"comment_status":"closed","ping_status":"closed","template":"branche","meta":{"inline_featured_image":false,"slim_seo":{"title":"EDI Service nel settore delle bevande","description":"Automatizza i processi di ordinazione e ottimizza i flussi di lavoro quotidiani: il nostro EDI Service lo fa per te. Connessioni EDI nel settore delle bevande."},"footnotes":""},"folder":[10],"class_list":["post-4807","page","type-page","status-publish","has-post-thumbnail","hentry"],"yoast_head":"<!-- This site is optimized with the Yoast SEO plugin v27.3 - https:\/\/yoast.com\/product\/yoast-seo-wordpress\/ -->\n<title>EDI Service nel settore delle bevande - EDI Service Partners<\/title>\n<meta name=\"description\" content=\"Automatizza i processi di ordinazione e ottimizza i flussi di lavoro quotidiani: il nostro EDI Service lo fa per te. Connessioni EDI nel settore delle bevande.\" \/>\n<meta name=\"robots\" content=\"index, follow, max-snippet:-1, max-image-preview:large, max-video-preview:-1\" \/>\n<link rel=\"canonical\" href=\"https:\/\/edi-service.partners\/it\/edi-service-nel-settore-delle-bevande\/\" \/>\n<meta property=\"og:locale\" content=\"it_IT\" \/>\n<meta property=\"og:type\" content=\"article\" \/>\n<meta property=\"og:title\" content=\"EDI Service nel settore delle bevande - EDI Service Partners\" \/>\n<meta property=\"og:description\" content=\"Automatizza i processi di ordinazione e ottimizza i flussi di lavoro quotidiani: il nostro EDI Service lo fa per te. Connessioni EDI nel settore delle bevande.\" \/>\n<meta property=\"og:url\" content=\"https:\/\/edi-service.partners\/it\/edi-service-nel-settore-delle-bevande\/\" \/>\n<meta property=\"og:site_name\" content=\"EDI Service Partners\" \/>\n<meta property=\"article:publisher\" content=\"https:\/\/www.facebook.com\/ediservicepartners\" \/>\n<meta property=\"article:modified_time\" content=\"2025-10-24T11:58:50+00:00\" \/>\n<meta property=\"og:image\" content=\"https:\/\/edi-service.partners\/wp-content\/uploads\/2023\/07\/Getraenke.jpeg\" \/>\n\t<meta property=\"og:image:width\" content=\"1500\" \/>\n\t<meta property=\"og:image:height\" content=\"428\" \/>\n\t<meta property=\"og:image:type\" content=\"image\/jpeg\" \/>\n<meta name=\"twitter:card\" content=\"summary_large_image\" \/>\n<meta name=\"twitter:label1\" content=\"Tempo di lettura stimato\" \/>\n\t<meta name=\"twitter:data1\" content=\"3 minuti\" \/>\n<script type=\"application\/ld+json\" class=\"yoast-schema-graph\">{\"@context\":\"https:\\\/\\\/schema.org\",\"@graph\":[{\"@type\":\"WebPage\",\"@id\":\"https:\\\/\\\/edi-service.partners\\\/it\\\/edi-service-nel-settore-delle-bevande\\\/\",\"url\":\"https:\\\/\\\/edi-service.partners\\\/it\\\/edi-service-nel-settore-delle-bevande\\\/\",\"name\":\"EDI Service nel settore delle bevande - EDI Service Partners\",\"isPartOf\":{\"@id\":\"https:\\\/\\\/edi-service.partners\\\/it\\\/#website\"},\"primaryImageOfPage\":{\"@id\":\"https:\\\/\\\/edi-service.partners\\\/it\\\/edi-service-nel-settore-delle-bevande\\\/#primaryimage\"},\"image\":{\"@id\":\"https:\\\/\\\/edi-service.partners\\\/it\\\/edi-service-nel-settore-delle-bevande\\\/#primaryimage\"},\"thumbnailUrl\":\"https:\\\/\\\/edi-service.partners\\\/wp-content\\\/uploads\\\/2023\\\/07\\\/Getraenke.jpeg\",\"datePublished\":\"2023-06-13T08:37:21+00:00\",\"dateModified\":\"2025-10-24T11:58:50+00:00\",\"description\":\"Automatizza i processi di ordinazione e ottimizza i flussi di lavoro quotidiani: il nostro EDI Service lo fa per te. Connessioni EDI nel settore delle bevande.\",\"breadcrumb\":{\"@id\":\"https:\\\/\\\/edi-service.partners\\\/it\\\/edi-service-nel-settore-delle-bevande\\\/#breadcrumb\"},\"inLanguage\":\"it-IT\",\"potentialAction\":[{\"@type\":\"ReadAction\",\"target\":[\"https:\\\/\\\/edi-service.partners\\\/it\\\/edi-service-nel-settore-delle-bevande\\\/\"]}]},{\"@type\":\"ImageObject\",\"inLanguage\":\"it-IT\",\"@id\":\"https:\\\/\\\/edi-service.partners\\\/it\\\/edi-service-nel-settore-delle-bevande\\\/#primaryimage\",\"url\":\"https:\\\/\\\/edi-service.partners\\\/wp-content\\\/uploads\\\/2023\\\/07\\\/Getraenke.jpeg\",\"contentUrl\":\"https:\\\/\\\/edi-service.partners\\\/wp-content\\\/uploads\\\/2023\\\/07\\\/Getraenke.jpeg\",\"width\":1500,\"height\":428},{\"@type\":\"BreadcrumbList\",\"@id\":\"https:\\\/\\\/edi-service.partners\\\/it\\\/edi-service-nel-settore-delle-bevande\\\/#breadcrumb\",\"itemListElement\":[{\"@type\":\"ListItem\",\"position\":1,\"name\":\"Startseite\",\"item\":\"https:\\\/\\\/edi-service.partners\\\/it\\\/\"},{\"@type\":\"ListItem\",\"position\":2,\"name\":\"EDI Service nel settore delle bevande\"}]},{\"@type\":\"WebSite\",\"@id\":\"https:\\\/\\\/edi-service.partners\\\/it\\\/#website\",\"url\":\"https:\\\/\\\/edi-service.partners\\\/it\\\/\",\"name\":\"EDI Service Partners\",\"description\":\"Ihre Partner f\u00fcr EDI-L\u00f6sungen\",\"publisher\":{\"@id\":\"https:\\\/\\\/edi-service.partners\\\/it\\\/#organization\"},\"potentialAction\":[{\"@type\":\"SearchAction\",\"target\":{\"@type\":\"EntryPoint\",\"urlTemplate\":\"https:\\\/\\\/edi-service.partners\\\/it\\\/?s={search_term_string}\"},\"query-input\":{\"@type\":\"PropertyValueSpecification\",\"valueRequired\":true,\"valueName\":\"search_term_string\"}}],\"inLanguage\":\"it-IT\"},{\"@type\":\"Organization\",\"@id\":\"https:\\\/\\\/edi-service.partners\\\/it\\\/#organization\",\"name\":\"Avenum Technologie GmbH und Avedium Technologie GmbH\",\"url\":\"https:\\\/\\\/edi-service.partners\\\/it\\\/\",\"logo\":{\"@type\":\"ImageObject\",\"inLanguage\":\"it-IT\",\"@id\":\"https:\\\/\\\/edi-service.partners\\\/it\\\/#\\\/schema\\\/logo\\\/image\\\/\",\"url\":\"https:\\\/\\\/edi-service.partners\\\/wp-content\\\/uploads\\\/2023\\\/05\\\/edi-service.png\",\"contentUrl\":\"https:\\\/\\\/edi-service.partners\\\/wp-content\\\/uploads\\\/2023\\\/05\\\/edi-service.png\",\"width\":1580,\"height\":250,\"caption\":\"Avenum Technologie GmbH und Avedium Technologie GmbH\"},\"image\":{\"@id\":\"https:\\\/\\\/edi-service.partners\\\/it\\\/#\\\/schema\\\/logo\\\/image\\\/\"},\"sameAs\":[\"https:\\\/\\\/www.facebook.com\\\/ediservicepartners\",\"https:\\\/\\\/www.linkedin.com\\\/company\\\/ediservice\"]}]}<\/script>\n<!-- \/ Yoast SEO plugin. -->","yoast_head_json":{"title":"EDI Service nel settore delle bevande - EDI Service Partners","description":"Automatizza i processi di ordinazione e ottimizza i flussi di lavoro quotidiani: il nostro EDI Service lo fa per te. Connessioni EDI nel settore delle bevande.","robots":{"index":"index","follow":"follow","max-snippet":"max-snippet:-1","max-image-preview":"max-image-preview:large","max-video-preview":"max-video-preview:-1"},"canonical":"https:\/\/edi-service.partners\/it\/edi-service-nel-settore-delle-bevande\/","og_locale":"it_IT","og_type":"article","og_title":"EDI Service nel settore delle bevande - EDI Service Partners","og_description":"Automatizza i processi di ordinazione e ottimizza i flussi di lavoro quotidiani: il nostro EDI Service lo fa per te. Connessioni EDI nel settore delle bevande.","og_url":"https:\/\/edi-service.partners\/it\/edi-service-nel-settore-delle-bevande\/","og_site_name":"EDI Service Partners","article_publisher":"https:\/\/www.facebook.com\/ediservicepartners","article_modified_time":"2025-10-24T11:58:50+00:00","og_image":[{"width":1500,"height":428,"url":"https:\/\/edi-service.partners\/wp-content\/uploads\/2023\/07\/Getraenke.jpeg","type":"image\/jpeg"}],"twitter_card":"summary_large_image","twitter_misc":{"Tempo di lettura stimato":"3 minuti"},"schema":{"@context":"https:\/\/schema.org","@graph":[{"@type":"WebPage","@id":"https:\/\/edi-service.partners\/it\/edi-service-nel-settore-delle-bevande\/","url":"https:\/\/edi-service.partners\/it\/edi-service-nel-settore-delle-bevande\/","name":"EDI Service nel settore delle bevande - EDI Service Partners","isPartOf":{"@id":"https:\/\/edi-service.partners\/it\/#website"},"primaryImageOfPage":{"@id":"https:\/\/edi-service.partners\/it\/edi-service-nel-settore-delle-bevande\/#primaryimage"},"image":{"@id":"https:\/\/edi-service.partners\/it\/edi-service-nel-settore-delle-bevande\/#primaryimage"},"thumbnailUrl":"https:\/\/edi-service.partners\/wp-content\/uploads\/2023\/07\/Getraenke.jpeg","datePublished":"2023-06-13T08:37:21+00:00","dateModified":"2025-10-24T11:58:50+00:00","description":"Automatizza i processi di ordinazione e ottimizza i flussi di lavoro quotidiani: il nostro EDI Service lo fa per te. Connessioni EDI nel settore delle bevande.","breadcrumb":{"@id":"https:\/\/edi-service.partners\/it\/edi-service-nel-settore-delle-bevande\/#breadcrumb"},"inLanguage":"it-IT","potentialAction":[{"@type":"ReadAction","target":["https:\/\/edi-service.partners\/it\/edi-service-nel-settore-delle-bevande\/"]}]},{"@type":"ImageObject","inLanguage":"it-IT","@id":"https:\/\/edi-service.partners\/it\/edi-service-nel-settore-delle-bevande\/#primaryimage","url":"https:\/\/edi-service.partners\/wp-content\/uploads\/2023\/07\/Getraenke.jpeg","contentUrl":"https:\/\/edi-service.partners\/wp-content\/uploads\/2023\/07\/Getraenke.jpeg","width":1500,"height":428},{"@type":"BreadcrumbList","@id":"https:\/\/edi-service.partners\/it\/edi-service-nel-settore-delle-bevande\/#breadcrumb","itemListElement":[{"@type":"ListItem","position":1,"name":"Startseite","item":"https:\/\/edi-service.partners\/it\/"},{"@type":"ListItem","position":2,"name":"EDI Service nel settore delle bevande"}]},{"@type":"WebSite","@id":"https:\/\/edi-service.partners\/it\/#website","url":"https:\/\/edi-service.partners\/it\/","name":"EDI Service Partners","description":"Ihre Partner f\u00fcr EDI-L\u00f6sungen","publisher":{"@id":"https:\/\/edi-service.partners\/it\/#organization"},"potentialAction":[{"@type":"SearchAction","target":{"@type":"EntryPoint","urlTemplate":"https:\/\/edi-service.partners\/it\/?s={search_term_string}"},"query-input":{"@type":"PropertyValueSpecification","valueRequired":true,"valueName":"search_term_string"}}],"inLanguage":"it-IT"},{"@type":"Organization","@id":"https:\/\/edi-service.partners\/it\/#organization","name":"Avenum Technologie GmbH und Avedium Technologie GmbH","url":"https:\/\/edi-service.partners\/it\/","logo":{"@type":"ImageObject","inLanguage":"it-IT","@id":"https:\/\/edi-service.partners\/it\/#\/schema\/logo\/image\/","url":"https:\/\/edi-service.partners\/wp-content\/uploads\/2023\/05\/edi-service.png","contentUrl":"https:\/\/edi-service.partners\/wp-content\/uploads\/2023\/05\/edi-service.png","width":1580,"height":250,"caption":"Avenum Technologie GmbH und Avedium Technologie GmbH"},"image":{"@id":"https:\/\/edi-service.partners\/it\/#\/schema\/logo\/image\/"},"sameAs":["https:\/\/www.facebook.com\/ediservicepartners","https:\/\/www.linkedin.com\/company\/ediservice"]}]}},"_links":{"self":[{"href":"https:\/\/edi-service.partners\/it\/wp-json\/wp\/v2\/pages\/4807","targetHints":{"allow":["GET"]}}],"collection":[{"href":"https:\/\/edi-service.partners\/it\/wp-json\/wp\/v2\/pages"}],"about":[{"href":"https:\/\/edi-service.partners\/it\/wp-json\/wp\/v2\/types\/page"}],"author":[{"embeddable":true,"href":"https:\/\/edi-service.partners\/it\/wp-json\/wp\/v2\/users\/3"}],"replies":[{"embeddable":true,"href":"https:\/\/edi-service.partners\/it\/wp-json\/wp\/v2\/comments?post=4807"}],"version-history":[{"count":2,"href":"https:\/\/edi-service.partners\/it\/wp-json\/wp\/v2\/pages\/4807\/revisions"}],"predecessor-version":[{"id":6375,"href":"https:\/\/edi-service.partners\/it\/wp-json\/wp\/v2\/pages\/4807\/revisions\/6375"}],"wp:featuredmedia":[{"embeddable":true,"href":"https:\/\/edi-service.partners\/it\/wp-json\/wp\/v2\/media\/4810"}],"wp:attachment":[{"href":"https:\/\/edi-service.partners\/it\/wp-json\/wp\/v2\/media?parent=4807"}],"wp:term":[{"taxonomy":"folder","embeddable":true,"href":"https:\/\/edi-service.partners\/it\/wp-json\/wp\/v2\/folder?post=4807"}],"curies":[{"name":"wp","href":"https:\/\/api.w.org\/{rel}","templated":true}]}}