{"id":4812,"date":"2023-06-13T10:33:55","date_gmt":"2023-06-13T08:33:55","guid":{"rendered":"https:\/\/edi-service.partners\/edi-service-nel-commercio-allingrosso-specializzato\/"},"modified":"2025-10-24T13:35:42","modified_gmt":"2025-10-24T11:35:42","slug":"edi-service-nel-commercio-allingrosso-specializzato","status":"publish","type":"page","link":"https:\/\/edi-service.partners\/it\/edi-service-nel-commercio-allingrosso-specializzato\/","title":{"rendered":"EDI Service nel commercio all&#8217;ingrosso specializzato"},"content":{"rendered":"\n<p><strong>In che modo <strong>l\u2019EDI Service<\/strong> pu\u00f2 supportare la Sua azienda nel commercio all\u2019ingrosso specializzato?<\/strong><\/p>\n\n\n\n<ul class=\"wp-block-list\">\n<li>Ottimizzazione della catena di approvvigionamento: l\u2019EDI Service consente una pianificazione e un coordinamento pi\u00f9 precisi delle consegne.<\/li>\n\n\n\n<li>Conformit\u00e0: la conformit\u00e0 agli standard e alle normative del settore \u00e8 pi\u00f9 semplice.<\/li>\n\n\n\n<li>Competitivit\u00e0: una maggiore efficienza e tempi di risposta pi\u00f9 rapidi migliorano la posizione competitiva.<\/li>\n\n\n\n<li>Sicurezza dei dati: i dati vengono trasmessi e archiviati in modo sicuro per garantire la riservatezza.<\/li>\n\n\n\n<li>Riduzione dei costi: la riduzione degli interventi manuali e dei costi della carta porta a un risparmio economico.<\/li>\n<\/ul>\n\n\n\n<blockquote class=\"wp-block-quote is-layout-flow wp-block-quote-is-layout-flow\">\n<p class=\"has-medium-font-size\">Siamo conosciuti dai nostri clienti per la rapida disponibilit\u00e0 delle merci e l&#8217;affidabilit\u00e0 delle consegne, e il EDI Service di Avenum ci supporta in questo.<\/p>\n<cite>Andreas Seiler, Business Application Manager&nbsp;<a href=\"https:\/\/www.rexel.at\/\">REXEL Austria<\/a><\/cite><\/blockquote>\n\n\n\n<h5 class=\"wp-block-heading has-primary-color has-text-color\">Grande, pi\u00f9 grande, EDI<\/h5>\n\n\n\n<p>L\u2019innovazione \u00e8 necessaria per ottenere un vantaggio competitivo decisivo.<br>Tuttavia, la digitalizzazione spesso fallisce a causa della mancanza di requisiti tecnici, dei lunghi tempi di coordinamento interno e con clienti e fornitori, della scarsa standardizzazione del settore, degli alti costi di programmazione e della mancanza di tempo e risorse. Il nostro EDI Service professionale pu\u00f2 aiutarLa a trovare una soluzione.<\/p>\n\n\n\n<div style=\"margin-top:0;margin-bottom:0;height:63px\" aria-hidden=\"true\" class=\"wp-block-spacer\"><\/div>\n\n\n\n<h5 class=\"wp-block-heading has-primary-color has-text-color\">Commercio all&#8217;ingrosso specializzato &#8211; EDI Service Partners Riferimenti<\/h5>\n\n\n\n<figure class=\"wp-block-gallery has-nested-images columns-default wp-block-gallery-1 is-layout-flex wp-block-gallery-is-layout-flex\">\n<figure class=\"wp-block-image size-full has-custom-border\"><img loading=\"lazy\" decoding=\"async\" width=\"400\" height=\"400\" data-id=\"591\" src=\"https:\/\/edi-service.partners\/wp-content\/uploads\/2023\/06\/Boomex.png\" alt=\"\" class=\"wp-image-591\" style=\"border-width:1px;border-radius:20px\" srcset=\"https:\/\/edi-service.partners\/wp-content\/uploads\/2023\/06\/Boomex.png 400w, https:\/\/edi-service.partners\/wp-content\/uploads\/2023\/06\/Boomex-300x300.png 300w, https:\/\/edi-service.partners\/wp-content\/uploads\/2023\/06\/Boomex-150x150.png 150w\" sizes=\"auto, (max-width: 400px) 100vw, 400px\" \/><\/figure>\n\n\n\n<figure class=\"wp-block-image size-full has-custom-border\"><img loading=\"lazy\" decoding=\"async\" width=\"400\" height=\"400\" data-id=\"609\" src=\"https:\/\/edi-service.partners\/wp-content\/uploads\/2023\/06\/Lorencic.png\" alt=\"Lorencic\" class=\"wp-image-609\" style=\"border-width:1px;border-radius:20px\" srcset=\"https:\/\/edi-service.partners\/wp-content\/uploads\/2023\/06\/Lorencic.png 400w, https:\/\/edi-service.partners\/wp-content\/uploads\/2023\/06\/Lorencic-300x300.png 300w, https:\/\/edi-service.partners\/wp-content\/uploads\/2023\/06\/Lorencic-150x150.png 150w\" sizes=\"auto, (max-width: 400px) 100vw, 400px\" \/><\/figure>\n\n\n\n<figure class=\"wp-block-image size-full has-custom-border\"><img loading=\"lazy\" decoding=\"async\" width=\"400\" height=\"400\" data-id=\"593\" src=\"https:\/\/edi-service.partners\/wp-content\/uploads\/2023\/06\/Rexel.png\" alt=\"\" class=\"wp-image-593\" style=\"border-width:1px;border-radius:21px\" srcset=\"https:\/\/edi-service.partners\/wp-content\/uploads\/2023\/06\/Rexel.png 400w, https:\/\/edi-service.partners\/wp-content\/uploads\/2023\/06\/Rexel-300x300.png 300w, https:\/\/edi-service.partners\/wp-content\/uploads\/2023\/06\/Rexel-150x150.png 150w\" sizes=\"auto, (max-width: 400px) 100vw, 400px\" \/><\/figure>\n<\/figure>\n","protected":false},"excerpt":{"rendered":"<p>In che modo l\u2019EDI Service pu\u00f2 supportare la Sua azienda nel commercio all\u2019ingrosso specializzato? Siamo conosciuti dai nostri clienti per la rapida disponibilit\u00e0 delle merci e l&#8217;affidabilit\u00e0 delle consegne, e il EDI Service di Avenum ci supporta in questo. Andreas Seiler, Business Application Manager&nbsp;REXEL Austria Grande, pi\u00f9 grande, EDI L\u2019innovazione \u00e8 necessaria per ottenere un [&hellip;]<\/p>\n","protected":false},"author":3,"featured_media":4817,"parent":0,"menu_order":0,"comment_status":"closed","ping_status":"closed","template":"branche","meta":{"inline_featured_image":false,"slim_seo":{"title":"Servizio EDI nel commercio all'ingrosso specializzato","description":"Il nostro servizio EDI ti supporta nel garantire la catena di approvvigionamento, in modo che tu possa concentrarti sul tuo core business \u2713 Grossisti specializzati"},"footnotes":""},"folder":[10],"class_list":["post-4812","page","type-page","status-publish","has-post-thumbnail","hentry"],"yoast_head":"<!-- This site is optimized with the Yoast SEO plugin v27.3 - https:\/\/yoast.com\/product\/yoast-seo-wordpress\/ -->\n<title>EDI Service nel commercio all&#039;ingrosso specializzato - EDI Service Partners<\/title>\n<meta name=\"description\" content=\"Il nostro EDI Service ti supporta nel garantire la catena di fornitura - pi\u00f9 tempo per il tuo core business \u2713 Grossisti specializzati\" \/>\n<meta name=\"robots\" content=\"index, follow, max-snippet:-1, max-image-preview:large, max-video-preview:-1\" \/>\n<link rel=\"canonical\" href=\"https:\/\/edi-service.partners\/it\/edi-service-nel-commercio-allingrosso-specializzato\/\" \/>\n<meta property=\"og:locale\" content=\"it_IT\" \/>\n<meta property=\"og:type\" content=\"article\" \/>\n<meta property=\"og:title\" content=\"EDI Service nel commercio all&#039;ingrosso specializzato - EDI Service Partners\" \/>\n<meta property=\"og:description\" content=\"Il nostro EDI Service ti supporta nel garantire la catena di fornitura - pi\u00f9 tempo per il tuo core business \u2713 Grossisti specializzati\" \/>\n<meta property=\"og:url\" content=\"https:\/\/edi-service.partners\/it\/edi-service-nel-commercio-allingrosso-specializzato\/\" \/>\n<meta property=\"og:site_name\" content=\"EDI Service Partners\" \/>\n<meta property=\"article:publisher\" content=\"https:\/\/www.facebook.com\/ediservicepartners\" \/>\n<meta property=\"article:modified_time\" content=\"2025-10-24T11:35:42+00:00\" \/>\n<meta property=\"og:image\" content=\"https:\/\/edi-service.partners\/wp-content\/uploads\/2023\/07\/hero-1.jpeg\" \/>\n\t<meta property=\"og:image:width\" content=\"1500\" \/>\n\t<meta property=\"og:image:height\" content=\"1001\" \/>\n\t<meta property=\"og:image:type\" content=\"image\/jpeg\" \/>\n<meta name=\"twitter:card\" content=\"summary_large_image\" \/>\n<meta name=\"twitter:label1\" content=\"Tempo di lettura stimato\" \/>\n\t<meta name=\"twitter:data1\" content=\"2 minuti\" \/>\n<script type=\"application\/ld+json\" class=\"yoast-schema-graph\">{\"@context\":\"https:\\\/\\\/schema.org\",\"@graph\":[{\"@type\":\"WebPage\",\"@id\":\"https:\\\/\\\/edi-service.partners\\\/it\\\/edi-service-nel-commercio-allingrosso-specializzato\\\/\",\"url\":\"https:\\\/\\\/edi-service.partners\\\/it\\\/edi-service-nel-commercio-allingrosso-specializzato\\\/\",\"name\":\"EDI Service nel commercio all'ingrosso specializzato - EDI Service Partners\",\"isPartOf\":{\"@id\":\"https:\\\/\\\/edi-service.partners\\\/it\\\/#website\"},\"primaryImageOfPage\":{\"@id\":\"https:\\\/\\\/edi-service.partners\\\/it\\\/edi-service-nel-commercio-allingrosso-specializzato\\\/#primaryimage\"},\"image\":{\"@id\":\"https:\\\/\\\/edi-service.partners\\\/it\\\/edi-service-nel-commercio-allingrosso-specializzato\\\/#primaryimage\"},\"thumbnailUrl\":\"https:\\\/\\\/edi-service.partners\\\/wp-content\\\/uploads\\\/2023\\\/07\\\/hero-1.jpeg\",\"datePublished\":\"2023-06-13T08:33:55+00:00\",\"dateModified\":\"2025-10-24T11:35:42+00:00\",\"description\":\"Il nostro EDI Service ti supporta nel garantire la catena di fornitura - pi\u00f9 tempo per il tuo core business \u2713 Grossisti specializzati\",\"breadcrumb\":{\"@id\":\"https:\\\/\\\/edi-service.partners\\\/it\\\/edi-service-nel-commercio-allingrosso-specializzato\\\/#breadcrumb\"},\"inLanguage\":\"it-IT\",\"potentialAction\":[{\"@type\":\"ReadAction\",\"target\":[\"https:\\\/\\\/edi-service.partners\\\/it\\\/edi-service-nel-commercio-allingrosso-specializzato\\\/\"]}]},{\"@type\":\"ImageObject\",\"inLanguage\":\"it-IT\",\"@id\":\"https:\\\/\\\/edi-service.partners\\\/it\\\/edi-service-nel-commercio-allingrosso-specializzato\\\/#primaryimage\",\"url\":\"https:\\\/\\\/edi-service.partners\\\/wp-content\\\/uploads\\\/2023\\\/07\\\/hero-1.jpeg\",\"contentUrl\":\"https:\\\/\\\/edi-service.partners\\\/wp-content\\\/uploads\\\/2023\\\/07\\\/hero-1.jpeg\",\"width\":1500,\"height\":1001},{\"@type\":\"BreadcrumbList\",\"@id\":\"https:\\\/\\\/edi-service.partners\\\/it\\\/edi-service-nel-commercio-allingrosso-specializzato\\\/#breadcrumb\",\"itemListElement\":[{\"@type\":\"ListItem\",\"position\":1,\"name\":\"Startseite\",\"item\":\"https:\\\/\\\/edi-service.partners\\\/it\\\/\"},{\"@type\":\"ListItem\",\"position\":2,\"name\":\"EDI Service nel commercio all&#8217;ingrosso specializzato\"}]},{\"@type\":\"WebSite\",\"@id\":\"https:\\\/\\\/edi-service.partners\\\/it\\\/#website\",\"url\":\"https:\\\/\\\/edi-service.partners\\\/it\\\/\",\"name\":\"EDI Service Partners\",\"description\":\"Ihre Partner f\u00fcr EDI-L\u00f6sungen\",\"publisher\":{\"@id\":\"https:\\\/\\\/edi-service.partners\\\/it\\\/#organization\"},\"potentialAction\":[{\"@type\":\"SearchAction\",\"target\":{\"@type\":\"EntryPoint\",\"urlTemplate\":\"https:\\\/\\\/edi-service.partners\\\/it\\\/?s={search_term_string}\"},\"query-input\":{\"@type\":\"PropertyValueSpecification\",\"valueRequired\":true,\"valueName\":\"search_term_string\"}}],\"inLanguage\":\"it-IT\"},{\"@type\":\"Organization\",\"@id\":\"https:\\\/\\\/edi-service.partners\\\/it\\\/#organization\",\"name\":\"Avenum Technologie GmbH und Avedium Technologie GmbH\",\"url\":\"https:\\\/\\\/edi-service.partners\\\/it\\\/\",\"logo\":{\"@type\":\"ImageObject\",\"inLanguage\":\"it-IT\",\"@id\":\"https:\\\/\\\/edi-service.partners\\\/it\\\/#\\\/schema\\\/logo\\\/image\\\/\",\"url\":\"https:\\\/\\\/edi-service.partners\\\/wp-content\\\/uploads\\\/2023\\\/05\\\/edi-service.png\",\"contentUrl\":\"https:\\\/\\\/edi-service.partners\\\/wp-content\\\/uploads\\\/2023\\\/05\\\/edi-service.png\",\"width\":1580,\"height\":250,\"caption\":\"Avenum Technologie GmbH und Avedium Technologie GmbH\"},\"image\":{\"@id\":\"https:\\\/\\\/edi-service.partners\\\/it\\\/#\\\/schema\\\/logo\\\/image\\\/\"},\"sameAs\":[\"https:\\\/\\\/www.facebook.com\\\/ediservicepartners\",\"https:\\\/\\\/www.linkedin.com\\\/company\\\/ediservice\"]}]}<\/script>\n<!-- \/ Yoast SEO plugin. -->","yoast_head_json":{"title":"EDI Service nel commercio all'ingrosso specializzato - EDI Service Partners","description":"Il nostro EDI Service ti supporta nel garantire la catena di fornitura - pi\u00f9 tempo per il tuo core business \u2713 Grossisti specializzati","robots":{"index":"index","follow":"follow","max-snippet":"max-snippet:-1","max-image-preview":"max-image-preview:large","max-video-preview":"max-video-preview:-1"},"canonical":"https:\/\/edi-service.partners\/it\/edi-service-nel-commercio-allingrosso-specializzato\/","og_locale":"it_IT","og_type":"article","og_title":"EDI Service nel commercio all'ingrosso specializzato - EDI Service Partners","og_description":"Il nostro EDI Service ti supporta nel garantire la catena di fornitura - pi\u00f9 tempo per il tuo core business \u2713 Grossisti specializzati","og_url":"https:\/\/edi-service.partners\/it\/edi-service-nel-commercio-allingrosso-specializzato\/","og_site_name":"EDI Service Partners","article_publisher":"https:\/\/www.facebook.com\/ediservicepartners","article_modified_time":"2025-10-24T11:35:42+00:00","og_image":[{"width":1500,"height":1001,"url":"https:\/\/edi-service.partners\/wp-content\/uploads\/2023\/07\/hero-1.jpeg","type":"image\/jpeg"}],"twitter_card":"summary_large_image","twitter_misc":{"Tempo di lettura stimato":"2 minuti"},"schema":{"@context":"https:\/\/schema.org","@graph":[{"@type":"WebPage","@id":"https:\/\/edi-service.partners\/it\/edi-service-nel-commercio-allingrosso-specializzato\/","url":"https:\/\/edi-service.partners\/it\/edi-service-nel-commercio-allingrosso-specializzato\/","name":"EDI Service nel commercio all'ingrosso specializzato - EDI Service Partners","isPartOf":{"@id":"https:\/\/edi-service.partners\/it\/#website"},"primaryImageOfPage":{"@id":"https:\/\/edi-service.partners\/it\/edi-service-nel-commercio-allingrosso-specializzato\/#primaryimage"},"image":{"@id":"https:\/\/edi-service.partners\/it\/edi-service-nel-commercio-allingrosso-specializzato\/#primaryimage"},"thumbnailUrl":"https:\/\/edi-service.partners\/wp-content\/uploads\/2023\/07\/hero-1.jpeg","datePublished":"2023-06-13T08:33:55+00:00","dateModified":"2025-10-24T11:35:42+00:00","description":"Il nostro EDI Service ti supporta nel garantire la catena di fornitura - pi\u00f9 tempo per il tuo core business \u2713 Grossisti specializzati","breadcrumb":{"@id":"https:\/\/edi-service.partners\/it\/edi-service-nel-commercio-allingrosso-specializzato\/#breadcrumb"},"inLanguage":"it-IT","potentialAction":[{"@type":"ReadAction","target":["https:\/\/edi-service.partners\/it\/edi-service-nel-commercio-allingrosso-specializzato\/"]}]},{"@type":"ImageObject","inLanguage":"it-IT","@id":"https:\/\/edi-service.partners\/it\/edi-service-nel-commercio-allingrosso-specializzato\/#primaryimage","url":"https:\/\/edi-service.partners\/wp-content\/uploads\/2023\/07\/hero-1.jpeg","contentUrl":"https:\/\/edi-service.partners\/wp-content\/uploads\/2023\/07\/hero-1.jpeg","width":1500,"height":1001},{"@type":"BreadcrumbList","@id":"https:\/\/edi-service.partners\/it\/edi-service-nel-commercio-allingrosso-specializzato\/#breadcrumb","itemListElement":[{"@type":"ListItem","position":1,"name":"Startseite","item":"https:\/\/edi-service.partners\/it\/"},{"@type":"ListItem","position":2,"name":"EDI Service nel commercio all&#8217;ingrosso specializzato"}]},{"@type":"WebSite","@id":"https:\/\/edi-service.partners\/it\/#website","url":"https:\/\/edi-service.partners\/it\/","name":"EDI Service Partners","description":"Ihre Partner f\u00fcr EDI-L\u00f6sungen","publisher":{"@id":"https:\/\/edi-service.partners\/it\/#organization"},"potentialAction":[{"@type":"SearchAction","target":{"@type":"EntryPoint","urlTemplate":"https:\/\/edi-service.partners\/it\/?s={search_term_string}"},"query-input":{"@type":"PropertyValueSpecification","valueRequired":true,"valueName":"search_term_string"}}],"inLanguage":"it-IT"},{"@type":"Organization","@id":"https:\/\/edi-service.partners\/it\/#organization","name":"Avenum Technologie GmbH und Avedium Technologie GmbH","url":"https:\/\/edi-service.partners\/it\/","logo":{"@type":"ImageObject","inLanguage":"it-IT","@id":"https:\/\/edi-service.partners\/it\/#\/schema\/logo\/image\/","url":"https:\/\/edi-service.partners\/wp-content\/uploads\/2023\/05\/edi-service.png","contentUrl":"https:\/\/edi-service.partners\/wp-content\/uploads\/2023\/05\/edi-service.png","width":1580,"height":250,"caption":"Avenum Technologie GmbH und Avedium Technologie GmbH"},"image":{"@id":"https:\/\/edi-service.partners\/it\/#\/schema\/logo\/image\/"},"sameAs":["https:\/\/www.facebook.com\/ediservicepartners","https:\/\/www.linkedin.com\/company\/ediservice"]}]}},"_links":{"self":[{"href":"https:\/\/edi-service.partners\/it\/wp-json\/wp\/v2\/pages\/4812","targetHints":{"allow":["GET"]}}],"collection":[{"href":"https:\/\/edi-service.partners\/it\/wp-json\/wp\/v2\/pages"}],"about":[{"href":"https:\/\/edi-service.partners\/it\/wp-json\/wp\/v2\/types\/page"}],"author":[{"embeddable":true,"href":"https:\/\/edi-service.partners\/it\/wp-json\/wp\/v2\/users\/3"}],"replies":[{"embeddable":true,"href":"https:\/\/edi-service.partners\/it\/wp-json\/wp\/v2\/comments?post=4812"}],"version-history":[{"count":2,"href":"https:\/\/edi-service.partners\/it\/wp-json\/wp\/v2\/pages\/4812\/revisions"}],"predecessor-version":[{"id":6373,"href":"https:\/\/edi-service.partners\/it\/wp-json\/wp\/v2\/pages\/4812\/revisions\/6373"}],"wp:featuredmedia":[{"embeddable":true,"href":"https:\/\/edi-service.partners\/it\/wp-json\/wp\/v2\/media\/4817"}],"wp:attachment":[{"href":"https:\/\/edi-service.partners\/it\/wp-json\/wp\/v2\/media?parent=4812"}],"wp:term":[{"taxonomy":"folder","embeddable":true,"href":"https:\/\/edi-service.partners\/it\/wp-json\/wp\/v2\/folder?post=4812"}],"curies":[{"name":"wp","href":"https:\/\/api.w.org\/{rel}","templated":true}]}}