{"id":4915,"date":"2023-06-13T10:37:05","date_gmt":"2023-06-13T08:37:05","guid":{"rendered":"https:\/\/edi-service.partners\/edi-service-nella-logistica\/"},"modified":"2025-10-24T15:51:05","modified_gmt":"2025-10-24T13:51:05","slug":"edi-service-nella-logistica","status":"publish","type":"page","link":"https:\/\/edi-service.partners\/it\/edi-service-nella-logistica\/","title":{"rendered":"EDI Service nella logistica"},"content":{"rendered":"\n<p><strong>In che modo <strong>l\u2019EDI Service<\/strong> pu\u00f2 aiutarLa ad affrontare le sfide specifiche del settore logistico?<\/strong><\/p>\n\n\n\n<ul class=\"wp-block-list\">\n<li>Migliorare l&#8217;efficienza: con il nostro aiuto Lei pu\u00f2 migliorare i processi di cross-docking, ad esempio consentendo un rapido scambio di informazioni tra magazzini e fornitori di servizi di trasporto.<\/li>\n\n\n\n<li>Documentazione logistica: snellisca il trasferimento dei documenti di trasporto e dei documenti doganali per accelerare la logistica transfrontaliera e lo sdoganamento.<\/li>\n\n\n\n<li>Integrazione di Track &amp; Trace: il nostro EDI Service consente una perfetta integrazione dei sistemi di Track &amp; Trace, offrendole una visibilit\u00e0 in tempo reale dell&#8217;avanzamento e dello stato delle spedizioni.<\/li>\n<\/ul>\n\n\n\n<h5 class=\"wp-block-heading has-primary-color has-text-color\">Dati in autostrada<\/h5>\n\n\n\n<p>Le esigenze del settore logistico sono enormi: sempre pi\u00f9 velocit\u00e0, distanze maggiori e spazi sempre pi\u00f9 ridotti.<br>\u00c8 quindi ancora pi\u00f9 importante scambiare messaggi di transazioni logistiche tra produttori, fornitori, rivenditori e operatori logistici tramite <a href=\"https:\/\/edi-service.partners\/it\/edi-service-per-un-maggiore-successo\/\">EDI<\/a>. Per garantire che la comunicazione avvenga senza intoppi, i processi informativi tra i partner commerciali sono automatizzati e standardizzati, in modo che i messaggi vengano elaborati direttamente nei sistemi dei destinatari.<\/p>\n","protected":false},"excerpt":{"rendered":"<p>In che modo l\u2019EDI Service pu\u00f2 aiutarLa ad affrontare le sfide specifiche del settore logistico? Dati in autostrada Le esigenze del settore logistico sono enormi: sempre pi\u00f9 velocit\u00e0, distanze maggiori e spazi sempre pi\u00f9 ridotti.\u00c8 quindi ancora pi\u00f9 importante scambiare messaggi di transazioni logistiche tra produttori, fornitori, rivenditori e operatori logistici tramite EDI. Per garantire [&hellip;]<\/p>\n","protected":false},"author":3,"featured_media":4918,"parent":0,"menu_order":0,"comment_status":"closed","ping_status":"closed","template":"branche","meta":{"inline_featured_image":false,"slim_seo":{"title":"EDI Service nella logistica","description":"I EDI Service nella logistica consentono una comunicazione standardizzata e fluida lungo l'intera catena di fornitura."},"footnotes":""},"folder":[10],"class_list":["post-4915","page","type-page","status-publish","has-post-thumbnail","hentry"],"yoast_head":"<!-- This site is optimized with the Yoast SEO plugin v27.3 - https:\/\/yoast.com\/product\/yoast-seo-wordpress\/ -->\n<title>EDI Service nella logistica - EDI Service Partners<\/title>\n<meta name=\"description\" content=\"I EDI Service nella logistica consentono una comunicazione standardizzata e fluida lungo l&#039;intera catena di fornitura.\" \/>\n<meta name=\"robots\" content=\"index, follow, max-snippet:-1, max-image-preview:large, max-video-preview:-1\" \/>\n<link rel=\"canonical\" href=\"https:\/\/edi-service.partners\/it\/edi-service-nella-logistica\/\" \/>\n<meta property=\"og:locale\" content=\"it_IT\" \/>\n<meta property=\"og:type\" content=\"article\" \/>\n<meta property=\"og:title\" content=\"EDI Service nella logistica - EDI Service Partners\" \/>\n<meta property=\"og:description\" content=\"I EDI Service nella logistica consentono una comunicazione standardizzata e fluida lungo l&#039;intera catena di fornitura.\" \/>\n<meta property=\"og:url\" content=\"https:\/\/edi-service.partners\/it\/edi-service-nella-logistica\/\" \/>\n<meta property=\"og:site_name\" content=\"EDI Service Partners\" \/>\n<meta property=\"article:publisher\" content=\"https:\/\/www.facebook.com\/ediservicepartners\" \/>\n<meta property=\"article:modified_time\" content=\"2025-10-24T13:51:05+00:00\" \/>\n<meta property=\"og:image\" content=\"https:\/\/edi-service.partners\/wp-content\/uploads\/Logistik-1024x563.jpg\" \/>\n\t<meta property=\"og:image:width\" content=\"1024\" \/>\n\t<meta property=\"og:image:height\" content=\"563\" \/>\n\t<meta property=\"og:image:type\" content=\"image\/jpeg\" \/>\n<meta name=\"twitter:card\" content=\"summary_large_image\" \/>\n<meta name=\"twitter:label1\" content=\"Tempo di lettura stimato\" \/>\n\t<meta name=\"twitter:data1\" content=\"2 minuti\" \/>\n<script type=\"application\/ld+json\" class=\"yoast-schema-graph\">{\"@context\":\"https:\\\/\\\/schema.org\",\"@graph\":[{\"@type\":\"WebPage\",\"@id\":\"https:\\\/\\\/edi-service.partners\\\/it\\\/edi-service-nella-logistica\\\/\",\"url\":\"https:\\\/\\\/edi-service.partners\\\/it\\\/edi-service-nella-logistica\\\/\",\"name\":\"EDI Service nella logistica - EDI Service Partners\",\"isPartOf\":{\"@id\":\"https:\\\/\\\/edi-service.partners\\\/it\\\/#website\"},\"primaryImageOfPage\":{\"@id\":\"https:\\\/\\\/edi-service.partners\\\/it\\\/edi-service-nella-logistica\\\/#primaryimage\"},\"image\":{\"@id\":\"https:\\\/\\\/edi-service.partners\\\/it\\\/edi-service-nella-logistica\\\/#primaryimage\"},\"thumbnailUrl\":\"https:\\\/\\\/edi-service.partners\\\/wp-content\\\/uploads\\\/Logistik.jpg\",\"datePublished\":\"2023-06-13T08:37:05+00:00\",\"dateModified\":\"2025-10-24T13:51:05+00:00\",\"description\":\"I EDI Service nella logistica consentono una comunicazione standardizzata e fluida lungo l'intera catena di fornitura.\",\"breadcrumb\":{\"@id\":\"https:\\\/\\\/edi-service.partners\\\/it\\\/edi-service-nella-logistica\\\/#breadcrumb\"},\"inLanguage\":\"it-IT\",\"potentialAction\":[{\"@type\":\"ReadAction\",\"target\":[\"https:\\\/\\\/edi-service.partners\\\/it\\\/edi-service-nella-logistica\\\/\"]}]},{\"@type\":\"ImageObject\",\"inLanguage\":\"it-IT\",\"@id\":\"https:\\\/\\\/edi-service.partners\\\/it\\\/edi-service-nella-logistica\\\/#primaryimage\",\"url\":\"https:\\\/\\\/edi-service.partners\\\/wp-content\\\/uploads\\\/Logistik.jpg\",\"contentUrl\":\"https:\\\/\\\/edi-service.partners\\\/wp-content\\\/uploads\\\/Logistik.jpg\",\"width\":2335,\"height\":1284,\"caption\":\"Logistik EDI\"},{\"@type\":\"BreadcrumbList\",\"@id\":\"https:\\\/\\\/edi-service.partners\\\/it\\\/edi-service-nella-logistica\\\/#breadcrumb\",\"itemListElement\":[{\"@type\":\"ListItem\",\"position\":1,\"name\":\"Startseite\",\"item\":\"https:\\\/\\\/edi-service.partners\\\/it\\\/\"},{\"@type\":\"ListItem\",\"position\":2,\"name\":\"EDI Service nella logistica\"}]},{\"@type\":\"WebSite\",\"@id\":\"https:\\\/\\\/edi-service.partners\\\/it\\\/#website\",\"url\":\"https:\\\/\\\/edi-service.partners\\\/it\\\/\",\"name\":\"EDI Service Partners\",\"description\":\"Ihre Partner f\u00fcr EDI-L\u00f6sungen\",\"publisher\":{\"@id\":\"https:\\\/\\\/edi-service.partners\\\/it\\\/#organization\"},\"potentialAction\":[{\"@type\":\"SearchAction\",\"target\":{\"@type\":\"EntryPoint\",\"urlTemplate\":\"https:\\\/\\\/edi-service.partners\\\/it\\\/?s={search_term_string}\"},\"query-input\":{\"@type\":\"PropertyValueSpecification\",\"valueRequired\":true,\"valueName\":\"search_term_string\"}}],\"inLanguage\":\"it-IT\"},{\"@type\":\"Organization\",\"@id\":\"https:\\\/\\\/edi-service.partners\\\/it\\\/#organization\",\"name\":\"Avenum Technologie GmbH und Avedium Technologie GmbH\",\"url\":\"https:\\\/\\\/edi-service.partners\\\/it\\\/\",\"logo\":{\"@type\":\"ImageObject\",\"inLanguage\":\"it-IT\",\"@id\":\"https:\\\/\\\/edi-service.partners\\\/it\\\/#\\\/schema\\\/logo\\\/image\\\/\",\"url\":\"https:\\\/\\\/edi-service.partners\\\/wp-content\\\/uploads\\\/2023\\\/05\\\/edi-service.png\",\"contentUrl\":\"https:\\\/\\\/edi-service.partners\\\/wp-content\\\/uploads\\\/2023\\\/05\\\/edi-service.png\",\"width\":1580,\"height\":250,\"caption\":\"Avenum Technologie GmbH und Avedium Technologie GmbH\"},\"image\":{\"@id\":\"https:\\\/\\\/edi-service.partners\\\/it\\\/#\\\/schema\\\/logo\\\/image\\\/\"},\"sameAs\":[\"https:\\\/\\\/www.facebook.com\\\/ediservicepartners\",\"https:\\\/\\\/www.linkedin.com\\\/company\\\/ediservice\"]}]}<\/script>\n<!-- \/ Yoast SEO plugin. -->","yoast_head_json":{"title":"EDI Service nella logistica - EDI Service Partners","description":"I EDI Service nella logistica consentono una comunicazione standardizzata e fluida lungo l'intera catena di fornitura.","robots":{"index":"index","follow":"follow","max-snippet":"max-snippet:-1","max-image-preview":"max-image-preview:large","max-video-preview":"max-video-preview:-1"},"canonical":"https:\/\/edi-service.partners\/it\/edi-service-nella-logistica\/","og_locale":"it_IT","og_type":"article","og_title":"EDI Service nella logistica - EDI Service Partners","og_description":"I EDI Service nella logistica consentono una comunicazione standardizzata e fluida lungo l'intera catena di fornitura.","og_url":"https:\/\/edi-service.partners\/it\/edi-service-nella-logistica\/","og_site_name":"EDI Service Partners","article_publisher":"https:\/\/www.facebook.com\/ediservicepartners","article_modified_time":"2025-10-24T13:51:05+00:00","og_image":[{"width":1024,"height":563,"url":"https:\/\/edi-service.partners\/wp-content\/uploads\/Logistik-1024x563.jpg","type":"image\/jpeg"}],"twitter_card":"summary_large_image","twitter_misc":{"Tempo di lettura stimato":"2 minuti"},"schema":{"@context":"https:\/\/schema.org","@graph":[{"@type":"WebPage","@id":"https:\/\/edi-service.partners\/it\/edi-service-nella-logistica\/","url":"https:\/\/edi-service.partners\/it\/edi-service-nella-logistica\/","name":"EDI Service nella logistica - EDI Service Partners","isPartOf":{"@id":"https:\/\/edi-service.partners\/it\/#website"},"primaryImageOfPage":{"@id":"https:\/\/edi-service.partners\/it\/edi-service-nella-logistica\/#primaryimage"},"image":{"@id":"https:\/\/edi-service.partners\/it\/edi-service-nella-logistica\/#primaryimage"},"thumbnailUrl":"https:\/\/edi-service.partners\/wp-content\/uploads\/Logistik.jpg","datePublished":"2023-06-13T08:37:05+00:00","dateModified":"2025-10-24T13:51:05+00:00","description":"I EDI Service nella logistica consentono una comunicazione standardizzata e fluida lungo l'intera catena di fornitura.","breadcrumb":{"@id":"https:\/\/edi-service.partners\/it\/edi-service-nella-logistica\/#breadcrumb"},"inLanguage":"it-IT","potentialAction":[{"@type":"ReadAction","target":["https:\/\/edi-service.partners\/it\/edi-service-nella-logistica\/"]}]},{"@type":"ImageObject","inLanguage":"it-IT","@id":"https:\/\/edi-service.partners\/it\/edi-service-nella-logistica\/#primaryimage","url":"https:\/\/edi-service.partners\/wp-content\/uploads\/Logistik.jpg","contentUrl":"https:\/\/edi-service.partners\/wp-content\/uploads\/Logistik.jpg","width":2335,"height":1284,"caption":"Logistik EDI"},{"@type":"BreadcrumbList","@id":"https:\/\/edi-service.partners\/it\/edi-service-nella-logistica\/#breadcrumb","itemListElement":[{"@type":"ListItem","position":1,"name":"Startseite","item":"https:\/\/edi-service.partners\/it\/"},{"@type":"ListItem","position":2,"name":"EDI Service nella logistica"}]},{"@type":"WebSite","@id":"https:\/\/edi-service.partners\/it\/#website","url":"https:\/\/edi-service.partners\/it\/","name":"EDI Service Partners","description":"Ihre Partner f\u00fcr EDI-L\u00f6sungen","publisher":{"@id":"https:\/\/edi-service.partners\/it\/#organization"},"potentialAction":[{"@type":"SearchAction","target":{"@type":"EntryPoint","urlTemplate":"https:\/\/edi-service.partners\/it\/?s={search_term_string}"},"query-input":{"@type":"PropertyValueSpecification","valueRequired":true,"valueName":"search_term_string"}}],"inLanguage":"it-IT"},{"@type":"Organization","@id":"https:\/\/edi-service.partners\/it\/#organization","name":"Avenum Technologie GmbH und Avedium Technologie GmbH","url":"https:\/\/edi-service.partners\/it\/","logo":{"@type":"ImageObject","inLanguage":"it-IT","@id":"https:\/\/edi-service.partners\/it\/#\/schema\/logo\/image\/","url":"https:\/\/edi-service.partners\/wp-content\/uploads\/2023\/05\/edi-service.png","contentUrl":"https:\/\/edi-service.partners\/wp-content\/uploads\/2023\/05\/edi-service.png","width":1580,"height":250,"caption":"Avenum Technologie GmbH und Avedium Technologie GmbH"},"image":{"@id":"https:\/\/edi-service.partners\/it\/#\/schema\/logo\/image\/"},"sameAs":["https:\/\/www.facebook.com\/ediservicepartners","https:\/\/www.linkedin.com\/company\/ediservice"]}]}},"_links":{"self":[{"href":"https:\/\/edi-service.partners\/it\/wp-json\/wp\/v2\/pages\/4915","targetHints":{"allow":["GET"]}}],"collection":[{"href":"https:\/\/edi-service.partners\/it\/wp-json\/wp\/v2\/pages"}],"about":[{"href":"https:\/\/edi-service.partners\/it\/wp-json\/wp\/v2\/types\/page"}],"author":[{"embeddable":true,"href":"https:\/\/edi-service.partners\/it\/wp-json\/wp\/v2\/users\/3"}],"replies":[{"embeddable":true,"href":"https:\/\/edi-service.partners\/it\/wp-json\/wp\/v2\/comments?post=4915"}],"version-history":[{"count":2,"href":"https:\/\/edi-service.partners\/it\/wp-json\/wp\/v2\/pages\/4915\/revisions"}],"predecessor-version":[{"id":6381,"href":"https:\/\/edi-service.partners\/it\/wp-json\/wp\/v2\/pages\/4915\/revisions\/6381"}],"wp:featuredmedia":[{"embeddable":true,"href":"https:\/\/edi-service.partners\/it\/wp-json\/wp\/v2\/media\/4918"}],"wp:attachment":[{"href":"https:\/\/edi-service.partners\/it\/wp-json\/wp\/v2\/media?parent=4915"}],"wp:term":[{"taxonomy":"folder","embeddable":true,"href":"https:\/\/edi-service.partners\/it\/wp-json\/wp\/v2\/folder?post=4915"}],"curies":[{"name":"wp","href":"https:\/\/api.w.org\/{rel}","templated":true}]}}