{"id":5061,"date":"2025-03-13T16:30:03","date_gmt":"2025-03-13T14:30:03","guid":{"rendered":"https:\/\/edi-service.partners\/oftp2\/"},"modified":"2026-03-05T14:04:00","modified_gmt":"2026-03-05T12:04:00","slug":"oftp2","status":"publish","type":"page","link":"https:\/\/edi-service.partners\/it\/oftp2\/","title":{"rendered":"OFTP2"},"content":{"rendered":"\n<h3 class=\"wp-block-heading has-small-plus-font-size\">Panoramica<\/h3>\n\n<p>OFTP2 (Odette File Transfer Protocol 2) \u00e8 un protocollo di comunicazione sicuro per lo scambio di dati nell&#8217;industria automobilistica e in altri settori, basato su TCP\/IP. Consente lo scambio sicuro e affidabile di dati aziendali, in particolare sotto forma di grandi file, utilizzando meccanismi di sicurezza avanzati. OFTP2 \u00e8 progettato specificamente per soddisfare i requisiti di velocit\u00e0, sicurezza e integrit\u00e0 del trasferimento dei dati nell&#8217;industria.  <\/p>\n\n<h3 class=\"wp-block-heading has-small-plus-font-size\">Le caratteristiche principali di OFTP2 includono:<\/h3>\n\n<ul class=\"wp-block-list\">\n<li><strong>Trasferimento sicuro di grandi file:<\/strong> Consente lo scambio di grandi dati aziendali strutturati (ad esempio, VDA, XML, EDI, CSV) tramite Internet.<\/li>\n\n\n\n<li><strong>Autenticazione basata su certificati:<\/strong> Utilizza certificati privati e pubblici per garantire l&#8217;identit\u00e0 dei partecipanti.<\/li>\n\n\n\n<li><strong>Crittografia:<\/strong> Tutti i dati trasmessi sono protetti tramite tecniche di crittografia avanzate (ad esempio, AES).<\/li>\n\n\n\n<li><strong>Consegna affidabile e tempestiva:<\/strong> OFTP2 supporta il trasferimento rapido e affidabile dei dati senza ritardi, anche in caso di interruzione della connessione. Se si verifica un errore, il trasferimento viene ripetuto automaticamente. <\/li>\n\n\n\n<li><strong>Conferma in tempo reale:<\/strong> Mittente e destinatario ricevono conferme immediate sullo stato dei dati trasmessi (Successo\/Fallimento), garantendo che i dati siano stati ricevuti correttamente.<\/li>\n<\/ul>\n\n<h3 class=\"wp-block-heading has-small-plus-font-size\">OFTP2 Parametersheet<\/h3>\n\n<figure class=\"wp-block-table\"><table><tbody><tr><td>Service<\/td><td>Customer Service Center: Austria <strong>\/<\/strong> Germania<br\/>Phone: +43 192101 -100 <strong>\/<\/strong> +49 800 283 68 61<br\/>E-Mail: <strong><a href=\"mailto:support@avenum.com\">support@avenum.com<\/a><\/strong> <strong>\/<\/strong> <strong><a href=\"mailto:hotline@avedium.com\">hotline@avedium.com<\/a><\/strong><\/td><\/tr><tr><td>SSID (Start Session ID)<\/td><td>O01770000000000X0L4000000<\/td><\/tr><tr><td>SFID (Start File ID)<\/td><td>Questa viene assegnata individualmente per i partner OFTP2 e comunicata via email.<\/td><\/tr><tr><td>OFTP2 w\/ TLS\/SSL<\/td><td>oftp2.avenum.com <br\/>194.11.171.37 <br\/>Port:6619<\/td><\/tr><tr><td>ISDN<\/td><td>0043192101293<\/td><\/tr><tr><td>Transmissioncode<\/td><td>EBDIC \/ ASCII<\/td><\/tr><tr><td>Record length<\/td><td>Fixed (VDA 128) \/ Unstructured<\/td><\/tr><\/tbody><\/table><\/figure>\n\n<h3 class=\"wp-block-heading has-small-plus-font-size\">Certificati e chiave pubblica<\/h3>\n\n<p>\u200bStandard OFTP2-Zertifikat: <a href=\"https:\/\/edi-service.partners\/wp-content\/uploads\/OFTP2_Avenum.zip\">OFTP2<\/a><\/p>\n\n<div class=\"wp-block-lemmony-companion-accordion is-open\"><div class=\"lemmony-accordion-container\"><h2 class=\"lemmony-accordion-title\">Haupt-Datei Textform<\/h2><div class=\"lemmony-accordion-content\">\n<div style=\"font-family: Verdana, sans-serif; font-size: 20px; position: relative;\">\n\n  <!-- Button oben rechts -->\n  <button onclick=\"copyCertificate()\" style=\"position: absolute; top: 0; right: 0; font-family: Verdana, sans-serif; font-size: 16px; padding: 6px 12px; cursor: pointer;\">\n \ud83d\udccb Copiare\n  <\/button>\n\n  <!-- Zertifikatstext -->\n  <pre id=\"certificate\" style=\"font-family: Verdana, sans-serif; font-size: 20px; white-space: pre-wrap; word-break: break-word; margin-top: 40px;\">\n-----BEGIN CERTIFICATE-----\nMIIGOjCCBCKgAwIBAgITOAAACGa4q48Yb0H6+QAAAAAIZjANBgkqhkiG9w0BAQ0F\nADBNMQswCQYDVQQGEwJHQjEiMCAGA1UEChMZT0RFVFRFIEludGVybmF0aW9uYWwg\nTHRkLjEaMBgGA1UEAxMRT0RFVFRFIElzc3VpbmcgRzMwHhcNMjQwMzE0MTEyOTIw\nWhcNMjgwNTI5MDkwNTAxWjCBmzEiMCAGA1UEBRMZTzAxNzcwMDAwMDAwMDAwWDBM\nNDAwMDAwMDELMAkGA1UEBhMCQVQxDTALBgNVBAcTBFdpZW4xGzAZBgNVBAoTEkF2\nZW51bSBUZWNobm9sb2dpZTEZMBcGA1UEAxMQb2Z0cDIuYXZlbnVtLmNvbTEhMB8G\nCSqGSIb3DQEJARYSc3VwcG9ydEBhdmVudW0uY29tMIIBIjANBgkqhkiG9w0BAQEF\nAAOCAQ8AMIIBCgKCAQEA8eGPQpURwuEJouPbH1mu9i2gpUMUQj2LL0wveLemnFyY\nAbuceuJS8VuEQ1s7BG9VdZ+fbkxzVRrIjcWpwLc39AKQudyl2I0e1CZyLUdtqT9n\nu2CV7\/aQZlAdzb3z6nl2fab2oRtRK9wt0K7zlpnf8BU87zzwrYpZDjYjrM9SlKTg\nSkxADKJiU5Lo3EWE+4x9KJ+PCXbFatJyHafr8+Y33sq4cSqlnbPSm0D4yVvulx9R\nDxMtP3GsPpMX3eG5JwTTZVqkGXFkTLxWXKywAaadjLXGp8SePipVHlxW5HR5AIdq\nj417dxg131DUQIxVtP2cnWylh4WQCscO47fOkGtdgQIDAQABo4IBwjCCAb4wUQYD\nVR0RBEowSIESc3VwcG9ydEBhdmVudW0uY29tghBvZnRwMi5hdmVudW0uY29thiBv\nZnRwOi8vTzAxNzcwMDAwMDAwMDAwWDBMNDAwMDAwMDAdBgNVHQ4EFgQUUcV0XWf2\n0ym8vEuP\/3u5fMXBlWUwHwYDVR0jBBgwFoAUzFI3ONxrffLlk6qWYGRG43nJBzUw\nVwYDVR0fBFAwTjBMoEqgSIZGaHR0cDovL3JlcG9zaXRvcnkub2RldHRlc2VjdXJl\nLmNvbS9vZGV0dGVpc3N1aW5nZzMvb2RldHRlaXNzdWluZ2czLmNybDBiBggrBgEF\nBQcBAQRWMFQwUgYIKwYBBQUHMAKGRmh0dHA6Ly9yZXBvc2l0b3J5Lm9kZXR0ZXNl\nY3VyZS5jb20vb2RldHRlaXNzdWluZ2czL29kZXR0ZWlzc3VpbmdnMy5jcnQwDgYD\nVR0PAQH\/BAQDAgSwMCcGA1UdJQQgMB4GCCsGAQUFBwMCBggrBgEFBQcDAQYIKwYB\nBQUHAwQwMwYJKwYBBAGCNxUKBCYwJDAKBggrBgEFBQcDAjAKBggrBgEFBQcDATAK\nBggrBgEFBQcDBDANBgkqhkiG9w0BAQ0FAAOCAgEAaREe1n1bJYHHP1hNJdZj7hvA\noxr8k9cgUdKVFVBAv6Nzk6bZ4+t+7jMizOnQiNjWhImLQZLhe0UDenP3xqK\/xbXj\nqMpaQdVwjHNfQX8EuUY+gjj4SmGfDqTLlGCpbeIARf+9jNCcGGCbtg2NO1CsHWY0\nUquH44DzBT1u7CcBCG7Ue8r8ILBVgRXFfTuhkoJ04tYBg4rG31aC3yGxge2apncx\ntrTiOgz8zERsMm73DItdahIXu10ql+BBrM6P9WX9tVLMnOLXWIyEAxWNyOASSWQV\nTM39hX6x9omMaUvEPH2TeuZ3KYNyL\/em6XSazN+oXRTTmSAK0DddTww983iho9TF\nMdoDuBH0BcR3a17b9Kq3hfTWNKLiOxRrLEQJOm2L0yvzFvR\/B4dcdVJ7zHIypJaI\n7KnnkCqzPQIbq1ubxrXsumWEn\/O3DTixLzHhOfxLqDS45UY7TFLrP8ZH8GX+nmOb\nKxdMliyF61UhsJ4BYAv3TOFMiwG+4XTA3Va1REq5nxN6NwR0KVjnz4V99vS7F9eT\nIVE53kg9as8GX8+Gy0vJqwViFb7a8c7c0+A8lM3xmYrjm3azY2thSGjZGQ9k571U\nFAudkfMSo+lyWPIjDH\/N\/ecFQEBC3l9c1GjHUOAo62nKEOiKArJ1vIKsESftiAOL\namPe8TeRiPQI0cE+jmk=\n-----END CERTIFICATE-----\n  <\/pre>\n<\/div>\n\n<script>\nfunction copyCertificate() {\n    const certText = document.getElementById(\"certificate\").innerText;\n    navigator.clipboard.writeText(certText).then(() => {\n        alert(\"Zertifikat wurde kopiert!\");\n    }).catch(err => {\n        alert(\"Fehler beim Kopieren: \" + err);\n    });\n}\n<\/script>\n<\/div><\/div><div class=\"lemmony-accordion-icon\"><\/div><\/div>\n","protected":false},"excerpt":{"rendered":"<p>Panoramica OFTP2 (Odette File Transfer Protocol 2) \u00e8 un protocollo di comunicazione sicuro per lo scambio di dati nell&#8217;industria automobilistica e in altri settori, basato su TCP\/IP. Consente lo scambio sicuro e affidabile di dati aziendali, in particolare sotto forma di grandi file, utilizzando meccanismi di sicurezza avanzati. OFTP2 \u00e8 progettato specificamente per soddisfare i [&hellip;]<\/p>\n","protected":false},"author":3,"featured_media":0,"parent":0,"menu_order":0,"comment_status":"closed","ping_status":"closed","template":"","meta":{"inline_featured_image":false,"slim_seo":{"title":"OFTP2 - EDI Service Partners","description":"Panoramica OFTP2 (Odette File Transfer Protocol 2) \u00e8 un protocollo di comunicazione sicuro per lo scambio di dati nell'industria automobilistica e in altri sett"},"footnotes":""},"folder":[9],"class_list":["post-5061","page","type-page","status-publish","hentry"],"yoast_head":"<!-- This site is optimized with the Yoast SEO plugin v27.4 - https:\/\/yoast.com\/product\/yoast-seo-wordpress\/ -->\n<title>OFTP2 - EDI Service Partners<\/title>\n<meta name=\"description\" content=\"OFTP2 \u00e8 un protocollo sicuro per lo scambio efficiente e affidabile di dati aziendali con crittografia TLS\/SSL.\" \/>\n<meta name=\"robots\" content=\"index, follow, max-snippet:-1, max-image-preview:large, max-video-preview:-1\" \/>\n<link rel=\"canonical\" href=\"https:\/\/edi-service.partners\/it\/oftp2\/\" \/>\n<meta property=\"og:locale\" content=\"it_IT\" \/>\n<meta property=\"og:type\" content=\"article\" \/>\n<meta property=\"og:title\" content=\"OFTP2 - EDI Service Partners\" \/>\n<meta property=\"og:description\" content=\"OFTP2 \u00e8 un protocollo sicuro per lo scambio efficiente e affidabile di dati aziendali con crittografia TLS\/SSL.\" \/>\n<meta property=\"og:url\" content=\"https:\/\/edi-service.partners\/it\/oftp2\/\" \/>\n<meta property=\"og:site_name\" content=\"EDI Service Partners\" \/>\n<meta property=\"article:publisher\" content=\"https:\/\/www.facebook.com\/ediservicepartners\" \/>\n<meta property=\"article:modified_time\" content=\"2026-03-05T12:04:00+00:00\" \/>\n<meta name=\"twitter:card\" content=\"summary_large_image\" \/>\n<meta name=\"twitter:label1\" content=\"Tempo di lettura stimato\" \/>\n\t<meta name=\"twitter:data1\" content=\"3 minuti\" \/>\n<script type=\"application\/ld+json\" class=\"yoast-schema-graph\">{\"@context\":\"https:\\\/\\\/schema.org\",\"@graph\":[{\"@type\":\"WebPage\",\"@id\":\"https:\\\/\\\/edi-service.partners\\\/it\\\/oftp2\\\/\",\"url\":\"https:\\\/\\\/edi-service.partners\\\/it\\\/oftp2\\\/\",\"name\":\"OFTP2 - EDI Service Partners\",\"isPartOf\":{\"@id\":\"https:\\\/\\\/edi-service.partners\\\/it\\\/#website\"},\"datePublished\":\"2025-03-13T14:30:03+00:00\",\"dateModified\":\"2026-03-05T12:04:00+00:00\",\"description\":\"OFTP2 \u00e8 un protocollo sicuro per lo scambio efficiente e affidabile di dati aziendali con crittografia TLS\\\/SSL.\",\"breadcrumb\":{\"@id\":\"https:\\\/\\\/edi-service.partners\\\/it\\\/oftp2\\\/#breadcrumb\"},\"inLanguage\":\"it-IT\",\"potentialAction\":[{\"@type\":\"ReadAction\",\"target\":[\"https:\\\/\\\/edi-service.partners\\\/it\\\/oftp2\\\/\"]}]},{\"@type\":\"BreadcrumbList\",\"@id\":\"https:\\\/\\\/edi-service.partners\\\/it\\\/oftp2\\\/#breadcrumb\",\"itemListElement\":[{\"@type\":\"ListItem\",\"position\":1,\"name\":\"Startseite\",\"item\":\"https:\\\/\\\/edi-service.partners\\\/it\\\/\"},{\"@type\":\"ListItem\",\"position\":2,\"name\":\"OFTP2\"}]},{\"@type\":\"WebSite\",\"@id\":\"https:\\\/\\\/edi-service.partners\\\/it\\\/#website\",\"url\":\"https:\\\/\\\/edi-service.partners\\\/it\\\/\",\"name\":\"EDI Service Partners\",\"description\":\"Ihre Partner f\u00fcr EDI-L\u00f6sungen\",\"publisher\":{\"@id\":\"https:\\\/\\\/edi-service.partners\\\/it\\\/#organization\"},\"potentialAction\":[{\"@type\":\"SearchAction\",\"target\":{\"@type\":\"EntryPoint\",\"urlTemplate\":\"https:\\\/\\\/edi-service.partners\\\/it\\\/?s={search_term_string}\"},\"query-input\":{\"@type\":\"PropertyValueSpecification\",\"valueRequired\":true,\"valueName\":\"search_term_string\"}}],\"inLanguage\":\"it-IT\"},{\"@type\":\"Organization\",\"@id\":\"https:\\\/\\\/edi-service.partners\\\/it\\\/#organization\",\"name\":\"Avenum Technologie GmbH und Avedium Technologie GmbH\",\"url\":\"https:\\\/\\\/edi-service.partners\\\/it\\\/\",\"logo\":{\"@type\":\"ImageObject\",\"inLanguage\":\"it-IT\",\"@id\":\"https:\\\/\\\/edi-service.partners\\\/it\\\/#\\\/schema\\\/logo\\\/image\\\/\",\"url\":\"https:\\\/\\\/edi-service.partners\\\/wp-content\\\/uploads\\\/2023\\\/05\\\/edi-service.png\",\"contentUrl\":\"https:\\\/\\\/edi-service.partners\\\/wp-content\\\/uploads\\\/2023\\\/05\\\/edi-service.png\",\"width\":1580,\"height\":250,\"caption\":\"Avenum Technologie GmbH und Avedium Technologie GmbH\"},\"image\":{\"@id\":\"https:\\\/\\\/edi-service.partners\\\/it\\\/#\\\/schema\\\/logo\\\/image\\\/\"},\"sameAs\":[\"https:\\\/\\\/www.facebook.com\\\/ediservicepartners\",\"https:\\\/\\\/www.linkedin.com\\\/company\\\/ediservice\"]}]}<\/script>\n<!-- \/ Yoast SEO plugin. -->","yoast_head_json":{"title":"OFTP2 - EDI Service Partners","description":"OFTP2 \u00e8 un protocollo sicuro per lo scambio efficiente e affidabile di dati aziendali con crittografia TLS\/SSL.","robots":{"index":"index","follow":"follow","max-snippet":"max-snippet:-1","max-image-preview":"max-image-preview:large","max-video-preview":"max-video-preview:-1"},"canonical":"https:\/\/edi-service.partners\/it\/oftp2\/","og_locale":"it_IT","og_type":"article","og_title":"OFTP2 - EDI Service Partners","og_description":"OFTP2 \u00e8 un protocollo sicuro per lo scambio efficiente e affidabile di dati aziendali con crittografia TLS\/SSL.","og_url":"https:\/\/edi-service.partners\/it\/oftp2\/","og_site_name":"EDI Service Partners","article_publisher":"https:\/\/www.facebook.com\/ediservicepartners","article_modified_time":"2026-03-05T12:04:00+00:00","twitter_card":"summary_large_image","twitter_misc":{"Tempo di lettura stimato":"3 minuti"},"schema":{"@context":"https:\/\/schema.org","@graph":[{"@type":"WebPage","@id":"https:\/\/edi-service.partners\/it\/oftp2\/","url":"https:\/\/edi-service.partners\/it\/oftp2\/","name":"OFTP2 - EDI Service Partners","isPartOf":{"@id":"https:\/\/edi-service.partners\/it\/#website"},"datePublished":"2025-03-13T14:30:03+00:00","dateModified":"2026-03-05T12:04:00+00:00","description":"OFTP2 \u00e8 un protocollo sicuro per lo scambio efficiente e affidabile di dati aziendali con crittografia TLS\/SSL.","breadcrumb":{"@id":"https:\/\/edi-service.partners\/it\/oftp2\/#breadcrumb"},"inLanguage":"it-IT","potentialAction":[{"@type":"ReadAction","target":["https:\/\/edi-service.partners\/it\/oftp2\/"]}]},{"@type":"BreadcrumbList","@id":"https:\/\/edi-service.partners\/it\/oftp2\/#breadcrumb","itemListElement":[{"@type":"ListItem","position":1,"name":"Startseite","item":"https:\/\/edi-service.partners\/it\/"},{"@type":"ListItem","position":2,"name":"OFTP2"}]},{"@type":"WebSite","@id":"https:\/\/edi-service.partners\/it\/#website","url":"https:\/\/edi-service.partners\/it\/","name":"EDI Service Partners","description":"Ihre Partner f\u00fcr EDI-L\u00f6sungen","publisher":{"@id":"https:\/\/edi-service.partners\/it\/#organization"},"potentialAction":[{"@type":"SearchAction","target":{"@type":"EntryPoint","urlTemplate":"https:\/\/edi-service.partners\/it\/?s={search_term_string}"},"query-input":{"@type":"PropertyValueSpecification","valueRequired":true,"valueName":"search_term_string"}}],"inLanguage":"it-IT"},{"@type":"Organization","@id":"https:\/\/edi-service.partners\/it\/#organization","name":"Avenum Technologie GmbH und Avedium Technologie GmbH","url":"https:\/\/edi-service.partners\/it\/","logo":{"@type":"ImageObject","inLanguage":"it-IT","@id":"https:\/\/edi-service.partners\/it\/#\/schema\/logo\/image\/","url":"https:\/\/edi-service.partners\/wp-content\/uploads\/2023\/05\/edi-service.png","contentUrl":"https:\/\/edi-service.partners\/wp-content\/uploads\/2023\/05\/edi-service.png","width":1580,"height":250,"caption":"Avenum Technologie GmbH und Avedium Technologie GmbH"},"image":{"@id":"https:\/\/edi-service.partners\/it\/#\/schema\/logo\/image\/"},"sameAs":["https:\/\/www.facebook.com\/ediservicepartners","https:\/\/www.linkedin.com\/company\/ediservice"]}]}},"_links":{"self":[{"href":"https:\/\/edi-service.partners\/it\/wp-json\/wp\/v2\/pages\/5061","targetHints":{"allow":["GET"]}}],"collection":[{"href":"https:\/\/edi-service.partners\/it\/wp-json\/wp\/v2\/pages"}],"about":[{"href":"https:\/\/edi-service.partners\/it\/wp-json\/wp\/v2\/types\/page"}],"author":[{"embeddable":true,"href":"https:\/\/edi-service.partners\/it\/wp-json\/wp\/v2\/users\/3"}],"replies":[{"embeddable":true,"href":"https:\/\/edi-service.partners\/it\/wp-json\/wp\/v2\/comments?post=5061"}],"version-history":[{"count":5,"href":"https:\/\/edi-service.partners\/it\/wp-json\/wp\/v2\/pages\/5061\/revisions"}],"predecessor-version":[{"id":6750,"href":"https:\/\/edi-service.partners\/it\/wp-json\/wp\/v2\/pages\/5061\/revisions\/6750"}],"wp:attachment":[{"href":"https:\/\/edi-service.partners\/it\/wp-json\/wp\/v2\/media?parent=5061"}],"wp:term":[{"taxonomy":"folder","embeddable":true,"href":"https:\/\/edi-service.partners\/it\/wp-json\/wp\/v2\/folder?post=5061"}],"curies":[{"name":"wp","href":"https:\/\/api.w.org\/{rel}","templated":true}]}}